{"id":9218,"date":"2024-02-18T13:14:05","date_gmt":"2024-02-18T13:14:05","guid":{"rendered":"https:\/\/elouedshop.com\/?post_type=product&#038;p=9218"},"modified":"2025-01-20T00:41:03","modified_gmt":"2025-01-20T00:41:03","slug":"japprends-mes-premiers-mots-les-fruits","status":"publish","type":"product","link":"https:\/\/elouedshop.com\/?product=japprends-mes-premiers-mots-les-fruits","title":{"rendered":"J&rsquo;apprends mes premiers mots : Les fruits"},"content":{"rendered":"<table border=\"0\" width=\"100%\" cellspacing=\"0\" cellpadding=\"0\">\n<tbody>\n<tr>\n<td align=\"left\"><span style=\"font-family: Verdana, Arial; font-size: small;\"><b>Type de produit :<\/b>\u00a0Livre<br \/>\n<\/span><\/td>\n<\/tr>\n<tr>\n<td align=\"left\"><span style=\"font-family: Verdana, Arial; font-size: small;\"><b>Nombre de pages :<\/b>\u00a040<br \/>\n<\/span><\/td>\n<\/tr>\n<tr>\n<td align=\"left\"><span style=\"font-family: Verdana, Arial; font-size: small;\"><b>Mod\u00e8le &#8211; Format :<\/b>\u00a015 x 15 cm<br \/>\n<\/span><\/td>\n<\/tr>\n<tr>\n<td align=\"left\"><span style=\"font-family: Verdana, Arial; font-size: small;\"><b>Editeur :<\/b>\u00a0Athariya Kids<br \/>\n<\/span><\/td>\n<\/tr>\n<tr>\n<td align=\"left\"><span style=\"font-family: Verdana, Arial; font-size: small;\"><b>Langue :<\/b>\u00a0arabe &#8211; fran\u00e7ais &#8211; phon\u00e9tique<br \/>\n<\/span><\/td>\n<\/tr>\n<tr>\n<td align=\"left\"><span style=\"font-family: Verdana, Arial; font-size: small;\"><b>ISBN\/EAN :<\/b>\u00a05430000251105<\/span><\/td>\n<\/tr>\n<\/tbody>\n<\/table>\n","protected":false},"excerpt":{"rendered":"<p>Un livre de 40 pages pour les tout-petits afin de les initier \u00e0 l\u2019apprentissage des premiers mots en arabe et en fran\u00e7ais. A travers cet imagier, votre enfant va tout simplement prendre conscience qu\u2019il existe un lien entre un mot et son illustration.<\/p>\n<p>Votre enfant sera ainsi capable de :<\/p>\n<ul>\n<li>Reconnaitre les l\u00e9gumes<\/li>\n<li>Apprendre le vocabulaire<\/li>\n<li>Associer le mot et le fruit<\/li>\n<\/ul>\n<p>Optimis\u00e9 pour les enfants de 2-6 ans, cet imagier est accompagn\u00e9 de jeux, de coloriages et de questions en fin de livre afin d\u2019\u00e9valuer votre enfant et vous assurer qu\u2019il a bien retenu les mots associ\u00e9s aux animaux, aussi bien en arabe qu\u2019en fran\u00e7ais !<\/p>\n<p>Elabor\u00e9 avec le conseil de grands savants et l\u2019avis de professionnels de l\u2019enfance : p\u00e9dagogie, illustration et vocabulaire.<\/p>\n<p>Gr\u00e2ce \u00e0 cet imagier richement illustr\u00e9, l\u2019apprentissage et la lecture des mots en arabe et en fran\u00e7ais sera un plaisir pour vos enfants de 2 \u00e0 6 ans.<\/p>\n","protected":false},"featured_media":9220,"template":"","meta":[],"product_brand":[],"product_cat":[39,24,171,183,21],"product_tag":[],"class_list":{"0":"post-9218","1":"product","2":"type-product","3":"status-publish","4":"has-post-thumbnail","6":"product_cat-bebe-3ans","7":"product_cat-enfants","8":"product_cat-imagiers","9":"product_cat-langues-arabe-anglais","10":"product_cat-livre","11":"description-off","13":"first","14":"instock","15":"shipping-taxable","16":"purchasable","17":"product-type-simple"},"jetpack_sharing_enabled":true,"_links":{"self":[{"href":"https:\/\/elouedshop.com\/index.php?rest_route=\/wp\/v2\/product\/9218","targetHints":{"allow":["GET"]}}],"collection":[{"href":"https:\/\/elouedshop.com\/index.php?rest_route=\/wp\/v2\/product"}],"about":[{"href":"https:\/\/elouedshop.com\/index.php?rest_route=\/wp\/v2\/types\/product"}],"wp:featuredmedia":[{"embeddable":true,"href":"https:\/\/elouedshop.com\/index.php?rest_route=\/wp\/v2\/media\/9220"}],"wp:attachment":[{"href":"https:\/\/elouedshop.com\/index.php?rest_route=%2Fwp%2Fv2%2Fmedia&parent=9218"}],"wp:term":[{"taxonomy":"product_brand","embeddable":true,"href":"https:\/\/elouedshop.com\/index.php?rest_route=%2Fwp%2Fv2%2Fproduct_brand&post=9218"},{"taxonomy":"product_cat","embeddable":true,"href":"https:\/\/elouedshop.com\/index.php?rest_route=%2Fwp%2Fv2%2Fproduct_cat&post=9218"},{"taxonomy":"product_tag","embeddable":true,"href":"https:\/\/elouedshop.com\/index.php?rest_route=%2Fwp%2Fv2%2Fproduct_tag&post=9218"}],"curies":[{"name":"wp","href":"https:\/\/api.w.org\/{rel}","templated":true}]}}