{"id":9050,"date":"2024-02-12T00:13:45","date_gmt":"2024-02-12T00:13:45","guid":{"rendered":"https:\/\/elouedshop.com\/?post_type=product&#038;p=9050"},"modified":"2024-02-12T00:13:46","modified_gmt":"2024-02-12T00:13:46","slug":"mes-activites-du-week-end-avec-oummi-abi","status":"publish","type":"product","link":"https:\/\/elouedshop.com\/?product=mes-activites-du-week-end-avec-oummi-abi","title":{"rendered":"Mes activit\u00e9s du week-end avec Oummi &#038; Abi"},"content":{"rendered":"<table class=\"ce-product-features\">\n<tbody>\n<tr class=\"ce-product-features__row\">\n<th class=\"ce-product-features__label\">Ann\u00e9e<\/th>\n<td class=\"ce-product-features__value\">2022<\/td>\n<\/tr>\n<tr class=\"ce-product-features__row\">\n<th class=\"ce-product-features__label\">Couverture<\/th>\n<td class=\"ce-product-features__value\">Souple<\/td>\n<\/tr>\n<tr class=\"ce-product-features__row\">\n<th class=\"ce-product-features__label\">ISBN<\/th>\n<td class=\"ce-product-features__value\">9782875452382<\/td>\n<\/tr>\n<tr class=\"ce-product-features__row\">\n<th class=\"ce-product-features__label\">Nb. Pages<\/th>\n<td class=\"ce-product-features__value\">80<\/td>\n<\/tr>\n<tr class=\"ce-product-features__row\">\n<th class=\"ce-product-features__label\">Langue<\/th>\n<td class=\"ce-product-features__value\">fran\u00e7aise<\/td>\n<\/tr>\n<\/tbody>\n<\/table>\n","protected":false},"excerpt":{"rendered":"<p>Nous avons con\u00e7u ce carnet dans le but d\u2019allier l\u2019apprentissage et l\u2019amusement mais aussi afin de diversifier vos week-ends !<\/p>\n<p>En effet, l\u2019enfant y trouvera diverses activit\u00e9s \u00e0 faire en compagnie d\u2019Oummi et Abi.<\/p>\n<p>Chers parents, n\u2019h\u00e9sitez donc pas \u00e0 l\u2019accompagner.<\/p>\n<p>Ainsi, vous liez l\u2019utile \u00e0 l\u2019agr\u00e9able, vous partagez un moment de qualit\u00e9 et apprenez ensemble \u00e0 sortir de votre routine<\/p>\n","protected":false},"featured_media":9053,"template":"","meta":[],"product_brand":[],"product_cat":[24,21],"product_tag":[],"class_list":{"0":"post-9050","1":"product","2":"type-product","3":"status-publish","4":"has-post-thumbnail","6":"product_cat-enfants","7":"product_cat-livre","8":"description-off","10":"first","11":"instock","12":"shipping-taxable","13":"purchasable","14":"product-type-simple"},"jetpack_sharing_enabled":true,"_links":{"self":[{"href":"https:\/\/elouedshop.com\/index.php?rest_route=\/wp\/v2\/product\/9050","targetHints":{"allow":["GET"]}}],"collection":[{"href":"https:\/\/elouedshop.com\/index.php?rest_route=\/wp\/v2\/product"}],"about":[{"href":"https:\/\/elouedshop.com\/index.php?rest_route=\/wp\/v2\/types\/product"}],"wp:featuredmedia":[{"embeddable":true,"href":"https:\/\/elouedshop.com\/index.php?rest_route=\/wp\/v2\/media\/9053"}],"wp:attachment":[{"href":"https:\/\/elouedshop.com\/index.php?rest_route=%2Fwp%2Fv2%2Fmedia&parent=9050"}],"wp:term":[{"taxonomy":"product_brand","embeddable":true,"href":"https:\/\/elouedshop.com\/index.php?rest_route=%2Fwp%2Fv2%2Fproduct_brand&post=9050"},{"taxonomy":"product_cat","embeddable":true,"href":"https:\/\/elouedshop.com\/index.php?rest_route=%2Fwp%2Fv2%2Fproduct_cat&post=9050"},{"taxonomy":"product_tag","embeddable":true,"href":"https:\/\/elouedshop.com\/index.php?rest_route=%2Fwp%2Fv2%2Fproduct_tag&post=9050"}],"curies":[{"name":"wp","href":"https:\/\/api.w.org\/{rel}","templated":true}]}}