{"id":9015,"date":"2024-02-10T21:41:00","date_gmt":"2024-02-10T21:41:00","guid":{"rendered":"https:\/\/elouedshop.com\/?post_type=product&#038;p=9015"},"modified":"2024-02-10T21:41:00","modified_gmt":"2024-02-10T21:41:00","slug":"dialogues-musulman-chretien-hasan-baagil","status":"publish","type":"product","link":"https:\/\/elouedshop.com\/?product=dialogues-musulman-chretien-hasan-baagil","title":{"rendered":"Dialogues musulman chr\u00e9tien &#8211; Hasan Baagil"},"content":{"rendered":"<table class=\"ce-product-features\">\n<tbody>\n<tr class=\"ce-product-features__row\">\n<th class=\"ce-product-features__label\">Ann\u00e9e<\/th>\n<td class=\"ce-product-features__value\">2006<\/td>\n<\/tr>\n<tr class=\"ce-product-features__row\">\n<th class=\"ce-product-features__label\">ISBN<\/th>\n<td class=\"ce-product-features__value\">9782930395272<\/td>\n<\/tr>\n<tr class=\"ce-product-features__row\">\n<th class=\"ce-product-features__label\">Nb. Pages<\/th>\n<td class=\"ce-product-features__value\">159<\/td>\n<\/tr>\n<tr class=\"ce-product-features__row\">\n<th class=\"ce-product-features__label\">Langue<\/th>\n<td class=\"ce-product-features__value\">fran\u00e7aise<\/td>\n<\/tr>\n<tr class=\"ce-product-features__row\">\n<th class=\"ce-product-features__label\">Auteur<\/th>\n<td class=\"ce-product-features__value\">Hasan M. Baagil<\/td>\n<\/tr>\n<\/tbody>\n<\/table>\n","protected":false},"excerpt":{"rendered":"<p>Toute personne qui s&rsquo;int\u00e9resse \u00e0 la religion comparative trouvera dans ce livre nombre d&rsquo;\u00e9l\u00e9ments surprenants qui remettront en question ce que beaucoup consid\u00e9raient jusqu&rsquo;alors comme v\u00e9rit\u00e9s absolues.<\/p>\n<p>Cet ouvrage du dr Hasan M. Baagil refl\u00e8te les efforts rigoureux et assidus qu&rsquo;il a mis en \u0153uvre afin de pr\u00e9senter ses conclusions de fa\u00e7on claire, concise, objective et approfondie. Il l&rsquo;a d&rsquo;ailleurs \u00e9crit \u00e0 la suite de discussions et d\u00e9bats qu&rsquo;il a eus avec des membres du clerg\u00e9 ainsi que des la\u00efques.<\/p>\n","protected":false},"featured_media":9016,"template":"","meta":[],"product_brand":[],"product_cat":[21,209],"product_tag":[],"class_list":{"0":"post-9015","1":"product","2":"type-product","3":"status-publish","4":"has-post-thumbnail","6":"product_cat-livre","7":"product_cat-religions-du-livre","8":"description-off","10":"first","11":"instock","12":"shipping-taxable","13":"purchasable","14":"product-type-simple"},"jetpack_sharing_enabled":true,"_links":{"self":[{"href":"https:\/\/elouedshop.com\/index.php?rest_route=\/wp\/v2\/product\/9015","targetHints":{"allow":["GET"]}}],"collection":[{"href":"https:\/\/elouedshop.com\/index.php?rest_route=\/wp\/v2\/product"}],"about":[{"href":"https:\/\/elouedshop.com\/index.php?rest_route=\/wp\/v2\/types\/product"}],"wp:featuredmedia":[{"embeddable":true,"href":"https:\/\/elouedshop.com\/index.php?rest_route=\/wp\/v2\/media\/9016"}],"wp:attachment":[{"href":"https:\/\/elouedshop.com\/index.php?rest_route=%2Fwp%2Fv2%2Fmedia&parent=9015"}],"wp:term":[{"taxonomy":"product_brand","embeddable":true,"href":"https:\/\/elouedshop.com\/index.php?rest_route=%2Fwp%2Fv2%2Fproduct_brand&post=9015"},{"taxonomy":"product_cat","embeddable":true,"href":"https:\/\/elouedshop.com\/index.php?rest_route=%2Fwp%2Fv2%2Fproduct_cat&post=9015"},{"taxonomy":"product_tag","embeddable":true,"href":"https:\/\/elouedshop.com\/index.php?rest_route=%2Fwp%2Fv2%2Fproduct_tag&post=9015"}],"curies":[{"name":"wp","href":"https:\/\/api.w.org\/{rel}","templated":true}]}}