{"id":9011,"date":"2024-02-10T21:30:31","date_gmt":"2024-02-10T21:30:31","guid":{"rendered":"https:\/\/elouedshop.com\/?post_type=product&#038;p=9011"},"modified":"2024-02-10T21:30:31","modified_gmt":"2024-02-10T21:30:31","slug":"les-maladies-de-lame-symptomes-causes-et-remedes-anas-karzun","status":"publish","type":"product","link":"https:\/\/elouedshop.com\/?product=les-maladies-de-lame-symptomes-causes-et-remedes-anas-karzun","title":{"rendered":"Les maladies de l&rsquo;\u00e2me &#8211; Sympt\u00f4mes, causes et rem\u00e8des &#8211; Anas Karz\u00fbn"},"content":{"rendered":"<table class=\"ce-product-features\">\n<tbody>\n<tr class=\"ce-product-features__row\">\n<th class=\"ce-product-features__label\">Ann\u00e9e<\/th>\n<td class=\"ce-product-features__value\">2021<\/td>\n<\/tr>\n<tr class=\"ce-product-features__row\">\n<th class=\"ce-product-features__label\">EAN-13<\/th>\n<td class=\"ce-product-features__value\">9782930395661<\/td>\n<\/tr>\n<tr class=\"ce-product-features__row\">\n<th class=\"ce-product-features__label\">Couverture<\/th>\n<td class=\"ce-product-features__value\">Souple<\/td>\n<\/tr>\n<tr class=\"ce-product-features__row\">\n<th class=\"ce-product-features__label\">Dimensions<\/th>\n<td class=\"ce-product-features__value\">21 x 14 cm<\/td>\n<\/tr>\n<tr class=\"ce-product-features__row\">\n<th class=\"ce-product-features__label\">Titre original en arabe<\/th>\n<td class=\"ce-product-features__value\">Amr\u00e2d An-Nafs<\/td>\n<\/tr>\n<tr class=\"ce-product-features__row\">\n<th class=\"ce-product-features__label\">Nb. Pages<\/th>\n<td class=\"ce-product-features__value\">160<\/td>\n<\/tr>\n<tr class=\"ce-product-features__row\">\n<th class=\"ce-product-features__label\">Langue<\/th>\n<td class=\"ce-product-features__value\">fran\u00e7aise<\/td>\n<\/tr>\n<tr class=\"ce-product-features__row\">\n<th class=\"ce-product-features__label\">Auteur<\/th>\n<td class=\"ce-product-features__value\">Anas Ahmad Karz\u00fbn<\/td>\n<\/tr>\n<\/tbody>\n<\/table>\n","protected":false},"excerpt":{"rendered":"<p>Purifier son \u00e2me est une obligation qui incombe \u00e0 tout musulman, afin qu\u2019il acc\u00e8de au succ\u00e8s et au bonheur dans ce monde et dans l\u2019au-del\u00e0. Cependant, cette purification spirituelle peut \u00eatre entrav\u00e9e par deux types d\u2019\u00e9cueils : les maladies de l\u2019\u00e2me qui trouvent leur source dans les passions et les ambigu\u00eft\u00e9s, et les obstacles ext\u00e9rieurs que constituent les tentations, les suggestions malignes de Satan, les mauvaises fr\u00e9quentations et l\u2019influence de la famille ou de la soci\u00e9t\u00e9.<\/p>\n","protected":false},"featured_media":9012,"template":"","meta":[],"product_brand":[],"product_cat":[151,21,79],"product_tag":[],"class_list":{"0":"post-9011","1":"product","2":"type-product","3":"status-publish","4":"has-post-thumbnail","6":"product_cat-education-spiritualite","7":"product_cat-livre","8":"product_cat-spiritualite","9":"description-off","11":"first","12":"instock","13":"shipping-taxable","14":"purchasable","15":"product-type-simple"},"jetpack_sharing_enabled":true,"_links":{"self":[{"href":"https:\/\/elouedshop.com\/index.php?rest_route=\/wp\/v2\/product\/9011","targetHints":{"allow":["GET"]}}],"collection":[{"href":"https:\/\/elouedshop.com\/index.php?rest_route=\/wp\/v2\/product"}],"about":[{"href":"https:\/\/elouedshop.com\/index.php?rest_route=\/wp\/v2\/types\/product"}],"wp:featuredmedia":[{"embeddable":true,"href":"https:\/\/elouedshop.com\/index.php?rest_route=\/wp\/v2\/media\/9012"}],"wp:attachment":[{"href":"https:\/\/elouedshop.com\/index.php?rest_route=%2Fwp%2Fv2%2Fmedia&parent=9011"}],"wp:term":[{"taxonomy":"product_brand","embeddable":true,"href":"https:\/\/elouedshop.com\/index.php?rest_route=%2Fwp%2Fv2%2Fproduct_brand&post=9011"},{"taxonomy":"product_cat","embeddable":true,"href":"https:\/\/elouedshop.com\/index.php?rest_route=%2Fwp%2Fv2%2Fproduct_cat&post=9011"},{"taxonomy":"product_tag","embeddable":true,"href":"https:\/\/elouedshop.com\/index.php?rest_route=%2Fwp%2Fv2%2Fproduct_tag&post=9011"}],"curies":[{"name":"wp","href":"https:\/\/api.w.org\/{rel}","templated":true}]}}