{"id":9000,"date":"2024-02-10T17:32:07","date_gmt":"2024-02-10T17:32:07","guid":{"rendered":"https:\/\/elouedshop.com\/?post_type=product&#038;p=9000"},"modified":"2024-02-10T17:34:47","modified_gmt":"2024-02-10T17:34:47","slug":"la-croyance-du-musulman-200-questions-reponses","status":"publish","type":"product","link":"https:\/\/elouedshop.com\/?product=la-croyance-du-musulman-200-questions-reponses","title":{"rendered":"La Croyance du Musulman (200 questions &#8211; r\u00e9ponses)"},"content":{"rendered":"<table border=\"0\" width=\"100%\" cellspacing=\"0\" cellpadding=\"0\">\n<tbody>\n<tr>\n<td align=\"left\"><span style=\"font-family: Verdana, Arial; font-size: small;\"><b>Auteur :<\/b>\u00a0Shaykh Haf\u00eez Al-Hakam\u00ee<br \/>\n<\/span><\/td>\n<\/tr>\n<tr>\n<td align=\"left\"><span style=\"font-family: Verdana, Arial; font-size: small;\"><b>Type de produit :<\/b>\u00a0Livre<br \/>\n<\/span><\/td>\n<\/tr>\n<tr>\n<td align=\"left\"><span style=\"font-family: Verdana, Arial; font-size: small;\"><b>Nombre de pages :<\/b>\u00a0350<br \/>\n<\/span><\/td>\n<\/tr>\n<tr>\n<td align=\"left\"><span style=\"font-family: Verdana, Arial; font-size: small;\"><b>Mod\u00e8le &#8211; Format :<\/b>\u00a015 x 22 cm<br \/>\n<\/span><\/td>\n<\/tr>\n<tr>\n<td align=\"left\"><span style=\"font-family: Verdana, Arial; font-size: small;\"><b>Editeur :<\/b>\u00a0Al-Hadith<br \/>\n<\/span><\/td>\n<\/tr>\n<tr>\n<td align=\"left\"><span style=\"font-family: Verdana, Arial; font-size: small;\"><b>Ann\u00e9e :<\/b>\u00a02009<br \/>\n<\/span><\/td>\n<\/tr>\n<tr>\n<td align=\"left\"><span style=\"font-family: Verdana, Arial; font-size: small;\"><b>Langue :<\/b>\u00a0fran\u00e7ais &#8211; arabe<br \/>\n<\/span><\/td>\n<\/tr>\n<tr>\n<td align=\"left\"><span style=\"font-family: Verdana, Arial; font-size: small;\"><b>ISBN\/EAN :<\/b>\u00a02-930395-11-7 &#8211; 9782930395494 9782875452900<\/span><\/td>\n<\/tr>\n<\/tbody>\n<\/table>\n","protected":false},"excerpt":{"rendered":"<p>Chaque messager disait,en s\u2019adressant \u00e0 son peuple : \u00ab Adorez Allah,il n\u2019y a point d\u2019autre divinit\u00e9 que Lui. \u00ab Notre noble Proph\u00e8te (PBDL) est rest\u00e9 \u00e0 la Mecque treize ann\u00e9es \u00e0 appeler les gens au Monoth\u00e9isme. Il s\u2019employa \u00e0 enraciner dans les c\u0153urs l\u2019Unicit\u00e9 d\u2019Allah et \u00e0 combattre le polyth\u00e9isme avant de leur ordonner la pri\u00e8re, l\u2019imp\u00f4t l\u00e9gal, le je\u00fbne, le p\u00e8lerinage etc..et avant de leur interdire l\u2019adult\u00e8re, l\u2019usure, le vol\u2026<\/p>\n<p>Ce livre est une exposition simple, claire de cette croyance islamique authentique,il passe en revue nombre de th\u00e8mes,de ce qu\u2019il incombe en premier lieu aux serviteurs (l\u2019adoration) \u00e0 notre devoir envers la famille et les compagnons de notre Proph\u00e8te (PBDL), en passant par les conditions de l\u2019adoration, l\u2019islam et ses cinq piliers, la foi et ses six fondements, la bienfaisance, l\u2019incroyance et ses cat\u00e9gories, la sorcellerie et son statut, l\u2019innovation, et de nombreux autres sujets, le tout sous forme de questions-r\u00e9ponses qui facilitent la lecture et la compr\u00e9hension.<\/p>\n","protected":false},"featured_media":3091,"template":"","meta":[],"product_brand":[],"product_cat":[80,161,21],"product_tag":[],"class_list":{"0":"post-9000","1":"product","2":"type-product","3":"status-publish","4":"has-post-thumbnail","6":"product_cat-dogme","7":"product_cat-foi-iman","8":"product_cat-livre","9":"description-off","11":"first","12":"instock","13":"shipping-taxable","14":"purchasable","15":"product-type-simple"},"jetpack_sharing_enabled":true,"_links":{"self":[{"href":"https:\/\/elouedshop.com\/index.php?rest_route=\/wp\/v2\/product\/9000","targetHints":{"allow":["GET"]}}],"collection":[{"href":"https:\/\/elouedshop.com\/index.php?rest_route=\/wp\/v2\/product"}],"about":[{"href":"https:\/\/elouedshop.com\/index.php?rest_route=\/wp\/v2\/types\/product"}],"wp:featuredmedia":[{"embeddable":true,"href":"https:\/\/elouedshop.com\/index.php?rest_route=\/wp\/v2\/media\/3091"}],"wp:attachment":[{"href":"https:\/\/elouedshop.com\/index.php?rest_route=%2Fwp%2Fv2%2Fmedia&parent=9000"}],"wp:term":[{"taxonomy":"product_brand","embeddable":true,"href":"https:\/\/elouedshop.com\/index.php?rest_route=%2Fwp%2Fv2%2Fproduct_brand&post=9000"},{"taxonomy":"product_cat","embeddable":true,"href":"https:\/\/elouedshop.com\/index.php?rest_route=%2Fwp%2Fv2%2Fproduct_cat&post=9000"},{"taxonomy":"product_tag","embeddable":true,"href":"https:\/\/elouedshop.com\/index.php?rest_route=%2Fwp%2Fv2%2Fproduct_tag&post=9000"}],"curies":[{"name":"wp","href":"https:\/\/api.w.org\/{rel}","templated":true}]}}