{"id":8999,"date":"2024-02-10T17:31:41","date_gmt":"2024-02-10T17:31:41","guid":{"rendered":"https:\/\/elouedshop.com\/?post_type=product&#038;p=8999"},"modified":"2024-02-10T17:35:45","modified_gmt":"2024-02-10T17:35:45","slug":"le-petit-roman-dal-quds","status":"publish","type":"product","link":"https:\/\/elouedshop.com\/?product=le-petit-roman-dal-quds","title":{"rendered":"Le petit roman d\u2019al-Quds"},"content":{"rendered":"<table border=\"0\" width=\"100%\" cellspacing=\"0\" cellpadding=\"0\">\n<tbody>\n<tr>\n<td align=\"left\"><span style=\"font-family: Verdana, Arial; font-size: small;\"><b>Auteur :<\/b>\u00a0Issa MEYER<br \/>\n<\/span><\/td>\n<\/tr>\n<tr>\n<td align=\"left\"><span style=\"font-family: Verdana, Arial; font-size: small;\"><b>Type de produit :<\/b>\u00a0Livre<br \/>\n<\/span><\/td>\n<\/tr>\n<tr>\n<td align=\"left\"><span style=\"font-family: Verdana, Arial; font-size: small;\"><b>Nombre de pages :<\/b>\u00a0288<br \/>\n<\/span><\/td>\n<\/tr>\n<tr>\n<td align=\"left\"><span style=\"font-family: Verdana, Arial; font-size: small;\"><b>Mod\u00e8le &#8211; Format :<\/b>\u00a021 x 15 &#8211; Souple<br \/>\n<\/span><\/td>\n<\/tr>\n<tr>\n<td align=\"left\"><span style=\"font-family: Verdana, Arial; font-size: small;\"><b>Editeur :<\/b>\u00a0Editions Ribat<br \/>\n<\/span><\/td>\n<\/tr>\n<tr>\n<td align=\"left\"><span style=\"font-family: Verdana, Arial; font-size: small;\"><b>Ann\u00e9e :<\/b>\u00a02021<br \/>\n<\/span><\/td>\n<\/tr>\n<tr>\n<td align=\"left\"><span style=\"font-family: Verdana, Arial; font-size: small;\"><b>Langue :<\/b>\u00a0fran\u00e7ais<br \/>\n<\/span><\/td>\n<\/tr>\n<tr>\n<td align=\"left\"><span style=\"font-family: Verdana, Arial; font-size: small;\"><b>ISBN\/EAN :<\/b>\u00a09782491948085<\/span><\/td>\n<\/tr>\n<\/tbody>\n<\/table>\n","protected":false},"excerpt":{"rendered":"<p>B\u00e9nie du haut des cieux et honor\u00e9e par la pr\u00e9sence de tant d\u2019hommes aim\u00e9s de l\u2019Unique, al-Quds est fondamentale dans l\u2019histoire, la g\u00e9ographie et le dogme de l\u2019Isl\u00e2m, ins\u00e9parable de l\u2019\u00e2me de la Oumma et de l\u2019identit\u00e9 musulmane, inscrite en lettres d\u2019or dans le c\u0153ur et l\u2019esprit des croyants. Et que dire de la sacralit\u00e9, des vertus et des m\u00e9rites de sa sublime esplanade d\u2019al-Aqs\u00e2, premi\u00e8re qibla des musulmans, seconde maison d\u2019All\u00e2h sur Terre, troisi\u00e8me mosqu\u00e9e sainte vers laquelle le croyant est invit\u00e9 \u00e0 voyager ?<\/p>\n<p>Terre des Proph\u00e8tes, des pieux, des v\u00e9ridiques et des martyrs, lieu de p\u00e8lerinage, d\u2019adoration et de proximit\u00e9 du Divin pour tous les peuples, cette m\u00e9tropole sacr\u00e9e de l\u2019humanit\u00e9 a presque toujours occup\u00e9 une place de choix sur la sc\u00e8ne du monde tant son importance religieuse et g\u00e9opolitique en a fait l\u2019ambition des plus grands rois et conqu\u00e9rants de toutes les \u00e9poques. Soumise \u00e0 toutes les vicissitudes du temps, son histoire est \u00e9galement ins\u00e9parable, depuis des temps imm\u00e9moriaux, d\u2019un id\u00e9al supr\u00eame b\u00e2ti sur un double fondement \u00e0 la fois spirituel \u2013 le monoth\u00e9isme absolu \u2013 et terrestre \u2013 la justice. Ce sont ces valeurs fondamentales de pi\u00e9t\u00e9 et de droiture qu\u2019ont personnifi\u00e9 et mat\u00e9rialis\u00e9 les plus grands souverains qu\u2019aient connu al-Quds, et qui en ont fait, lors de ses \u00e2ges d\u2019or, l\u2019un des phares des plus belles vertus, de l\u2019\u00e8re des rois-proph\u00e8tes des fils d\u2019Isr\u00e2\u2019\u00eel \u00e0 celle des califes bien-guid\u00e9s, et au-del\u00e0.<\/p>\n<p>C\u2019est donc une \u00e9pop\u00e9e de quatre mille ans d\u2019Histoire que ce petit roman d\u2019al-Quds se propose de narrer : de la famille d\u2019Ibr\u00e2h\u00eem \u00e0 nos jours, une extraordinaire galerie o\u00f9 se croiseront, au d\u00e9tour des ruelles de J\u00e9rusalem, D\u00e2wud et Suleym\u00e2n, Babylone et les Pharaons, \u2018Iss\u00e2 et Rome, \u2018Umar ibn al-Khatt\u00e2b et Byzance, Sal\u00e2h ad-D\u00een et les crois\u00e9s, Ottomans et Mamelouks, et bien d\u2019autres encore\u2026<\/p>\n","protected":false},"featured_media":5604,"template":"","meta":[],"product_brand":[],"product_cat":[50,21,214,225],"product_tag":[],"class_list":{"0":"post-8999","1":"product","2":"type-product","3":"status-publish","4":"has-post-thumbnail","6":"product_cat-histoire-et-civilisations","7":"product_cat-livre","8":"product_cat-palestine","9":"product_cat-ramadan","10":"description-off","12":"first","13":"instock","14":"shipping-taxable","15":"purchasable","16":"product-type-simple"},"jetpack_sharing_enabled":true,"_links":{"self":[{"href":"https:\/\/elouedshop.com\/index.php?rest_route=\/wp\/v2\/product\/8999","targetHints":{"allow":["GET"]}}],"collection":[{"href":"https:\/\/elouedshop.com\/index.php?rest_route=\/wp\/v2\/product"}],"about":[{"href":"https:\/\/elouedshop.com\/index.php?rest_route=\/wp\/v2\/types\/product"}],"wp:featuredmedia":[{"embeddable":true,"href":"https:\/\/elouedshop.com\/index.php?rest_route=\/wp\/v2\/media\/5604"}],"wp:attachment":[{"href":"https:\/\/elouedshop.com\/index.php?rest_route=%2Fwp%2Fv2%2Fmedia&parent=8999"}],"wp:term":[{"taxonomy":"product_brand","embeddable":true,"href":"https:\/\/elouedshop.com\/index.php?rest_route=%2Fwp%2Fv2%2Fproduct_brand&post=8999"},{"taxonomy":"product_cat","embeddable":true,"href":"https:\/\/elouedshop.com\/index.php?rest_route=%2Fwp%2Fv2%2Fproduct_cat&post=8999"},{"taxonomy":"product_tag","embeddable":true,"href":"https:\/\/elouedshop.com\/index.php?rest_route=%2Fwp%2Fv2%2Fproduct_tag&post=8999"}],"curies":[{"name":"wp","href":"https:\/\/api.w.org\/{rel}","templated":true}]}}