{"id":8994,"date":"2024-02-10T17:25:10","date_gmt":"2024-02-10T17:25:10","guid":{"rendered":"https:\/\/elouedshop.com\/?post_type=product&#038;p=8994"},"modified":"2024-02-10T17:29:10","modified_gmt":"2024-02-10T17:29:10","slug":"le-jeune-du-ramadan-le-jeune-durant-le-ramadan","status":"publish","type":"product","link":"https:\/\/elouedshop.com\/?product=le-jeune-du-ramadan-le-jeune-durant-le-ramadan","title":{"rendered":"Le Je\u00fbne du Ramadan &#8211; (Le je\u00fbne durant le Ramadan)"},"content":{"rendered":"<table border=\"0\" width=\"100%\" cellspacing=\"0\" cellpadding=\"0\">\n<tbody>\n<tr>\n<td align=\"left\"><span style=\"font-family: Verdana, Arial; font-size: small;\"><b>Auteur :<\/b>\u00a0Salim ibn &lsquo;Id al Hilali &amp; Ali Hassan al Halabi<br \/>\n<\/span><\/td>\n<\/tr>\n<tr>\n<td align=\"left\"><span style=\"font-family: Verdana, Arial; font-size: small;\"><b>Type de produit :<\/b>\u00a0Livre<br \/>\n<\/span><\/td>\n<\/tr>\n<tr>\n<td align=\"left\"><span style=\"font-family: Verdana, Arial; font-size: small;\"><b>Nombre de pages :<\/b>\u00a0150<br \/>\n<\/span><\/td>\n<\/tr>\n<tr>\n<td align=\"left\"><span style=\"font-family: Verdana, Arial; font-size: small;\"><b>Mod\u00e8le &#8211; Format :<\/b>\u00a022 x 15 cm<br \/>\n<\/span><\/td>\n<\/tr>\n<tr>\n<td align=\"left\"><span style=\"font-family: Verdana, Arial; font-size: small;\"><b>Editeur :<\/b>\u00a0Al-Hadith<br \/>\n<\/span><\/td>\n<\/tr>\n<tr>\n<td align=\"left\"><span style=\"font-family: Verdana, Arial; font-size: small;\"><b>Langue :<\/b>\u00a0fran\u00e7ais &#8211; arabe<br \/>\n<\/span><\/td>\n<\/tr>\n<tr>\n<td align=\"left\"><span style=\"font-family: Verdana, Arial; font-size: small;\"><b>ISBN\/EAN :<\/b>\u00a09782930395173 \/ 9782930395715<\/span><\/td>\n<\/tr>\n<\/tbody>\n<\/table>\n","protected":false},"excerpt":{"rendered":"<p><span class=\"OYPEnA text-decoration-none text-strikethrough-none\">Plongeons dans un livre passionnant qui d\u00e9crypte l&rsquo;importance du je\u00fbne dans l&rsquo;Islam. Cet ouvrage nous d\u00e9voile les r\u00e9compenses, les m\u00e9rites, et l&rsquo;honneur r\u00e9serv\u00e9s \u00e0 ceux qui je\u00fbnent pour plaire \u00e0 Allah. Le je\u00fbne est le quatri\u00e8me pilier de l&rsquo;Islam, et il est crucial pour tout Musulman et Musulmane de conna\u00eetre ses r\u00e8gles et ses b\u00e9n\u00e9fices. En prime, les versets coraniques et les hadiths sont cit\u00e9s en langue arabe.<\/span>.<\/p>\n","protected":false},"featured_media":3419,"template":"","meta":[],"product_brand":[],"product_cat":[140,21,187,225],"product_tag":[],"class_list":{"0":"post-8994","1":"product","2":"type-product","3":"status-publish","4":"has-post-thumbnail","6":"product_cat-jeune-ramadan","7":"product_cat-livre","8":"product_cat-pratiques-religieuse","9":"product_cat-ramadan","10":"description-off","12":"first","13":"instock","14":"shipping-taxable","15":"purchasable","16":"product-type-simple"},"jetpack_sharing_enabled":true,"_links":{"self":[{"href":"https:\/\/elouedshop.com\/index.php?rest_route=\/wp\/v2\/product\/8994","targetHints":{"allow":["GET"]}}],"collection":[{"href":"https:\/\/elouedshop.com\/index.php?rest_route=\/wp\/v2\/product"}],"about":[{"href":"https:\/\/elouedshop.com\/index.php?rest_route=\/wp\/v2\/types\/product"}],"wp:featuredmedia":[{"embeddable":true,"href":"https:\/\/elouedshop.com\/index.php?rest_route=\/wp\/v2\/media\/3419"}],"wp:attachment":[{"href":"https:\/\/elouedshop.com\/index.php?rest_route=%2Fwp%2Fv2%2Fmedia&parent=8994"}],"wp:term":[{"taxonomy":"product_brand","embeddable":true,"href":"https:\/\/elouedshop.com\/index.php?rest_route=%2Fwp%2Fv2%2Fproduct_brand&post=8994"},{"taxonomy":"product_cat","embeddable":true,"href":"https:\/\/elouedshop.com\/index.php?rest_route=%2Fwp%2Fv2%2Fproduct_cat&post=8994"},{"taxonomy":"product_tag","embeddable":true,"href":"https:\/\/elouedshop.com\/index.php?rest_route=%2Fwp%2Fv2%2Fproduct_tag&post=8994"}],"curies":[{"name":"wp","href":"https:\/\/api.w.org\/{rel}","templated":true}]}}