{"id":8985,"date":"2024-02-10T16:45:25","date_gmt":"2024-02-10T16:45:25","guid":{"rendered":"https:\/\/elouedshop.com\/?post_type=product&#038;p=8985"},"modified":"2024-05-05T13:13:20","modified_gmt":"2024-05-05T13:13:20","slug":"le-coran-explique-aux-enfants-juz-amma","status":"publish","type":"product","link":"https:\/\/elouedshop.com\/?product=le-coran-explique-aux-enfants-juz-amma","title":{"rendered":"Le Coran expliqu\u00e9 aux enfants &#8211; Juz &lsquo;Amma"},"content":{"rendered":"","protected":false},"excerpt":{"rendered":"<p><strong>Viens apprendre la signification et les enseignements du Coran<\/strong><\/p>\n<p><strong>Poster + Autocollants.<\/strong><\/p>\n<p><strong>Nouvelle version sans CD-ROM<\/strong><\/p>\n<p>Apprendre \u00e0 aimer le Coran se fait au plus t\u00f4t, mais bien souvent les parents privil\u00e9gient l&rsquo;apprentissage \u00e0 la compr\u00e9hension et \u00e0 la m\u00e9ditation. Cet ouvrage vient palier ce manque.<\/p>\n<p>Le Coran expliqu\u00e9 aux enfants se concentre sur la derni\u00e8re partie du Coran. \u00ab\u00a0ju&rsquo; \u2018Amma\u00a0\u00bb. \u00c0u travers de ce livre, votre enfant pourra \u00e0 la fois apprendre les derni\u00e8res sourates. gr\u00e2ce \u00e0 une phon\u00e9tique simplifi\u00e9e, et aussi en comprendre le sens du fait d&rsquo;une traduction accessible.<\/p>\n<p>Au fil des pages. il pourra tirer les enseignements de chaque sourate par le biais d&rsquo;un commentaire clairement orient\u00e9 sur l&rsquo;importance de la relation \u00e0 Dieu. sur les valeurs spirituelles et la promotion du bien. A la fin de chaque sourate, des conseils viennent rappeler les principaux enseignements que Dieu a voulu transmettre par Ses versets<\/p>\n<p>Avec cet ouvrage aux illustrations attrayantes. votre enfant apprendra plus facilement ses premi\u00e8res sourates.<\/p>\n<p>Points forts :<\/p>\n<ul>\n<li>Des \u00ab\u00a0mots cl\u00e9s\u00a0\u00bb sont r\u00e9guli\u00e8rement traduits afin de se familiariser avec le vocabulaire coranique.<\/li>\n<li>Un ouvrage essentiel pour d\u00e9velopper une relation entre votre enfant et vous, et entre votre enfant et le Coran.<\/li>\n<\/ul>\n","protected":false},"featured_media":1688,"template":"","meta":[],"product_brand":[],"product_cat":[22,24,21],"product_tag":[],"class_list":{"0":"post-8985","1":"product","2":"type-product","3":"status-publish","4":"has-post-thumbnail","6":"product_cat-coran","7":"product_cat-enfants","8":"product_cat-livre","9":"description-off","11":"first","12":"instock","13":"shipping-taxable","14":"purchasable","15":"product-type-simple"},"jetpack_sharing_enabled":true,"_links":{"self":[{"href":"https:\/\/elouedshop.com\/index.php?rest_route=\/wp\/v2\/product\/8985","targetHints":{"allow":["GET"]}}],"collection":[{"href":"https:\/\/elouedshop.com\/index.php?rest_route=\/wp\/v2\/product"}],"about":[{"href":"https:\/\/elouedshop.com\/index.php?rest_route=\/wp\/v2\/types\/product"}],"wp:featuredmedia":[{"embeddable":true,"href":"https:\/\/elouedshop.com\/index.php?rest_route=\/wp\/v2\/media\/1688"}],"wp:attachment":[{"href":"https:\/\/elouedshop.com\/index.php?rest_route=%2Fwp%2Fv2%2Fmedia&parent=8985"}],"wp:term":[{"taxonomy":"product_brand","embeddable":true,"href":"https:\/\/elouedshop.com\/index.php?rest_route=%2Fwp%2Fv2%2Fproduct_brand&post=8985"},{"taxonomy":"product_cat","embeddable":true,"href":"https:\/\/elouedshop.com\/index.php?rest_route=%2Fwp%2Fv2%2Fproduct_cat&post=8985"},{"taxonomy":"product_tag","embeddable":true,"href":"https:\/\/elouedshop.com\/index.php?rest_route=%2Fwp%2Fv2%2Fproduct_tag&post=8985"}],"curies":[{"name":"wp","href":"https:\/\/api.w.org\/{rel}","templated":true}]}}