{"id":8961,"date":"2024-02-09T21:00:20","date_gmt":"2024-02-09T21:00:20","guid":{"rendered":"https:\/\/elouedshop.com\/?post_type=product&#038;p=8961"},"modified":"2024-02-09T21:00:21","modified_gmt":"2024-02-09T21:00:21","slug":"la-corruption-du-coeur-4-les-passions","status":"publish","type":"product","link":"https:\/\/elouedshop.com\/?product=la-corruption-du-coeur-4-les-passions","title":{"rendered":"La corruption du coeur 4 : Les passions"},"content":{"rendered":"<table border=\"0\" width=\"100%\" cellspacing=\"0\" cellpadding=\"0\">\n<tbody>\n<tr>\n<td align=\"left\"><span style=\"font-family: Verdana, Arial; font-size: small;\"><b>Auteur :<\/b>\u00a0Muhammed al-Munajjid<br \/>\n<\/span><\/td>\n<\/tr>\n<tr>\n<td align=\"left\"><span style=\"font-family: Verdana, Arial; font-size: small;\"><b>Type de produit :<\/b>\u00a0Livre<br \/>\n<\/span><\/td>\n<\/tr>\n<tr>\n<td align=\"left\"><span style=\"font-family: Verdana, Arial; font-size: small;\"><b>Nombre de pages :<\/b>\u00a063<br \/>\n<\/span><\/td>\n<\/tr>\n<tr>\n<td align=\"left\"><span style=\"font-family: Verdana, Arial; font-size: small;\"><b>Mod\u00e8le &#8211; Format :<\/b>\u00a011,5 x 16,5 cm<br \/>\n<\/span><\/td>\n<\/tr>\n<tr>\n<td align=\"left\"><span style=\"font-family: Verdana, Arial; font-size: small;\"><b>Editeur :<\/b>\u00a0Al-Hadith<br \/>\n<\/span><\/td>\n<\/tr>\n<tr>\n<td align=\"left\"><span style=\"font-family: Verdana, Arial; font-size: small;\"><b>Langue :<\/b>\u00a0fran\u00e7ais<br \/>\n<\/span><\/td>\n<\/tr>\n<tr>\n<td align=\"left\"><span style=\"font-family: Verdana, Arial; font-size: small;\"><b>ISBN\/EAN :<\/b>\u00a09782875450722<\/span><\/td>\n<\/tr>\n<\/tbody>\n<\/table>\n","protected":false},"excerpt":{"rendered":"<p>Les passions repr\u00e9sentent les penchants de l&rsquo;\u00e2me et de l\u2019ego. Elles constituent un frein tr\u00e8s fort au cheminement spirituel qu&rsquo;entreprend le serviteur vers la connaissance et l&rsquo;agr\u00e9ment de son Seigneur. Suivre les passions, c&rsquo;est laisser l&rsquo;\u00e2me dicter ce qu&rsquo;elle d\u00e9sire. Or, Allah nous ordonne de ne pas \u00eatre dominer par nos passions, mais au contraire de les dominer et de les orienter vers le bien et la pi\u00e9t\u00e9.<\/p>\n<p>Cette lutte contre soi, ce jihad personnel, est un combat de longue haleine men\u00e9 contre un ennemi omnipr\u00e9sent. En parlant de l&rsquo;\u00e2me, Dieu nous dit : \u00ab\u00a0A r\u00e9ussi, certes celui qui la purifie. Et est perdu, certes, celui qui la corrompt.\u00a0\u00bb<\/p>\n","protected":false},"featured_media":8962,"template":"","meta":[],"product_brand":[],"product_cat":[153,21,79],"product_tag":[],"class_list":{"0":"post-8961","1":"product","2":"type-product","3":"status-publish","4":"has-post-thumbnail","6":"product_cat-foi-coeur","7":"product_cat-livre","8":"product_cat-spiritualite","9":"description-off","11":"first","12":"instock","13":"shipping-taxable","14":"purchasable","15":"product-type-simple"},"jetpack_sharing_enabled":true,"_links":{"self":[{"href":"https:\/\/elouedshop.com\/index.php?rest_route=\/wp\/v2\/product\/8961","targetHints":{"allow":["GET"]}}],"collection":[{"href":"https:\/\/elouedshop.com\/index.php?rest_route=\/wp\/v2\/product"}],"about":[{"href":"https:\/\/elouedshop.com\/index.php?rest_route=\/wp\/v2\/types\/product"}],"wp:featuredmedia":[{"embeddable":true,"href":"https:\/\/elouedshop.com\/index.php?rest_route=\/wp\/v2\/media\/8962"}],"wp:attachment":[{"href":"https:\/\/elouedshop.com\/index.php?rest_route=%2Fwp%2Fv2%2Fmedia&parent=8961"}],"wp:term":[{"taxonomy":"product_brand","embeddable":true,"href":"https:\/\/elouedshop.com\/index.php?rest_route=%2Fwp%2Fv2%2Fproduct_brand&post=8961"},{"taxonomy":"product_cat","embeddable":true,"href":"https:\/\/elouedshop.com\/index.php?rest_route=%2Fwp%2Fv2%2Fproduct_cat&post=8961"},{"taxonomy":"product_tag","embeddable":true,"href":"https:\/\/elouedshop.com\/index.php?rest_route=%2Fwp%2Fv2%2Fproduct_tag&post=8961"}],"curies":[{"name":"wp","href":"https:\/\/api.w.org\/{rel}","templated":true}]}}