{"id":8921,"date":"2024-02-08T23:36:38","date_gmt":"2024-02-08T23:36:38","guid":{"rendered":"https:\/\/elouedshop.com\/?post_type=product&#038;p=8921"},"modified":"2024-02-24T13:05:37","modified_gmt":"2024-02-24T13:05:37","slug":"la-medecine-prophetique-ibn-qayyim-al-jawziyya","status":"publish","type":"product","link":"https:\/\/elouedshop.com\/?product=la-medecine-prophetique-ibn-qayyim-al-jawziyya","title":{"rendered":"La m\u00e9decine proph\u00e9tique &#8211; ibn Qayyim al-jawziyya"},"content":{"rendered":"","protected":false},"excerpt":{"rendered":"<p>Peu le savent, mais \u00ab La m\u00e9decine proph\u00e9tique \u00bb, que nous avons l\u2019honneur de pr\u00e9senter ici, est un chapitre de cette \u0153uvre monumentale qu\u2019est\u00a0Z\u00e2d al-ma\u2018\u00e2d\u00a0de l\u2019\u00e9minent savant\u00a0Ibn Qayyim al-Jawziyya\u00a0(1292-1350) dont les \u00e9ditions al-Had\u00eeth ont eu l&rsquo;honneur de publier la premi\u00e8re traduction int\u00e9grale et annot\u00e9e que nous avons intitul\u00e9e \u00ab Z\u00e2d al-ma\u2018\u00e2d, Muhammad mod\u00e8le de la r\u00e9ussite \u00bb.<\/p>\n<p>L\u2019importance de ce sujet et son actualit\u00e9 br\u00fblante vu la situation sanitaire exceptionnelle que nous connaissons depuis janvier 2020 nous ont encourag\u00e9s \u00e0 publier le pr\u00e9sent ouvrage.<\/p>\n","protected":false},"featured_media":8922,"template":"","meta":[],"product_brand":[],"product_cat":[21,61,49],"product_tag":[],"class_list":{"0":"post-8921","1":"product","2":"type-product","3":"status-publish","4":"has-post-thumbnail","6":"product_cat-livre","7":"product_cat-sante-et-dietetique","8":"product_cat-sante-et-medecine","9":"description-off","11":"first","12":"instock","13":"shipping-taxable","14":"purchasable","15":"product-type-simple"},"jetpack_sharing_enabled":true,"_links":{"self":[{"href":"https:\/\/elouedshop.com\/index.php?rest_route=\/wp\/v2\/product\/8921","targetHints":{"allow":["GET"]}}],"collection":[{"href":"https:\/\/elouedshop.com\/index.php?rest_route=\/wp\/v2\/product"}],"about":[{"href":"https:\/\/elouedshop.com\/index.php?rest_route=\/wp\/v2\/types\/product"}],"wp:featuredmedia":[{"embeddable":true,"href":"https:\/\/elouedshop.com\/index.php?rest_route=\/wp\/v2\/media\/8922"}],"wp:attachment":[{"href":"https:\/\/elouedshop.com\/index.php?rest_route=%2Fwp%2Fv2%2Fmedia&parent=8921"}],"wp:term":[{"taxonomy":"product_brand","embeddable":true,"href":"https:\/\/elouedshop.com\/index.php?rest_route=%2Fwp%2Fv2%2Fproduct_brand&post=8921"},{"taxonomy":"product_cat","embeddable":true,"href":"https:\/\/elouedshop.com\/index.php?rest_route=%2Fwp%2Fv2%2Fproduct_cat&post=8921"},{"taxonomy":"product_tag","embeddable":true,"href":"https:\/\/elouedshop.com\/index.php?rest_route=%2Fwp%2Fv2%2Fproduct_tag&post=8921"}],"curies":[{"name":"wp","href":"https:\/\/api.w.org\/{rel}","templated":true}]}}