{"id":8891,"date":"2024-02-08T19:59:24","date_gmt":"2024-02-08T19:59:24","guid":{"rendered":"https:\/\/elouedshop.com\/?post_type=product&#038;p=8891"},"modified":"2024-02-08T20:00:43","modified_gmt":"2024-02-08T20:00:43","slug":"par-amour-pour-jesus-jai-embrasse-lislam-simon-alfredo-carabello","status":"publish","type":"product","link":"https:\/\/elouedshop.com\/?product=par-amour-pour-jesus-jai-embrasse-lislam-simon-alfredo-carabello","title":{"rendered":"Par amour pour J\u00e9sus j&rsquo;ai embrass\u00e9 l&rsquo;islam &#8211; Simon Alfredo Carabello"},"content":{"rendered":"<table border=\"0\" width=\"100%\" cellspacing=\"0\" cellpadding=\"0\">\n<tbody>\n<tr>\n<td align=\"left\"><span style=\"font-family: Verdana, Arial; font-size: small;\"><b>Auteur :<\/b>\u00a0Simon Alfredo Carabello<br \/>\n<\/span><\/td>\n<\/tr>\n<tr>\n<td align=\"left\"><span style=\"font-family: Verdana, Arial; font-size: small;\"><b>Type de produit :<\/b>\u00a0Livre<br \/>\n<\/span><\/td>\n<\/tr>\n<tr>\n<td align=\"left\"><span style=\"font-family: Verdana, Arial; font-size: small;\"><b>Nombre de pages :<\/b>\u00a0102<br \/>\n<\/span><\/td>\n<\/tr>\n<tr>\n<td align=\"left\"><span style=\"font-family: Verdana, Arial; font-size: small;\"><b>Mod\u00e8le &#8211; Format :<\/b>\u00a021 x 14 cm<br \/>\n<\/span><\/td>\n<\/tr>\n<tr>\n<td align=\"left\"><span style=\"font-family: Verdana, Arial; font-size: small;\"><b>Editeur :<\/b>\u00a0Al-Hadith<br \/>\n<\/span><\/td>\n<\/tr>\n<tr>\n<td align=\"left\"><span style=\"font-family: Verdana, Arial; font-size: small;\"><b>Ann\u00e9e :<\/b>\u00a02009<br \/>\n<\/span><\/td>\n<\/tr>\n<tr>\n<td align=\"left\"><span style=\"font-family: Verdana, Arial; font-size: small;\"><b>Langue :<\/b>\u00a0fran\u00e7ais<br \/>\n<\/span><\/td>\n<\/tr>\n<tr>\n<td align=\"left\"><span style=\"font-family: Verdana, Arial; font-size: small;\"><b>ISBN\/EAN :<\/b>\u00a02-930395-36-4 \/9782930395364<br \/>\n<\/span><\/td>\n<\/tr>\n<\/tbody>\n<\/table>\n","protected":false},"excerpt":{"rendered":"<p>Ma conscience me disait qu\u2019il y avait quelque chose d\u2019\u00e9trange dans les enseignements que j\u2019avais re\u00e7us \u00e0 l\u2019\u00c9glise et du Christianisme\u2026<\/p>\n<p>Un jour, alors que je parcourais les livrets qu\u2019on m\u2019avait donn\u00e9s \u00e0 la mosqu\u00e9e, j\u2019ai lu deux lignes qui ont rempli mon c\u0153ur de joie et de bonheur. Les larmes commenc\u00e8rent \u00e0 couler de mes yeux et je m\u2019\u00e9criai : \u00abMon Dieu, c\u2019est la v\u00e9rit\u00e9, la r\u00e9ponse que je n\u2019aurais jamais pu trouver !\u00bb J\u2019ai lu ceci \u00e0 propos de J\u00e9sus Christ : \u00a0\u00bb Ils disent (en se vantant) : \u00ab Nous avons tu\u00e9 J\u00e9sus Christ, le fils de Marie, le Messager d\u2019Allah \u00bb, mais ils ne l\u2019ont pas tu\u00e9 ni crucifi\u00e9 \u00ab\u00a0.<\/p>\n<p>Mon h\u00e9ros, mon Proph\u00e8te bien-aim\u00e9, J\u00e9sus de Nazareth, que je priais deux fois par jour chez moi dans mon petit autel, n\u2019avait pas \u00e9t\u00e9 crucifi\u00e9 ?! Pour moi, le poids de la croix pr\u00e9tendument port\u00e9e par J\u00e9sus au Mont du Calvaire s\u2019est \u00e9vanoui et d\u00e9sint\u00e9gr\u00e9 de la m\u00eame mani\u00e8re qu\u2019une immense montagne est pulv\u00e9ris\u00e9e par la dynamite.<\/p>\n<p>Je r\u00e9fl\u00e9chissais et me disais : \u00abSi c\u2019est la v\u00e9rit\u00e9, alors cette religion est la vraie\u00bb. Pendant vingt ans, on m\u2019a dit que J\u00e9sus avait \u00e9t\u00e9 assassin\u00e9. J\u2019avais \u00e9t\u00e9 emmen\u00e9 dans un voyage sans aucune autre route. D\u00e9sormais, une autre avenue fut ouverte, pr\u00e9sentant des r\u00e9ponses plus logiques. D\u00e9sormais, les id\u00e9es devenaient plus claires dans mon esprit et la derni\u00e8re pi\u00e8ce du puzzle \u00e9tait compl\u00e9t\u00e9e\u2026 Encore une fois, je r\u00e9fl\u00e9chissais. J\u2019en ai conclu que je voulais appartenir \u00e0 cette religion. Je voulais \u00eatre Musulman !<\/p>\n","protected":false},"featured_media":8892,"template":"","meta":[],"product_brand":[],"product_cat":[47,141,21,209],"product_tag":[],"class_list":{"0":"post-8891","1":"product","2":"type-product","3":"status-publish","4":"has-post-thumbnail","6":"product_cat-comprendre-lislam","7":"product_cat-islam-occident","8":"product_cat-livre","9":"product_cat-religions-du-livre","10":"description-off","12":"first","13":"instock","14":"shipping-taxable","15":"purchasable","16":"product-type-simple"},"jetpack_sharing_enabled":true,"_links":{"self":[{"href":"https:\/\/elouedshop.com\/index.php?rest_route=\/wp\/v2\/product\/8891","targetHints":{"allow":["GET"]}}],"collection":[{"href":"https:\/\/elouedshop.com\/index.php?rest_route=\/wp\/v2\/product"}],"about":[{"href":"https:\/\/elouedshop.com\/index.php?rest_route=\/wp\/v2\/types\/product"}],"wp:featuredmedia":[{"embeddable":true,"href":"https:\/\/elouedshop.com\/index.php?rest_route=\/wp\/v2\/media\/8892"}],"wp:attachment":[{"href":"https:\/\/elouedshop.com\/index.php?rest_route=%2Fwp%2Fv2%2Fmedia&parent=8891"}],"wp:term":[{"taxonomy":"product_brand","embeddable":true,"href":"https:\/\/elouedshop.com\/index.php?rest_route=%2Fwp%2Fv2%2Fproduct_brand&post=8891"},{"taxonomy":"product_cat","embeddable":true,"href":"https:\/\/elouedshop.com\/index.php?rest_route=%2Fwp%2Fv2%2Fproduct_cat&post=8891"},{"taxonomy":"product_tag","embeddable":true,"href":"https:\/\/elouedshop.com\/index.php?rest_route=%2Fwp%2Fv2%2Fproduct_tag&post=8891"}],"curies":[{"name":"wp","href":"https:\/\/api.w.org\/{rel}","templated":true}]}}