{"id":8877,"date":"2024-02-08T19:46:32","date_gmt":"2024-02-08T19:46:32","guid":{"rendered":"https:\/\/elouedshop.com\/?post_type=product&#038;p=8877"},"modified":"2024-02-08T19:46:33","modified_gmt":"2024-02-08T19:46:33","slug":"pack-spiritualite-10-livres","status":"publish","type":"product","link":"https:\/\/elouedshop.com\/?product=pack-spiritualite-10-livres","title":{"rendered":"Pack Spiritualit\u00e9 (10 livres)"},"content":{"rendered":"","protected":false},"excerpt":{"rendered":"<p>Pack de l&rsquo;\u00e9ditions Al-Had\u00eeth comprenant 10 livres indispensables.<\/p>\n","protected":false},"featured_media":8878,"template":"","meta":[],"product_brand":[],"product_cat":[47,80,25,38,176,75,147,21,164,177],"product_tag":[],"class_list":{"0":"post-8877","1":"product","2":"type-product","3":"status-publish","4":"has-post-thumbnail","6":"product_cat-comprendre-lislam","7":"product_cat-dogme","8":"product_cat-femmes","9":"product_cat-idees-de-cadeaux","10":"product_cat-invocations","11":"product_cat-invocations-et-rappels","12":"product_cat-jurisprudence","13":"product_cat-livre","14":"product_cat-noms-attributs-divins","15":"product_cat-pack-cadeaux","16":"description-off","18":"first","19":"instock","20":"sale","21":"shipping-taxable","22":"purchasable","23":"product-type-simple"},"jetpack_sharing_enabled":true,"_links":{"self":[{"href":"https:\/\/elouedshop.com\/index.php?rest_route=\/wp\/v2\/product\/8877","targetHints":{"allow":["GET"]}}],"collection":[{"href":"https:\/\/elouedshop.com\/index.php?rest_route=\/wp\/v2\/product"}],"about":[{"href":"https:\/\/elouedshop.com\/index.php?rest_route=\/wp\/v2\/types\/product"}],"wp:featuredmedia":[{"embeddable":true,"href":"https:\/\/elouedshop.com\/index.php?rest_route=\/wp\/v2\/media\/8878"}],"wp:attachment":[{"href":"https:\/\/elouedshop.com\/index.php?rest_route=%2Fwp%2Fv2%2Fmedia&parent=8877"}],"wp:term":[{"taxonomy":"product_brand","embeddable":true,"href":"https:\/\/elouedshop.com\/index.php?rest_route=%2Fwp%2Fv2%2Fproduct_brand&post=8877"},{"taxonomy":"product_cat","embeddable":true,"href":"https:\/\/elouedshop.com\/index.php?rest_route=%2Fwp%2Fv2%2Fproduct_cat&post=8877"},{"taxonomy":"product_tag","embeddable":true,"href":"https:\/\/elouedshop.com\/index.php?rest_route=%2Fwp%2Fv2%2Fproduct_tag&post=8877"}],"curies":[{"name":"wp","href":"https:\/\/api.w.org\/{rel}","templated":true}]}}