{"id":8828,"date":"2024-02-07T22:10:09","date_gmt":"2024-02-07T22:10:09","guid":{"rendered":"https:\/\/elouedshop.com\/?post_type=product&#038;p=8828"},"modified":"2024-02-07T22:15:39","modified_gmt":"2024-02-07T22:15:39","slug":"10-pretextes-pour-ne-pas-porter-le-hijab","status":"publish","type":"product","link":"https:\/\/elouedshop.com\/?product=10-pretextes-pour-ne-pas-porter-le-hijab","title":{"rendered":"10 pr\u00e9textes pour ne pas porter le hijab"},"content":{"rendered":"<table border=\"0\" width=\"100%\" cellspacing=\"0\" cellpadding=\"0\">\n<tbody>\n<tr>\n<td align=\"left\"><span style=\"font-family: Verdana, Arial; font-size: small;\"><b>Auteur :<\/b>\u00a0Huwayda Isma\u00eel<br \/>\n<\/span><\/td>\n<\/tr>\n<tr>\n<td align=\"left\"><span style=\"font-family: Verdana, Arial; font-size: small;\"><b>Type de produit :<\/b>\u00a0Livre<br \/>\n<\/span><\/td>\n<\/tr>\n<tr>\n<td align=\"left\"><span style=\"font-family: Verdana, Arial; font-size: small;\"><b>Nombre de pages :<\/b>\u00a048<br \/>\n<\/span><\/td>\n<\/tr>\n<tr>\n<td align=\"left\"><span style=\"font-family: Verdana, Arial; font-size: small;\"><b>Editeur :<\/b>\u00a0Al-Hadith<br \/>\n<\/span><\/td>\n<\/tr>\n<tr>\n<td align=\"left\"><span style=\"font-family: Verdana, Arial; font-size: small;\"><b>Ann\u00e9e :<\/b>\u00a02008<br \/>\n<\/span><\/td>\n<\/tr>\n<tr>\n<td align=\"left\"><span style=\"font-family: Verdana, Arial; font-size: small;\"><b>Langue :<\/b>\u00a0fran\u00e7ais<br \/>\n<\/span><\/td>\n<\/tr>\n<tr>\n<td align=\"left\"><span style=\"font-family: Verdana, Arial; font-size: small;\"><b>ISBN\/EAN :<\/b>\u00a09782930395708 9782875451828<\/span><\/td>\n<\/tr>\n<\/tbody>\n<\/table>\n","protected":false},"excerpt":{"rendered":"<p>Certaines soeurs n&rsquo;ont pas compris le sens profond du Hij\u00e2b, pas plus que sa sagesse, elles le portent sur la t\u00eate sans le porter dans la t\u00eate. Elles se sont ainsi fait du tort \u00e0 elles-m\u00eame et en fait \u00e0 leurs coreligionnaires. D&rsquo;autres soeurs, elles, pr\u00e9f\u00e8rent se voiler la face &#8211; sens figur\u00e9 et non au sens propre &#8211; en invoquant des pr\u00e9textes aussi fallacieux les uns que les autres.<\/p>\n<p>Mais toi, qu&rsquo;est-ce qui t&#8217;emp\u00eache de porter le Hij\u00e2b? Ensemble, levons le voile &#8211; pour mieux le m\u00e8tre ou le remettre ensuite &#8211; sur dix mauvaises raisons de ne pas porter le Hij\u00e2b.<\/p>\n","protected":false},"featured_media":6708,"template":"","meta":[],"product_brand":[],"product_cat":[25,21,225],"product_tag":[],"class_list":{"0":"post-8828","1":"product","2":"type-product","3":"status-publish","4":"has-post-thumbnail","6":"product_cat-femmes","7":"product_cat-livre","8":"product_cat-ramadan","9":"description-off","11":"first","12":"instock","13":"shipping-taxable","14":"purchasable","15":"product-type-simple"},"jetpack_sharing_enabled":true,"_links":{"self":[{"href":"https:\/\/elouedshop.com\/index.php?rest_route=\/wp\/v2\/product\/8828","targetHints":{"allow":["GET"]}}],"collection":[{"href":"https:\/\/elouedshop.com\/index.php?rest_route=\/wp\/v2\/product"}],"about":[{"href":"https:\/\/elouedshop.com\/index.php?rest_route=\/wp\/v2\/types\/product"}],"wp:featuredmedia":[{"embeddable":true,"href":"https:\/\/elouedshop.com\/index.php?rest_route=\/wp\/v2\/media\/6708"}],"wp:attachment":[{"href":"https:\/\/elouedshop.com\/index.php?rest_route=%2Fwp%2Fv2%2Fmedia&parent=8828"}],"wp:term":[{"taxonomy":"product_brand","embeddable":true,"href":"https:\/\/elouedshop.com\/index.php?rest_route=%2Fwp%2Fv2%2Fproduct_brand&post=8828"},{"taxonomy":"product_cat","embeddable":true,"href":"https:\/\/elouedshop.com\/index.php?rest_route=%2Fwp%2Fv2%2Fproduct_cat&post=8828"},{"taxonomy":"product_tag","embeddable":true,"href":"https:\/\/elouedshop.com\/index.php?rest_route=%2Fwp%2Fv2%2Fproduct_tag&post=8828"}],"curies":[{"name":"wp","href":"https:\/\/api.w.org\/{rel}","templated":true}]}}