{"id":8820,"date":"2024-02-07T20:18:33","date_gmt":"2024-02-07T20:18:33","guid":{"rendered":"https:\/\/elouedshop.com\/?post_type=product&#038;p=8820"},"modified":"2024-02-07T20:22:52","modified_gmt":"2024-02-07T20:22:52","slug":"limportance-de-la-sunna-en-islam","status":"publish","type":"product","link":"https:\/\/elouedshop.com\/?product=limportance-de-la-sunna-en-islam","title":{"rendered":"L&rsquo;importance de la Sunna en Islam"},"content":{"rendered":"<table border=\"0\" width=\"100%\" cellspacing=\"0\" cellpadding=\"0\">\n<tbody>\n<tr>\n<td align=\"left\"><span style=\"font-family: Verdana, Arial; font-size: small;\"><b>Auteur :<\/b>\u00a0S\u00e2lih ibn Fawz\u00e2n Al-Fawz\u00e2n<br \/>\n<\/span><\/td>\n<\/tr>\n<tr>\n<td align=\"left\"><span style=\"font-family: Verdana, Arial; font-size: small;\"><b>Type de produit :<\/b>\u00a0Livre<br \/>\n<\/span><\/td>\n<\/tr>\n<tr>\n<td align=\"left\"><span style=\"font-family: Verdana, Arial; font-size: small;\"><b>Nombre de pages :<\/b>\u00a064<br \/>\n<\/span><\/td>\n<\/tr>\n<tr>\n<td align=\"left\"><span style=\"font-family: Verdana, Arial; font-size: small;\"><b>Mod\u00e8le &#8211; Format :<\/b>\u00a0SOUPLE 10,5 x 15 cm<br \/>\n<\/span><\/td>\n<\/tr>\n<tr>\n<td align=\"left\"><span style=\"font-family: Verdana, Arial; font-size: small;\"><b>Editeur :<\/b>\u00a0Editions Al-Haramayn<br \/>\n<\/span><\/td>\n<\/tr>\n<tr>\n<td align=\"left\"><span style=\"font-family: Verdana, Arial; font-size: small;\"><b>Langue :<\/b>\u00a0fran\u00e7ais &#8211; arabe<br \/>\n<\/span><\/td>\n<\/tr>\n<tr>\n<td align=\"left\"><span style=\"font-family: Verdana, Arial; font-size: small;\"><b>ISBN\/EAN :<\/b>\u00a0978-2-37187-009-3 \/ 9782371870093<\/span><\/td>\n<\/tr>\n<\/tbody>\n<\/table>\n","protected":false},"excerpt":{"rendered":"<p>L\u2019auteur nous montre l\u2019importance et l\u2019obligation de suivre la Sunna : la deuxi\u00e8me r\u00e9v\u00e9lation de l\u2019Islam. Il illustre cela par la v\u00e9n\u00e9ration que les compagnons du proph\u00e8te (saw) lui vouaient. Il prouve que, comme le Coran, elle restera toujours pr\u00e9serv\u00e9e, aussi bien dans les c\u0153urs des savants que dans les recueils authentiques, des ajouts et des falsifications, gr\u00e2ce \u00e0 la rigueur et au scrupule avec lesquels ses gardiens l\u2019ont transmise au fil du temps.<\/p>\n","protected":false},"featured_media":4097,"template":"","meta":[],"product_brand":[],"product_cat":[47,198,21],"product_tag":[],"class_list":{"0":"post-8820","1":"product","2":"type-product","3":"status-publish","4":"has-post-thumbnail","6":"product_cat-comprendre-lislam","7":"product_cat-la-sunnah-souna","8":"product_cat-livre","9":"description-off","11":"first","12":"instock","13":"shipping-taxable","14":"purchasable","15":"product-type-simple"},"jetpack_sharing_enabled":true,"_links":{"self":[{"href":"https:\/\/elouedshop.com\/index.php?rest_route=\/wp\/v2\/product\/8820","targetHints":{"allow":["GET"]}}],"collection":[{"href":"https:\/\/elouedshop.com\/index.php?rest_route=\/wp\/v2\/product"}],"about":[{"href":"https:\/\/elouedshop.com\/index.php?rest_route=\/wp\/v2\/types\/product"}],"wp:featuredmedia":[{"embeddable":true,"href":"https:\/\/elouedshop.com\/index.php?rest_route=\/wp\/v2\/media\/4097"}],"wp:attachment":[{"href":"https:\/\/elouedshop.com\/index.php?rest_route=%2Fwp%2Fv2%2Fmedia&parent=8820"}],"wp:term":[{"taxonomy":"product_brand","embeddable":true,"href":"https:\/\/elouedshop.com\/index.php?rest_route=%2Fwp%2Fv2%2Fproduct_brand&post=8820"},{"taxonomy":"product_cat","embeddable":true,"href":"https:\/\/elouedshop.com\/index.php?rest_route=%2Fwp%2Fv2%2Fproduct_cat&post=8820"},{"taxonomy":"product_tag","embeddable":true,"href":"https:\/\/elouedshop.com\/index.php?rest_route=%2Fwp%2Fv2%2Fproduct_tag&post=8820"}],"curies":[{"name":"wp","href":"https:\/\/api.w.org\/{rel}","templated":true}]}}