{"id":8819,"date":"2024-02-07T20:15:55","date_gmt":"2024-02-07T20:15:55","guid":{"rendered":"https:\/\/elouedshop.com\/?post_type=product&#038;p=8819"},"modified":"2024-02-07T20:16:38","modified_gmt":"2024-02-07T20:16:38","slug":"les-regles-du-jeune-du-mois-de-ramadan-2","status":"publish","type":"product","link":"https:\/\/elouedshop.com\/?product=les-regles-du-jeune-du-mois-de-ramadan-2","title":{"rendered":"Les r\u00e8gles du je\u00fbne (du mois de Ramadan)"},"content":{"rendered":"<table border=\"0\" width=\"100%\" cellspacing=\"0\" cellpadding=\"0\">\n<tbody>\n<tr>\n<td align=\"left\"><span style=\"font-family: Verdana, Arial; font-size: small;\"><b>Auteur :<\/b>\u00a0Sheikh &lsquo;Abdulaz\u00eez Ar-R\u00e2jh\u00ee<br \/>\n<\/span><\/td>\n<\/tr>\n<tr>\n<td align=\"left\"><span style=\"font-family: Verdana, Arial; font-size: small;\"><b>Type de produit :<\/b>\u00a0Livre<br \/>\n<\/span><\/td>\n<\/tr>\n<tr>\n<td align=\"left\"><span style=\"font-family: Verdana, Arial; font-size: small;\"><b>Nombre de pages :<\/b>\u00a064<br \/>\n<\/span><\/td>\n<\/tr>\n<tr>\n<td align=\"left\"><span style=\"font-family: Verdana, Arial; font-size: small;\"><b>Mod\u00e8le &#8211; Format :<\/b>\u00a010,5 x 14,80 cm<br \/>\n<\/span><\/td>\n<\/tr>\n<tr>\n<td align=\"left\"><span style=\"font-family: Verdana, Arial; font-size: small;\"><b>Editeur :<\/b>\u00a0Editions Al-Haramayn<br \/>\n<\/span><\/td>\n<\/tr>\n<tr>\n<td align=\"left\"><span style=\"font-family: Verdana, Arial; font-size: small;\"><b>Langue :<\/b>\u00a0fran\u00e7ais<br \/>\n<\/span><\/td>\n<\/tr>\n<tr>\n<td align=\"left\"><span style=\"font-family: Verdana, Arial; font-size: small;\"><b>ISBN\/EAN :<\/b>\u00a0978-2-37187-010-9 9782371870109<\/span><\/td>\n<\/tr>\n<\/tbody>\n<\/table>\n","protected":false},"excerpt":{"rendered":"<p>Par Sheikh &lsquo;Abdulaz\u00eez Ar-R\u00e2jh\u00ee (Grand savant et Ma\u00eetre de conf\u00e9rences \u00e0 l\u2019Universit\u00e9 Islamique de Riyadh)<\/p>\n<p>Le je\u00fbne regorge de r\u00e8gles et de biens\u00e9ances obligatoires et recommand\u00e9es que tout je\u00fbneur doit conna\u00eetre afin de bien observer cette glorieuse adoration qui est le quatri\u00e8me pilier de l\u2019Islam.<\/p>\n<p>Le cheikh Ar-R\u00e2jh\u00ee propose au lecteur quelques-unes d\u2019entre elles en trente points.<\/p>\n<p>A lire imp\u00e9rativement&#8230;<\/p>\n<p><strong>TABLE DES MATI\u00c8RES<\/strong><br \/>\nAVANT-PROPOS &#8211; 3 &#8211;<br \/>\n1) JE\u00dbNER PAR PR\u00c9CAUTION AVANT LE MOIS DE RAMADAN &#8211; 4 &#8211;<br \/>\n2) A QUEL MOMENT L\u2019INTENTION DOIT-ELLE ETRE FORMUL\u00c9E ? &#8211; 5 &#8211;<br \/>\n3) MANGER OU BOIRE D\u00e9lib\u00e9r\u00e9ment PENDANT RAMADAN &#8211; 6 &#8211;<br \/>\n4) MANGER PAR OUBLI PENDANT RAMADAN &#8211; 7 &#8211;<br \/>\n5) AVOIR DES RAPPORTS CHARNELS PENDANT LES JOURS DE RAMADAN &#8211; 8 &#8211;<br \/>\n6) DORMIR OU PERDRE CONNAISSANCE PENDANT LA JOURN\u00c9E ENTI\u00c8RE &#8211; 12 &#8211;<br \/>\n7) L\u2019EJACULATION INVOLONTAIRE &#8211; 13 &#8211;<br \/>\n8) RESTER EN ETAT D\u2019IMPURET\u00c9 MAJEURE JUSQU\u2019AU LEVER DU SOLEIL &#8211; 13 &#8211;<br \/>\n9) LE JEUNE DU VOYAGEUR &#8211; 15 &#8211;<br \/>\n10) LE JEUNE DE LA PERSONNE MALADE &#8211; 16 &#8211;<br \/>\n11) LES COMPORTEMENTS BL\u00c2MABLES ET INTERDITS PENDANT RAMADAN &#8211; 18 &#8211;<br \/>\n12) H\u00c2TER LA RUPTURE DU JEUNE &#8211; 20 &#8211;<br \/>\n13) LE REPAS DE FIN DE NUIT (APPEL\u00c9 SAHUR) &#8211; 22 &#8211;<br \/>\n14) LES RAPPORTS CONJUGAUX : CE QUI EST PERMIS ET CE QUI NE L\u2019EST PAS &#8211; 24 &#8211;<br \/>\n15) LORSQU\u2019ON AVALE QUELQUE CHOSE INVOLONTAIREMENT &#8211; 27 &#8211;<br \/>\n16) MANGER LORSQU\u2019ON DOUTE DE L\u2019APPARITION DE L\u2019AUBE &#8211; 28 &#8211;<br \/>\n17) QUE FAIRE EN VOYANT UNE PERSONNE MANGER PAR OUBLI ? &#8211; 29 &#8211;<br \/>\n18) LE JEUNE DU MALADE INCURABLE ET DE LA PERSONNE AGEE &#8211; 30 &#8211;<br \/>\n19) PEUT-ON SE LAVER OU SE VERSER DE L\u2019EAU SUR LA T\u00caTE EN ETAT DE JEUNE ? &#8211; 31 &#8211;<br \/>\n20) COMMENT SE RINCER LA BOUCHE ET ASPIRER L\u2019EAU PAR LE NEZ ? PEUT-ON SE METTRE DES GOUTTES ET UTILISER LE \u00ab KUHUL \u00bb ? &#8211; 32 &#8211;<br \/>\n21) LE STATUT DES CHOSES COMPARABLES A LA NOURRITURE ET A LA BOISSON &#8211; 34 &#8211;<br \/>\n22) RESPIRER DE L\u2019ENCENS &#8211; 35 &#8211;<br \/>\n23) VOMIR PENDANT SON JEUNE &#8211; 36 &#8211;<br \/>\n24) L\u2019USAGE DU \u00ab SIWAK \u00bb PENDANT LE JEUNE &#8211; 37 &#8211;<br \/>\n25) CELUI QUI APOSTASIE EN ETAT DE JEUNE &#8211; 39 &#8211;<br \/>\n26) CELUI QUI MANIFESTE L\u2019INTENTION FERME DE MANGER PENDANT LA JOURN\u00c9E &#8211; 40 &#8211;<br \/>\n27) LE JEUNE DE LA FEMME EN P\u00c9RIODE MENSTRUELLE &#8211; 42 &#8211;<br \/>\n28) LE STATUT DE LA SAIGN\u00c9E M\u00c9DICALE (APPEL\u00c9E \u00ab HIJAMAH \u00bb) PENDANT LE JEUNE &#8211; 46 &#8211;<br \/>\n29) QUE FAIRE SI ON SE REND COMPTE A POSTERIORI QUE RAMADAN A COMMENCE ? &#8211; 50 &#8211;<br \/>\n30) CELUI QUI MEURT PENDANT RAMADAN &#8211; 55 &#8211;<br \/>\nTABLE DES MATI\u00c8RES &#8211; 62 &#8211;<\/p>\n","protected":false},"featured_media":4131,"template":"","meta":[],"product_brand":[],"product_cat":[140,21,187,225],"product_tag":[],"class_list":{"0":"post-8819","1":"product","2":"type-product","3":"status-publish","4":"has-post-thumbnail","6":"product_cat-jeune-ramadan","7":"product_cat-livre","8":"product_cat-pratiques-religieuse","9":"product_cat-ramadan","10":"description-off","12":"first","13":"instock","14":"shipping-taxable","15":"purchasable","16":"product-type-simple"},"jetpack_sharing_enabled":true,"_links":{"self":[{"href":"https:\/\/elouedshop.com\/index.php?rest_route=\/wp\/v2\/product\/8819","targetHints":{"allow":["GET"]}}],"collection":[{"href":"https:\/\/elouedshop.com\/index.php?rest_route=\/wp\/v2\/product"}],"about":[{"href":"https:\/\/elouedshop.com\/index.php?rest_route=\/wp\/v2\/types\/product"}],"wp:featuredmedia":[{"embeddable":true,"href":"https:\/\/elouedshop.com\/index.php?rest_route=\/wp\/v2\/media\/4131"}],"wp:attachment":[{"href":"https:\/\/elouedshop.com\/index.php?rest_route=%2Fwp%2Fv2%2Fmedia&parent=8819"}],"wp:term":[{"taxonomy":"product_brand","embeddable":true,"href":"https:\/\/elouedshop.com\/index.php?rest_route=%2Fwp%2Fv2%2Fproduct_brand&post=8819"},{"taxonomy":"product_cat","embeddable":true,"href":"https:\/\/elouedshop.com\/index.php?rest_route=%2Fwp%2Fv2%2Fproduct_cat&post=8819"},{"taxonomy":"product_tag","embeddable":true,"href":"https:\/\/elouedshop.com\/index.php?rest_route=%2Fwp%2Fv2%2Fproduct_tag&post=8819"}],"curies":[{"name":"wp","href":"https:\/\/api.w.org\/{rel}","templated":true}]}}