{"id":8798,"date":"2024-02-06T22:11:05","date_gmt":"2024-02-06T22:11:05","guid":{"rendered":"https:\/\/elouedshop.com\/?post_type=product&#038;p=8798"},"modified":"2024-02-06T22:11:36","modified_gmt":"2024-02-06T22:11:36","slug":"les-qualites-de-lepouse-vertueuse-2","status":"publish","type":"product","link":"https:\/\/elouedshop.com\/?product=les-qualites-de-lepouse-vertueuse-2","title":{"rendered":"Les Qualit\u00e9s de l\u2019Epouse Vertueuse"},"content":{"rendered":"<table border=\"0\" width=\"100%\" cellspacing=\"0\" cellpadding=\"0\">\n<tbody>\n<tr>\n<td align=\"left\"><span style=\"font-family: Verdana, Arial; font-size: small;\"><b>Auteur :<\/b>\u00a0Cheikh Abd Ar-Razz\u00e2q Al-Badr<br \/>\n<\/span><\/td>\n<\/tr>\n<tr>\n<td align=\"left\"><span style=\"font-family: Verdana, Arial; font-size: small;\"><b>Type de produit :<\/b>\u00a0Livre<br \/>\n<\/span><\/td>\n<\/tr>\n<tr>\n<td align=\"left\"><span style=\"font-family: Verdana, Arial; font-size: small;\"><b>Nombre de pages :<\/b>\u00a096<br \/>\n<\/span><\/td>\n<\/tr>\n<tr>\n<td align=\"left\"><span style=\"font-family: Verdana, Arial; font-size: small;\"><b>Mod\u00e8le &#8211; Format :<\/b>\u00a013,5 x 19,5 cm<br \/>\n<\/span><\/td>\n<\/tr>\n<tr>\n<td align=\"left\"><span style=\"font-family: Verdana, Arial; font-size: small;\"><b>Editeur :<\/b>\u00a0Al Bayyinah<br \/>\n<\/span><\/td>\n<\/tr>\n<tr>\n<td align=\"left\"><span style=\"font-family: Verdana, Arial; font-size: small;\"><b>Langue :<\/b>\u00a0fran\u00e7ais<br \/>\n<\/span><\/td>\n<\/tr>\n<tr>\n<td align=\"left\"><span style=\"font-family: Verdana, Arial; font-size: small;\"><b>ISBN\/EAN :<\/b>\u00a09782902526475<\/span><\/td>\n<\/tr>\n<\/tbody>\n<\/table>\n","protected":false},"excerpt":{"rendered":"<p>Cette \u00e9p\u00eetre intitul\u00e9e \u00ab Les Qualit\u00e9s de l\u2019\u00c9pouse Vertueuse \u00bb n\u2019est pas uniquement adress\u00e9e \u00e0 la jeune fille sur le point de se marier, elle n\u2019est pas non plus uniquement adress\u00e9e \u00e0 la femme mari\u00e9e qui aimerait se rem\u00e9morer certaines qualit\u00e9s.<\/p>\n<p>Enfin, cette \u00e9p\u00eetre n\u2019est pas non plus exclusivement r\u00e9serv\u00e9e \u00e0 la femme coupable de manquement \u00e0 ses devoirs.<\/p>\n<p>Non, cette \u00e9p\u00eetre a une port\u00e9e bien plus g\u00e9n\u00e9rale que cela : elle est un rappel pour le p\u00e8re qui d\u00e9sire que ces filles \u2013 et toutes celles qui vivent sous son autorit\u00e9 \u2013 jouissent d\u2019une bonne \u00e9ducation et d\u2019une vie saine, leur permettant ainsi d\u2019entrer dans la vie conjugale conform\u00e9ment \u00e0 ce qu\u2019Allah et Son proph\u00e8te attendent d\u2019elles. C\u2019est aussi un rappel pour la m\u00e8re, gestionnaire de son foyer et responsable de ses filles qu\u2019elle se doit d\u2019orienter. En effet beaucoup de filles acqui\u00e8rent des traits de caract\u00e8res qu\u2019elles h\u00e9ritent de leur m\u00e8re.<\/p>\n<p>C\u2019est \u00e9galement un rappel pour les pr\u00e9dicateurs afin qu\u2019ils accordent de l\u2019importance \u00e0 ce sujet et se soucient de diffuser ces nobles caract\u00e8res, ces principes moraux louables et b\u00e9nis, pour qu\u2019ils soient adopt\u00e9s de mani\u00e8re permanente pour les filles et les femmes musulmanes.<\/p>\n","protected":false},"featured_media":3742,"template":"","meta":[],"product_brand":[],"product_cat":[25,21,46],"product_tag":[],"class_list":{"0":"post-8798","1":"product","2":"type-product","3":"status-publish","4":"has-post-thumbnail","6":"product_cat-femmes","7":"product_cat-livre","8":"product_cat-mariage-couple","9":"description-off","11":"first","12":"instock","13":"shipping-taxable","14":"purchasable","15":"product-type-simple"},"jetpack_sharing_enabled":true,"_links":{"self":[{"href":"https:\/\/elouedshop.com\/index.php?rest_route=\/wp\/v2\/product\/8798","targetHints":{"allow":["GET"]}}],"collection":[{"href":"https:\/\/elouedshop.com\/index.php?rest_route=\/wp\/v2\/product"}],"about":[{"href":"https:\/\/elouedshop.com\/index.php?rest_route=\/wp\/v2\/types\/product"}],"wp:featuredmedia":[{"embeddable":true,"href":"https:\/\/elouedshop.com\/index.php?rest_route=\/wp\/v2\/media\/3742"}],"wp:attachment":[{"href":"https:\/\/elouedshop.com\/index.php?rest_route=%2Fwp%2Fv2%2Fmedia&parent=8798"}],"wp:term":[{"taxonomy":"product_brand","embeddable":true,"href":"https:\/\/elouedshop.com\/index.php?rest_route=%2Fwp%2Fv2%2Fproduct_brand&post=8798"},{"taxonomy":"product_cat","embeddable":true,"href":"https:\/\/elouedshop.com\/index.php?rest_route=%2Fwp%2Fv2%2Fproduct_cat&post=8798"},{"taxonomy":"product_tag","embeddable":true,"href":"https:\/\/elouedshop.com\/index.php?rest_route=%2Fwp%2Fv2%2Fproduct_tag&post=8798"}],"curies":[{"name":"wp","href":"https:\/\/api.w.org\/{rel}","templated":true}]}}