{"id":8795,"date":"2024-02-06T21:47:45","date_gmt":"2024-02-06T21:47:45","guid":{"rendered":"https:\/\/elouedshop.com\/?post_type=product&#038;p=8795"},"modified":"2024-02-06T21:50:02","modified_gmt":"2024-02-06T21:50:02","slug":"les-sagesses-du-jeune-2","status":"publish","type":"product","link":"https:\/\/elouedshop.com\/?product=les-sagesses-du-jeune-2","title":{"rendered":"Les sagesses du je\u00fbne"},"content":{"rendered":"<table border=\"0\" width=\"100%\" cellspacing=\"0\" cellpadding=\"0\">\n<tbody>\n<tr>\n<td align=\"left\"><span style=\"font-family: Verdana, Arial; font-size: small;\"><b>Auteur :<\/b>\u00a0Al-&lsquo;Izz Ibn &lsquo;Abd-As-Sal\u00e2m<br \/>\n<\/span><\/td>\n<\/tr>\n<tr>\n<td align=\"left\"><span style=\"font-family: Verdana, Arial; font-size: small;\"><b>Type de produit :<\/b>\u00a0Livre<br \/>\n<\/span><\/td>\n<\/tr>\n<tr>\n<td align=\"left\"><span style=\"font-family: Verdana, Arial; font-size: small;\"><b>Nombre de pages :<\/b>\u00a072<br \/>\n<\/span><\/td>\n<\/tr>\n<tr>\n<td align=\"left\"><span style=\"font-family: Verdana, Arial; font-size: small;\"><b>Mod\u00e8le &#8211; Format :<\/b>\u00a014 x 21 cm<br \/>\n<\/span><\/td>\n<\/tr>\n<tr>\n<td align=\"left\"><span style=\"font-family: Verdana, Arial; font-size: small;\"><b>Editeur :<\/b>\u00a0Al Bayyinah<br \/>\n<\/span><\/td>\n<\/tr>\n<tr>\n<td align=\"left\"><span style=\"font-family: Verdana, Arial; font-size: small;\"><b>Langue :<\/b>\u00a0fran\u00e7ais<br \/>\n<\/span><\/td>\n<\/tr>\n<tr>\n<td align=\"left\"><span style=\"font-family: Verdana, Arial; font-size: small;\"><b>ISBN\/EAN :<\/b>\u00a09782919455416<br \/>\n<\/span><\/td>\n<\/tr>\n<\/tbody>\n<\/table>\n","protected":false},"excerpt":{"rendered":"<p>\u00ab\u00a0Ainsi atteindrez vous la pi\u00e9t\u00e9\u00a0\u00bb (Sourate Al-Baqara v.183)<br \/>\nLes sagesses du je\u00fbne: Livre de l&rsquo;\u00e9rudit, le mufti des musulmans et le digne h\u00e9ritier des pieux pr\u00e9d\u00e9cesseurs Al &lsquo;Izz Ibn &lsquo;Abd As-Salam. Traduit de l&rsquo;arabe (Makassid As Sawm), cet ouvrage traite le sujet du je\u00fbne en 10 points sous forme de chapitres :<\/p>\n<p>Chapitre 1 : l&rsquo;obligation du je\u00fbne<\/p>\n<p>Chapitre 2 : les m\u00e9rites du je\u00fbne<\/p>\n<p>Chapitre 3 : les r\u00e8gles du je\u00fbne<\/p>\n<p>Chapitre 4 : Ce qu&rsquo;il faut \u00e9viter durant le je\u00fbne<\/p>\n<p>Chapitre 5 : La recherche de la nuit d&rsquo;Al-Qadr<\/p>\n<p>Chapitre 6 : La retraite pieuse, la g\u00e9n\u00e9rosit\u00e9 et la lecture du Coran<\/p>\n<p>Chapitre 7 : Faire suivre le je\u00fbne du Ramadan par six jours de Shawwal<\/p>\n<p>Chapitre 8 : je\u00fbne de mani\u00e8re g\u00e9n\u00e9rales<\/p>\n<p>Chapitre 9 : Le je\u00fbne sur\u00e9rogatoire<\/p>\n<p>Chapitre 10 : Les jours durant lesquels le je\u00fbne est interdit<\/p>\n","protected":false},"featured_media":5631,"template":"","meta":[],"product_brand":[],"product_cat":[140,21,187,225],"product_tag":[],"class_list":{"0":"post-8795","1":"product","2":"type-product","3":"status-publish","4":"has-post-thumbnail","6":"product_cat-jeune-ramadan","7":"product_cat-livre","8":"product_cat-pratiques-religieuse","9":"product_cat-ramadan","10":"description-off","12":"first","13":"instock","14":"shipping-taxable","15":"purchasable","16":"product-type-simple"},"jetpack_sharing_enabled":true,"_links":{"self":[{"href":"https:\/\/elouedshop.com\/index.php?rest_route=\/wp\/v2\/product\/8795","targetHints":{"allow":["GET"]}}],"collection":[{"href":"https:\/\/elouedshop.com\/index.php?rest_route=\/wp\/v2\/product"}],"about":[{"href":"https:\/\/elouedshop.com\/index.php?rest_route=\/wp\/v2\/types\/product"}],"wp:featuredmedia":[{"embeddable":true,"href":"https:\/\/elouedshop.com\/index.php?rest_route=\/wp\/v2\/media\/5631"}],"wp:attachment":[{"href":"https:\/\/elouedshop.com\/index.php?rest_route=%2Fwp%2Fv2%2Fmedia&parent=8795"}],"wp:term":[{"taxonomy":"product_brand","embeddable":true,"href":"https:\/\/elouedshop.com\/index.php?rest_route=%2Fwp%2Fv2%2Fproduct_brand&post=8795"},{"taxonomy":"product_cat","embeddable":true,"href":"https:\/\/elouedshop.com\/index.php?rest_route=%2Fwp%2Fv2%2Fproduct_cat&post=8795"},{"taxonomy":"product_tag","embeddable":true,"href":"https:\/\/elouedshop.com\/index.php?rest_route=%2Fwp%2Fv2%2Fproduct_tag&post=8795"}],"curies":[{"name":"wp","href":"https:\/\/api.w.org\/{rel}","templated":true}]}}