{"id":8644,"date":"2024-02-04T14:51:14","date_gmt":"2024-02-04T14:51:14","guid":{"rendered":"https:\/\/elouedshop.com\/?post_type=product&#038;p=8644"},"modified":"2024-02-04T14:52:36","modified_gmt":"2024-02-04T14:52:36","slug":"aisha-la-mere-des-croyants","status":"publish","type":"product","link":"https:\/\/elouedshop.com\/?product=aisha-la-mere-des-croyants","title":{"rendered":"Aisha &#8211; La M\u00e8re des Croyants"},"content":{"rendered":"","protected":false},"excerpt":{"rendered":"<p><span class=\"OYPEnA text-decoration-none text-strikethrough-none\">Le monde est parfois triste, surtout lorsqu&rsquo;une grande partie des musulmans souffrent d&rsquo;une crise identitaire et d&rsquo;ali\u00e9nation. La raison? Leur ignorance de l&rsquo;Histoire de la civilisation arabo-musulmane. Mais heureusement, il y a des \u00e9claireurs qui sortent des sentiers battus pour nous guider. C&rsquo;est le cas de l&rsquo;ouvrage en arabe intitul\u00e9 : \u00c2\u2019ishah la m\u00e8re des croyants, qui a re\u00e7u les \u00e9loges de trente savants et qui est maintenant disponible en fran\u00e7ais. La m\u00e8re des croyants, c&rsquo;est \u00c2\u2019ishah, l&rsquo;\u00e9pouse du sceau des Proph\u00e8tes et la fille de son illustre compagnon Ab\u00fb Bakr. Elle est peut-\u00eatre peu connue, mais son haut niveau de connaissances et son impact sur les fondements des sciences islamiques sont encore \u00e9tudi\u00e9s aujourd&rsquo;hui. Cette encyclop\u00e9die est un must-read pour dissiper le flou qui peut subsister dans certains esprits.<\/span><\/p>\n","protected":false},"featured_media":6811,"template":"","meta":[],"product_brand":[],"product_cat":[65,66,25,21,225],"product_tag":[],"class_list":{"0":"post-8644","1":"product","2":"type-product","3":"status-publish","4":"has-post-thumbnail","6":"product_cat-biographies","7":"product_cat-compagnons","8":"product_cat-femmes","9":"product_cat-livre","10":"product_cat-ramadan","11":"description-off","13":"first","14":"instock","15":"shipping-taxable","16":"purchasable","17":"product-type-simple"},"jetpack_sharing_enabled":true,"_links":{"self":[{"href":"https:\/\/elouedshop.com\/index.php?rest_route=\/wp\/v2\/product\/8644","targetHints":{"allow":["GET"]}}],"collection":[{"href":"https:\/\/elouedshop.com\/index.php?rest_route=\/wp\/v2\/product"}],"about":[{"href":"https:\/\/elouedshop.com\/index.php?rest_route=\/wp\/v2\/types\/product"}],"wp:featuredmedia":[{"embeddable":true,"href":"https:\/\/elouedshop.com\/index.php?rest_route=\/wp\/v2\/media\/6811"}],"wp:attachment":[{"href":"https:\/\/elouedshop.com\/index.php?rest_route=%2Fwp%2Fv2%2Fmedia&parent=8644"}],"wp:term":[{"taxonomy":"product_brand","embeddable":true,"href":"https:\/\/elouedshop.com\/index.php?rest_route=%2Fwp%2Fv2%2Fproduct_brand&post=8644"},{"taxonomy":"product_cat","embeddable":true,"href":"https:\/\/elouedshop.com\/index.php?rest_route=%2Fwp%2Fv2%2Fproduct_cat&post=8644"},{"taxonomy":"product_tag","embeddable":true,"href":"https:\/\/elouedshop.com\/index.php?rest_route=%2Fwp%2Fv2%2Fproduct_tag&post=8644"}],"curies":[{"name":"wp","href":"https:\/\/api.w.org\/{rel}","templated":true}]}}