{"id":8640,"date":"2024-02-04T14:37:27","date_gmt":"2024-02-04T14:37:27","guid":{"rendered":"https:\/\/elouedshop.com\/?post_type=product&#038;p=8640"},"modified":"2024-02-04T14:38:42","modified_gmt":"2024-02-04T14:38:42","slug":"allah-aime-30-moyens-de-gagner-lamour-dallah","status":"publish","type":"product","link":"https:\/\/elouedshop.com\/?product=allah-aime-30-moyens-de-gagner-lamour-dallah","title":{"rendered":"Allah aime &#8211; 30 moyens de gagner l&rsquo;amour d&rsquo;Allah"},"content":{"rendered":"","protected":false},"excerpt":{"rendered":"<p><span class=\"OYPEnA text-decoration-none text-strikethrough-none\">En tant que croyants, notre mission est de chercher \u00e0 plaire et satisfaire Allah, tout en esp\u00e9rant obtenir les r\u00e9compenses qu\u2019Il a promises. Nous devons \u00e9galement \u00e9viter tout ce qu\u2019Il nous a ordonn\u00e9 de fuir. Mais le comble de notre qu\u00eate spirituelle est de savoir que nous sommes aim\u00e9s d&rsquo;Allah. Le Proph\u00e8te Muhammad \ufdfa a rapport\u00e9 que le Proph\u00e8te D\u00e2wud (que la paix soit sur lui) avait l&rsquo;habitude de dire : \u00ab\u00a0\u00d4 Allah, je Te demande Ton amour, et celui de ceux qui T\u2019aiment, ainsi que toutes les actions qui me rapprochent de Ton amour. Ton amour est plus cher pour moi que tout, ma famille et m\u00eame l&rsquo;eau fra\u00eeche\u00a0\u00bb. En somme, nous devons tout faire pour rechercher l&rsquo;agr\u00e9ment et la satisfaction d&rsquo;Allah. Nous devons \u00eatre concentr\u00e9s sur cet objectif et travailler constamment pour l&rsquo;atteindre, afin de Le rencontrer dans cet \u00e9tat. Dans ce livre, qui se compose de 30 courts chapitres, vous apprendrez qui sont les personnes aim\u00e9es d&rsquo;Allah, les qualit\u00e9s qu&rsquo;ils poss\u00e8dent, et vous comprendrez comment vous pouvez, vous aussi, devenir un croyant aim\u00e9 d&rsquo;Allah en accomplissant les actes qu&rsquo;Il aime.<\/span><\/p>\n","protected":false},"featured_media":6873,"template":"","meta":[],"product_brand":[],"product_cat":[151,21,79],"product_tag":[],"class_list":{"0":"post-8640","1":"product","2":"type-product","3":"status-publish","4":"has-post-thumbnail","6":"product_cat-education-spiritualite","7":"product_cat-livre","8":"product_cat-spiritualite","9":"description-off","11":"first","12":"instock","13":"shipping-taxable","14":"purchasable","15":"product-type-simple"},"jetpack_sharing_enabled":true,"_links":{"self":[{"href":"https:\/\/elouedshop.com\/index.php?rest_route=\/wp\/v2\/product\/8640","targetHints":{"allow":["GET"]}}],"collection":[{"href":"https:\/\/elouedshop.com\/index.php?rest_route=\/wp\/v2\/product"}],"about":[{"href":"https:\/\/elouedshop.com\/index.php?rest_route=\/wp\/v2\/types\/product"}],"wp:featuredmedia":[{"embeddable":true,"href":"https:\/\/elouedshop.com\/index.php?rest_route=\/wp\/v2\/media\/6873"}],"wp:attachment":[{"href":"https:\/\/elouedshop.com\/index.php?rest_route=%2Fwp%2Fv2%2Fmedia&parent=8640"}],"wp:term":[{"taxonomy":"product_brand","embeddable":true,"href":"https:\/\/elouedshop.com\/index.php?rest_route=%2Fwp%2Fv2%2Fproduct_brand&post=8640"},{"taxonomy":"product_cat","embeddable":true,"href":"https:\/\/elouedshop.com\/index.php?rest_route=%2Fwp%2Fv2%2Fproduct_cat&post=8640"},{"taxonomy":"product_tag","embeddable":true,"href":"https:\/\/elouedshop.com\/index.php?rest_route=%2Fwp%2Fv2%2Fproduct_tag&post=8640"}],"curies":[{"name":"wp","href":"https:\/\/api.w.org\/{rel}","templated":true}]}}