{"id":8639,"date":"2024-02-04T14:34:00","date_gmt":"2024-02-04T14:34:00","guid":{"rendered":"https:\/\/elouedshop.com\/?post_type=product&#038;p=8639"},"modified":"2024-02-04T14:34:15","modified_gmt":"2024-02-04T14:34:15","slug":"jaurais-aime-que-tu-me-dises","status":"publish","type":"product","link":"https:\/\/elouedshop.com\/?product=jaurais-aime-que-tu-me-dises","title":{"rendered":"J&rsquo;aurais aim\u00e9 que tu me dises"},"content":{"rendered":"","protected":false},"excerpt":{"rendered":"<p>Les plumes anonymes se font l&rsquo;\u00e9cho de regrets, de \u00ab je t&rsquo;aime \u00bb non-dits, de promesses envol\u00e9es. Elles portent en elles le poids de paroles tues, mais aussi l&rsquo;espoir d&rsquo;une r\u00e9conciliation infinie. \u00c0 travers ces pages, nous d\u00e9couvrons les v\u00e9rit\u00e9s, les douleurs dissimul\u00e9es, les sentiments abrit\u00e9s. \u00ab J&rsquo;aurais aim\u00e9 que tu me dises \u00bb est un voyage \u00e9motionnel, une introspection o\u00f9 le c\u0153ur devient essentiel. \u00c0 travers ces lettres anonymes, nous r\u00e9alisons que l&rsquo;expression de nos sentiments est une pr\u00e9cieuse n\u00e9cessit\u00e9. Ce livre est un appel \u00e0 la communication, \u00e0 la v\u00e9rit\u00e9, \u00e0 ouvrir nos c\u0153urs et nos esprits pour mieux s&rsquo;aimer.<\/p>\n","protected":false},"featured_media":5353,"template":"","meta":[],"product_brand":[],"product_cat":[25,21],"product_tag":[],"class_list":{"0":"post-8639","1":"product","2":"type-product","3":"status-publish","4":"has-post-thumbnail","6":"product_cat-femmes","7":"product_cat-livre","8":"description-off","10":"first","11":"instock","12":"shipping-taxable","13":"purchasable","14":"product-type-simple"},"jetpack_sharing_enabled":true,"_links":{"self":[{"href":"https:\/\/elouedshop.com\/index.php?rest_route=\/wp\/v2\/product\/8639","targetHints":{"allow":["GET"]}}],"collection":[{"href":"https:\/\/elouedshop.com\/index.php?rest_route=\/wp\/v2\/product"}],"about":[{"href":"https:\/\/elouedshop.com\/index.php?rest_route=\/wp\/v2\/types\/product"}],"wp:featuredmedia":[{"embeddable":true,"href":"https:\/\/elouedshop.com\/index.php?rest_route=\/wp\/v2\/media\/5353"}],"wp:attachment":[{"href":"https:\/\/elouedshop.com\/index.php?rest_route=%2Fwp%2Fv2%2Fmedia&parent=8639"}],"wp:term":[{"taxonomy":"product_brand","embeddable":true,"href":"https:\/\/elouedshop.com\/index.php?rest_route=%2Fwp%2Fv2%2Fproduct_brand&post=8639"},{"taxonomy":"product_cat","embeddable":true,"href":"https:\/\/elouedshop.com\/index.php?rest_route=%2Fwp%2Fv2%2Fproduct_cat&post=8639"},{"taxonomy":"product_tag","embeddable":true,"href":"https:\/\/elouedshop.com\/index.php?rest_route=%2Fwp%2Fv2%2Fproduct_tag&post=8639"}],"curies":[{"name":"wp","href":"https:\/\/api.w.org\/{rel}","templated":true}]}}