{"id":8609,"date":"2024-02-03T19:25:28","date_gmt":"2024-02-03T19:25:28","guid":{"rendered":"https:\/\/elouedshop.com\/?post_type=product&#038;p=8609"},"modified":"2024-02-03T19:26:04","modified_gmt":"2024-02-03T19:26:04","slug":"les-maladies-du-coeur-copie","status":"publish","type":"product","link":"https:\/\/elouedshop.com\/?product=les-maladies-du-coeur-copie","title":{"rendered":"Les Maladies du C\u0153ur"},"content":{"rendered":"","protected":false},"excerpt":{"rendered":"<p>Comment gu\u00e9rir son c\u0153ur ?<\/p>\n<p>L&rsquo;auteur, Ibn Qudamah a dit :<\/p>\n<p>\u00ab\u00a0Sache que la partie la plus noble d\u2019une personne est son c\u0153ur. Celui qui conna\u00eet Allah, \u0153uvre pour Lui, lutte pour Lui, se rapproche de Lui et d\u00e9couvre ce qui est aupr\u00e8s de Lui, ses membres ne font que suivre son c\u0153ur qui les utilise comme les rois utilisent leurs esclaves. Ainsi, celui qui conna\u00eet son c\u0153ur conna\u00eetra son Seigneur.<\/p>\n<p>La plupart des gens sont ignorants de leurs propres c\u0153urs et de leurs \u00e2mes.<\/p>\n<p>Allah peut s\u2019interposer entre une personne et son c\u0153ur. Cela se manifeste par le fait qu\u2019elle soit emp\u00each\u00e9e de Le conna\u00eetre et d\u2019avoir conscience de Lui.<\/p>\n<p>Conna\u00eetre le c\u0153ur et ses caract\u00e9ristiques constitue donc le fondement de la religion et la base de la voie de ceux qui cheminent vers Allah.<\/p>\n<p>Sache que l\u2019\u00e9tat naturel du c\u0153ur accepte la guidance. Cependant, en raison des d\u00e9sirs et des passions que l\u2019on peut trouver en son sein, il peut d\u00e9vier.<\/p>\n<p>Un combat constant se produit donc entre les arm\u00e9es des anges et les forces des d\u00e9mons jusqu\u2019\u00e0 ce que le c\u0153ur s\u2019ouvre \u00e0 l\u2019un des deux camps qui s\u2019y installe.<\/p>\n","protected":false},"featured_media":3332,"template":"","meta":[],"product_brand":[],"product_cat":[153,21,79],"product_tag":[],"class_list":{"0":"post-8609","1":"product","2":"type-product","3":"status-publish","4":"has-post-thumbnail","6":"product_cat-foi-coeur","7":"product_cat-livre","8":"product_cat-spiritualite","9":"description-off","11":"first","12":"instock","13":"shipping-taxable","14":"purchasable","15":"product-type-simple"},"jetpack_sharing_enabled":true,"_links":{"self":[{"href":"https:\/\/elouedshop.com\/index.php?rest_route=\/wp\/v2\/product\/8609","targetHints":{"allow":["GET"]}}],"collection":[{"href":"https:\/\/elouedshop.com\/index.php?rest_route=\/wp\/v2\/product"}],"about":[{"href":"https:\/\/elouedshop.com\/index.php?rest_route=\/wp\/v2\/types\/product"}],"wp:featuredmedia":[{"embeddable":true,"href":"https:\/\/elouedshop.com\/index.php?rest_route=\/wp\/v2\/media\/3332"}],"wp:attachment":[{"href":"https:\/\/elouedshop.com\/index.php?rest_route=%2Fwp%2Fv2%2Fmedia&parent=8609"}],"wp:term":[{"taxonomy":"product_brand","embeddable":true,"href":"https:\/\/elouedshop.com\/index.php?rest_route=%2Fwp%2Fv2%2Fproduct_brand&post=8609"},{"taxonomy":"product_cat","embeddable":true,"href":"https:\/\/elouedshop.com\/index.php?rest_route=%2Fwp%2Fv2%2Fproduct_cat&post=8609"},{"taxonomy":"product_tag","embeddable":true,"href":"https:\/\/elouedshop.com\/index.php?rest_route=%2Fwp%2Fv2%2Fproduct_tag&post=8609"}],"curies":[{"name":"wp","href":"https:\/\/api.w.org\/{rel}","templated":true}]}}