{"id":8596,"date":"2024-02-03T18:48:47","date_gmt":"2024-02-03T18:48:47","guid":{"rendered":"https:\/\/elouedshop.com\/?post_type=product&#038;p=8596"},"modified":"2024-10-08T19:44:18","modified_gmt":"2024-10-08T19:44:18","slug":"japprends-la-vertu-et-les-bonnes-manieres-avec-salah-le-pardon","status":"publish","type":"product","link":"https:\/\/elouedshop.com\/?product=japprends-la-vertu-et-les-bonnes-manieres-avec-salah-le-pardon","title":{"rendered":"J&rsquo;apprends la vertu et les bonnes mani\u00e8res avec S\u00e2lah : Le pardon"},"content":{"rendered":"","protected":false},"excerpt":{"rendered":"<p>Le pardon expliqu\u00e9 aux enfants gr\u00e2ce \u00e0 des r\u00e9cits \u00e9ducatifs sur les belles qualit\u00e9s&#8230;<\/p>\n<p>\u00ab\u00a0S\u00e2lah\u00a0\u00bb en langue arabe signifie une personne qui est de nature bonne et qui fait du bien autour de lui (une personne bienfaisante, un exemple \u00e0 suivre, un saint&#8230;)<\/p>\n<p>Le d\u00e9vouement, le pardon, la fraternit\u00e9, la reconnaissance, la loyaut\u00e9, l\u2019optimisme, la prudence, la sensibilit\u00e9, le calme et la tol\u00e9rance. Comment enseigner ces qualit\u00e9s aux enfants ? \u201cJ\u2019apprends la vertu et les bonnes mani\u00e8res avec S\u00e2lah (2), 10 r\u00e9cits \u00e9ducatifs sur les belles qualit\u00e9s\u201d montre, de fa\u00e7on amusante, l\u2019importance de ces vertus dans l\u2019\u00e9ducation des enfants.<\/p>\n<p>Chaque r\u00e9cit comporte d\u2019importants conseils ainsi que des rappels \u00e9manant essentiellement de la sagesse musulmane, visant \u00e0 rendre effectif l\u2019apprentissage de ces qualit\u00e9s chez l\u2019enfant.<\/p>\n<p>Les 10 livres de cette deuxi\u00e8me collection sont adapt\u00e9s aux enfants \u00e0 partir de 4 ans.<\/p>\n","protected":false},"featured_media":4044,"template":"","meta":[],"product_brand":[],"product_cat":[167,174,181,24,21],"product_tag":[],"class_list":{"0":"post-8596","1":"product","2":"type-product","3":"status-publish","4":"has-post-thumbnail","6":"product_cat-contes-educatifs","7":"product_cat-ecoles-maternelles","8":"product_cat-education-religieuse","9":"product_cat-enfants","10":"product_cat-livre","11":"description-off","13":"first","14":"instock","15":"shipping-taxable","16":"purchasable","17":"product-type-simple"},"jetpack_sharing_enabled":true,"_links":{"self":[{"href":"https:\/\/elouedshop.com\/index.php?rest_route=\/wp\/v2\/product\/8596","targetHints":{"allow":["GET"]}}],"collection":[{"href":"https:\/\/elouedshop.com\/index.php?rest_route=\/wp\/v2\/product"}],"about":[{"href":"https:\/\/elouedshop.com\/index.php?rest_route=\/wp\/v2\/types\/product"}],"wp:featuredmedia":[{"embeddable":true,"href":"https:\/\/elouedshop.com\/index.php?rest_route=\/wp\/v2\/media\/4044"}],"wp:attachment":[{"href":"https:\/\/elouedshop.com\/index.php?rest_route=%2Fwp%2Fv2%2Fmedia&parent=8596"}],"wp:term":[{"taxonomy":"product_brand","embeddable":true,"href":"https:\/\/elouedshop.com\/index.php?rest_route=%2Fwp%2Fv2%2Fproduct_brand&post=8596"},{"taxonomy":"product_cat","embeddable":true,"href":"https:\/\/elouedshop.com\/index.php?rest_route=%2Fwp%2Fv2%2Fproduct_cat&post=8596"},{"taxonomy":"product_tag","embeddable":true,"href":"https:\/\/elouedshop.com\/index.php?rest_route=%2Fwp%2Fv2%2Fproduct_tag&post=8596"}],"curies":[{"name":"wp","href":"https:\/\/api.w.org\/{rel}","templated":true}]}}