{"id":8588,"date":"2024-02-03T17:45:36","date_gmt":"2024-02-03T17:45:36","guid":{"rendered":"https:\/\/elouedshop.com\/?post_type=product&#038;p=8588"},"modified":"2024-02-03T17:45:41","modified_gmt":"2024-02-03T17:45:41","slug":"reflexions-sur-la-creation-ibn-qayyim-al-jawziyya","status":"publish","type":"product","link":"https:\/\/elouedshop.com\/?product=reflexions-sur-la-creation-ibn-qayyim-al-jawziyya","title":{"rendered":"R\u00e9flexions sur la Cr\u00e9ation &#8211; Ibn Qayyim Al-Jawziyya"},"content":{"rendered":"","protected":false},"excerpt":{"rendered":"<p><span class=\"OYPEnA text-decoration-none text-strikethrough-none\">Avec un esprit ouvert et une plume sage, l&rsquo;auteur explore les merveilles de la cr\u00e9ation. De notre corps, aux cieux en passant par les abysses, tout y passe ! Il arrive m\u00eame \u00e0 trouver la beaut\u00e9 dans le plus banal des objets. Les pens\u00e9es profondes de l&rsquo;auteur transcendent le quotidien et r\u00e9v\u00e8lent la perfection de la cr\u00e9ation. On retrouve ces r\u00e9flexions dans \u00ab\u00a0R\u00e9flexions sur la cr\u00e9ation d&rsquo;Ibn Qayyim Al-Jawziyya\u00a0\u00bb, issu de l&rsquo;\u00e9norme chef-d&rsquo;\u0153uvre \u00ab\u00a0La cl\u00e9 du paradis\u00a0\u00bb, traduit pour la premi\u00e8re fois en fran\u00e7ais.<\/span><\/p>\n","protected":false},"featured_media":8590,"template":"","meta":[],"product_brand":[],"product_cat":[205,207,21,196],"product_tag":[],"class_list":{"0":"post-8588","1":"product","2":"type-product","3":"status-publish","4":"has-post-thumbnail","6":"product_cat-dawa","7":"product_cat-islam-sciences","8":"product_cat-livre","9":"product_cat-science-du-coran","10":"description-off","12":"first","13":"instock","14":"shipping-taxable","15":"purchasable","16":"product-type-simple"},"jetpack_sharing_enabled":true,"_links":{"self":[{"href":"https:\/\/elouedshop.com\/index.php?rest_route=\/wp\/v2\/product\/8588","targetHints":{"allow":["GET"]}}],"collection":[{"href":"https:\/\/elouedshop.com\/index.php?rest_route=\/wp\/v2\/product"}],"about":[{"href":"https:\/\/elouedshop.com\/index.php?rest_route=\/wp\/v2\/types\/product"}],"wp:featuredmedia":[{"embeddable":true,"href":"https:\/\/elouedshop.com\/index.php?rest_route=\/wp\/v2\/media\/8590"}],"wp:attachment":[{"href":"https:\/\/elouedshop.com\/index.php?rest_route=%2Fwp%2Fv2%2Fmedia&parent=8588"}],"wp:term":[{"taxonomy":"product_brand","embeddable":true,"href":"https:\/\/elouedshop.com\/index.php?rest_route=%2Fwp%2Fv2%2Fproduct_brand&post=8588"},{"taxonomy":"product_cat","embeddable":true,"href":"https:\/\/elouedshop.com\/index.php?rest_route=%2Fwp%2Fv2%2Fproduct_cat&post=8588"},{"taxonomy":"product_tag","embeddable":true,"href":"https:\/\/elouedshop.com\/index.php?rest_route=%2Fwp%2Fv2%2Fproduct_tag&post=8588"}],"curies":[{"name":"wp","href":"https:\/\/api.w.org\/{rel}","templated":true}]}}