{"id":8581,"date":"2024-02-03T12:49:40","date_gmt":"2024-02-03T12:49:40","guid":{"rendered":"https:\/\/elouedshop.com\/?post_type=product&#038;p=8581"},"modified":"2024-02-03T12:57:01","modified_gmt":"2024-02-03T12:57:01","slug":"les-invocations-formulees-apres-la-priere","status":"publish","type":"product","link":"https:\/\/elouedshop.com\/?product=les-invocations-formulees-apres-la-priere","title":{"rendered":"Les invocations formul\u00e9es apr\u00e8s la Pri\u00e8re"},"content":{"rendered":"","protected":false},"excerpt":{"rendered":"<p>\u00ab\u00a0Le dhikr est un feu. S&rsquo;il entre dans une demeure, il dit : C&rsquo;est moi, non un autre ! S&rsquo;il y trouve du bois, il le br\u00fble, s&rsquo;il y trouve des t\u00e9n\u00e8bres, il les change en lumi\u00e8re; s&rsquo;il y trouve de la lumi\u00e8re, il y met lumi\u00e8re sur lumi\u00e8re\u00a0\u00bb<\/p>\n<p><b>Mod\u00e8le &#8211; Format :<\/b>\u00a08,5 x 10 cm<\/p>\n<p><b>Nombre de pages :<\/b>\u00a0119<\/p>\n","protected":false},"featured_media":6470,"template":"","meta":[],"product_brand":[],"product_cat":[176,75,21],"product_tag":[],"class_list":{"0":"post-8581","1":"product","2":"type-product","3":"status-publish","4":"has-post-thumbnail","6":"product_cat-invocations","7":"product_cat-invocations-et-rappels","8":"product_cat-livre","9":"description-off","11":"first","12":"instock","13":"shipping-taxable","14":"purchasable","15":"product-type-simple"},"jetpack_sharing_enabled":true,"_links":{"self":[{"href":"https:\/\/elouedshop.com\/index.php?rest_route=\/wp\/v2\/product\/8581","targetHints":{"allow":["GET"]}}],"collection":[{"href":"https:\/\/elouedshop.com\/index.php?rest_route=\/wp\/v2\/product"}],"about":[{"href":"https:\/\/elouedshop.com\/index.php?rest_route=\/wp\/v2\/types\/product"}],"wp:featuredmedia":[{"embeddable":true,"href":"https:\/\/elouedshop.com\/index.php?rest_route=\/wp\/v2\/media\/6470"}],"wp:attachment":[{"href":"https:\/\/elouedshop.com\/index.php?rest_route=%2Fwp%2Fv2%2Fmedia&parent=8581"}],"wp:term":[{"taxonomy":"product_brand","embeddable":true,"href":"https:\/\/elouedshop.com\/index.php?rest_route=%2Fwp%2Fv2%2Fproduct_brand&post=8581"},{"taxonomy":"product_cat","embeddable":true,"href":"https:\/\/elouedshop.com\/index.php?rest_route=%2Fwp%2Fv2%2Fproduct_cat&post=8581"},{"taxonomy":"product_tag","embeddable":true,"href":"https:\/\/elouedshop.com\/index.php?rest_route=%2Fwp%2Fv2%2Fproduct_tag&post=8581"}],"curies":[{"name":"wp","href":"https:\/\/api.w.org\/{rel}","templated":true}]}}