{"id":8560,"date":"2024-02-02T22:37:05","date_gmt":"2024-02-02T22:37:05","guid":{"rendered":"https:\/\/elouedshop.com\/?post_type=product&#038;p=8560"},"modified":"2024-02-02T22:39:31","modified_gmt":"2024-02-02T22:39:31","slug":"pour-une-vie-heureuse-remedes-contre-la-tristesse-et-langoisse","status":"publish","type":"product","link":"https:\/\/elouedshop.com\/?product=pour-une-vie-heureuse-remedes-contre-la-tristesse-et-langoisse","title":{"rendered":"Pour une vie heureuse &#8211; Rem\u00e8des contre la tristesse et l&rsquo;angoisse"},"content":{"rendered":"","protected":false},"excerpt":{"rendered":"<p><span class=\"OYPEnA text-decoration-none text-strikethrough-none\">Ce livre est le futur meilleur ami de toute personne qui a connu un moment difficile ou un chagrin. Il r\u00e9sume la litt\u00e9rature musulmane traitant des nombreux maux qui affectent les individus dans notre soci\u00e9t\u00e9 moderne. Des solutions aux probl\u00e8mes majeurs actuels tels que l&rsquo;angoisse et la tristesse, le mal-\u00eatre et le d\u00e9sespoir, la jalousie et le pessimisme y sont pr\u00e9sent\u00e9es. Les solutions sont essentiellement puis\u00e9es dans le Coran, la Parole d&rsquo;Allah, le Sage, l&rsquo;Omniscient, ainsi que dans la tradition proph\u00e9tique, dans les mots et la vie du Proph\u00e8te Muhammad (saw). Les dires sont corrobor\u00e9s par des versets coraniques et des hadiths, dans leur majorit\u00e9, authentiques. Les r\u00e9cits et les t\u00e9moignages de compagnons et de pieux pr\u00e9d\u00e9cesseurs sont \u00e9galement cit\u00e9s pour nous \u00e9clairer le chemin. En bref, ce livre est une source de bonheur, de s\u00e9r\u00e9nit\u00e9, et de qui\u00e9tude, qui nous rappelle la Mis\u00e9ricorde d&rsquo;Allah (awj), Son Indulgence, la n\u00e9cessit\u00e9 de se remettre \u00e0 Lui, de la n\u00e9cessit\u00e9 d&rsquo;avoir foi au destin, de vivre au jour le jour sans se soucier de l&rsquo;avenir, et de se rappeler toujours les Gr\u00e2ces d&rsquo;Allah (swt).<\/span><\/p>\n","protected":false},"featured_media":1093,"template":"","meta":[],"product_brand":[],"product_cat":[151,142,21,79],"product_tag":[],"class_list":{"0":"post-8560","1":"product","2":"type-product","3":"status-publish","4":"has-post-thumbnail","6":"product_cat-education-spiritualite","7":"product_cat-exhortation","8":"product_cat-livre","9":"product_cat-spiritualite","10":"description-off","12":"first","13":"instock","14":"shipping-taxable","15":"purchasable","16":"product-type-simple"},"jetpack_sharing_enabled":true,"_links":{"self":[{"href":"https:\/\/elouedshop.com\/index.php?rest_route=\/wp\/v2\/product\/8560","targetHints":{"allow":["GET"]}}],"collection":[{"href":"https:\/\/elouedshop.com\/index.php?rest_route=\/wp\/v2\/product"}],"about":[{"href":"https:\/\/elouedshop.com\/index.php?rest_route=\/wp\/v2\/types\/product"}],"wp:featuredmedia":[{"embeddable":true,"href":"https:\/\/elouedshop.com\/index.php?rest_route=\/wp\/v2\/media\/1093"}],"wp:attachment":[{"href":"https:\/\/elouedshop.com\/index.php?rest_route=%2Fwp%2Fv2%2Fmedia&parent=8560"}],"wp:term":[{"taxonomy":"product_brand","embeddable":true,"href":"https:\/\/elouedshop.com\/index.php?rest_route=%2Fwp%2Fv2%2Fproduct_brand&post=8560"},{"taxonomy":"product_cat","embeddable":true,"href":"https:\/\/elouedshop.com\/index.php?rest_route=%2Fwp%2Fv2%2Fproduct_cat&post=8560"},{"taxonomy":"product_tag","embeddable":true,"href":"https:\/\/elouedshop.com\/index.php?rest_route=%2Fwp%2Fv2%2Fproduct_tag&post=8560"}],"curies":[{"name":"wp","href":"https:\/\/api.w.org\/{rel}","templated":true}]}}