{"id":8556,"date":"2024-02-02T22:12:38","date_gmt":"2024-02-02T22:12:38","guid":{"rendered":"https:\/\/elouedshop.com\/?post_type=product&#038;p=8556"},"modified":"2024-02-02T22:14:48","modified_gmt":"2024-02-02T22:14:48","slug":"elle-et-lui-se-comprendre-pour-saimer","status":"publish","type":"product","link":"https:\/\/elouedshop.com\/?product=elle-et-lui-se-comprendre-pour-saimer","title":{"rendered":"Elle et lui : Se comprendre pour s\u2019aimer"},"content":{"rendered":"","protected":false},"excerpt":{"rendered":"<p>Le bonheur dans le couple ne peut s&rsquo;atteindre que si chacun des \u00e9poux conna\u00eet les particularit\u00e9s de son conjoint. Les sp\u00e9cificit\u00e9s de la f\u00e9minit\u00e9 et de la masculinit\u00e9 doivent \u00eatre bien comprises pour mieux aborder et g\u00e9rer la vie de couple sur le long terme.<\/p>\n<p>Le livre que vous avez entre les mains se propose d&rsquo;exposer en quoi les hommes diff\u00e8rent des femmes: les mentalit\u00e9s, les attentes,etc. Apr\u00e8s la lecture de cet ouvrage, le lecteur prendra conscience de la complexit\u00e9 de la psychologie humaine.<\/p>\n<p>Ainsi de nombreux conflits pourront \u00eatre \u00e9vit\u00e9s. Et dans le cas o\u00f9 ils surgiraient, ils seront ais\u00e9ment r\u00e9gl\u00e9s. car la cl\u00e9 de la bonne entente et du respect r\u00e9side dans la compr\u00e9hension profonde et non superficielle de l&rsquo;autre.<\/p>\n","protected":false},"featured_media":7174,"template":"","meta":[],"product_brand":[],"product_cat":[21,46],"product_tag":[],"class_list":{"0":"post-8556","1":"product","2":"type-product","3":"status-publish","4":"has-post-thumbnail","6":"product_cat-livre","7":"product_cat-mariage-couple","8":"description-off","10":"first","11":"instock","12":"shipping-taxable","13":"purchasable","14":"product-type-simple"},"jetpack_sharing_enabled":true,"_links":{"self":[{"href":"https:\/\/elouedshop.com\/index.php?rest_route=\/wp\/v2\/product\/8556","targetHints":{"allow":["GET"]}}],"collection":[{"href":"https:\/\/elouedshop.com\/index.php?rest_route=\/wp\/v2\/product"}],"about":[{"href":"https:\/\/elouedshop.com\/index.php?rest_route=\/wp\/v2\/types\/product"}],"wp:featuredmedia":[{"embeddable":true,"href":"https:\/\/elouedshop.com\/index.php?rest_route=\/wp\/v2\/media\/7174"}],"wp:attachment":[{"href":"https:\/\/elouedshop.com\/index.php?rest_route=%2Fwp%2Fv2%2Fmedia&parent=8556"}],"wp:term":[{"taxonomy":"product_brand","embeddable":true,"href":"https:\/\/elouedshop.com\/index.php?rest_route=%2Fwp%2Fv2%2Fproduct_brand&post=8556"},{"taxonomy":"product_cat","embeddable":true,"href":"https:\/\/elouedshop.com\/index.php?rest_route=%2Fwp%2Fv2%2Fproduct_cat&post=8556"},{"taxonomy":"product_tag","embeddable":true,"href":"https:\/\/elouedshop.com\/index.php?rest_route=%2Fwp%2Fv2%2Fproduct_tag&post=8556"}],"curies":[{"name":"wp","href":"https:\/\/api.w.org\/{rel}","templated":true}]}}