{"id":8552,"date":"2024-02-02T21:58:13","date_gmt":"2024-02-02T21:58:13","guid":{"rendered":"https:\/\/elouedshop.com\/?post_type=product&#038;p=8552"},"modified":"2024-02-02T21:58:31","modified_gmt":"2024-02-02T21:58:31","slug":"la-guerison-des-ames","status":"publish","type":"product","link":"https:\/\/elouedshop.com\/?product=la-guerison-des-ames","title":{"rendered":"La gu\u00e9rison des \u00e2mes"},"content":{"rendered":"","protected":false},"excerpt":{"rendered":"<p>\u00ab\u00a0Sache que tout ce qu\u2019Allah a introduit en l\u2019humain a pour but de lui \u00eatre b\u00e9n\u00e9fique.<\/p>\n<p>Ainsi, certains d\u00e9sirs peuvent l\u2019aider \u00e0 attirer ce qui lui est profitable. C\u2019est le cas du d\u00e9sir pour la nourriture par exemple.<\/p>\n<p>D\u2019autres l\u2019aident \u00e0 repousser ce qui pourrait lui porter pr\u00e9judice, comme la capacit\u00e9 \u00e0 se mettre en col\u00e8re notamment.<\/p>\n<p>Ceci \u00e9tant dit, quand le d\u00e9sir de la nourriture devient excessif, il se transforme en gourmandise nocive. De m\u00eame, la col\u00e8re, quand elle n\u2019est pas ma\u00eetris\u00e9e, devient nuisible.<\/p>\n<p>Les objectifs de ce livre sont d\u2019appliquer, sur l\u2019esprit et le c\u0153ur, les principes de la raison saine et de la rectitude, de canaliser les d\u00e9sirs afin qu\u2019ils ne soient pas nocifs, et de soigner les passions sous lesquelles l\u2019on agit mais qui s\u2019opposent aux lois de l\u2019intelligence et de la droiture.\u00a0\u00bb<\/p>\n<p>Ibn Al-Jawzi.<\/p>\n","protected":false},"featured_media":3281,"template":"","meta":[],"product_brand":[],"product_cat":[151,21],"product_tag":[],"class_list":{"0":"post-8552","1":"product","2":"type-product","3":"status-publish","4":"has-post-thumbnail","6":"product_cat-education-spiritualite","7":"product_cat-livre","8":"description-off","10":"first","11":"instock","12":"shipping-taxable","13":"purchasable","14":"product-type-simple"},"jetpack_sharing_enabled":true,"_links":{"self":[{"href":"https:\/\/elouedshop.com\/index.php?rest_route=\/wp\/v2\/product\/8552","targetHints":{"allow":["GET"]}}],"collection":[{"href":"https:\/\/elouedshop.com\/index.php?rest_route=\/wp\/v2\/product"}],"about":[{"href":"https:\/\/elouedshop.com\/index.php?rest_route=\/wp\/v2\/types\/product"}],"wp:featuredmedia":[{"embeddable":true,"href":"https:\/\/elouedshop.com\/index.php?rest_route=\/wp\/v2\/media\/3281"}],"wp:attachment":[{"href":"https:\/\/elouedshop.com\/index.php?rest_route=%2Fwp%2Fv2%2Fmedia&parent=8552"}],"wp:term":[{"taxonomy":"product_brand","embeddable":true,"href":"https:\/\/elouedshop.com\/index.php?rest_route=%2Fwp%2Fv2%2Fproduct_brand&post=8552"},{"taxonomy":"product_cat","embeddable":true,"href":"https:\/\/elouedshop.com\/index.php?rest_route=%2Fwp%2Fv2%2Fproduct_cat&post=8552"},{"taxonomy":"product_tag","embeddable":true,"href":"https:\/\/elouedshop.com\/index.php?rest_route=%2Fwp%2Fv2%2Fproduct_tag&post=8552"}],"curies":[{"name":"wp","href":"https:\/\/api.w.org\/{rel}","templated":true}]}}