{"id":8549,"date":"2024-02-02T21:55:30","date_gmt":"2024-02-02T21:55:30","guid":{"rendered":"https:\/\/elouedshop.com\/?post_type=product&#038;p=8549"},"modified":"2024-03-15T21:46:52","modified_gmt":"2024-03-15T21:46:52","slug":"lobligation-de-sen-remettre-au-jugement-de-la-revelation","status":"publish","type":"product","link":"https:\/\/elouedshop.com\/?product=lobligation-de-sen-remettre-au-jugement-de-la-revelation","title":{"rendered":"L&rsquo;obligation de s&rsquo;en remettre au jugement de la r\u00e9v\u00e9lation"},"content":{"rendered":"","protected":false},"excerpt":{"rendered":"<p>&#8220;Tahk\u00eem al Qaw\u00e2n\u00een&#8221; est la Fatwa 4065 de la compilation des lettres et fat\u00e2w\u00e2 de Mohammed Ibn Ibrahim \u00c2l al-Shaykh (t.12 p.284)<\/p>\n<p>Cette Fatwa fait vraiment partie de la m\u00e9cr\u00e9ance majeure et claire de donner aux maudites lois forg\u00e9es la place que devrait avoir ce qu&#8217;a transmis l&#8217;Esprit fid\u00e8le sur le coeur de Mohammad (saw) pour qu&#8217;il soit entre tous un avertisseur en langue arabe claire, et ceci en jugeant par elles (les lois forg\u00e9es) et en s&#8217;en remettant \u00e0 elles en cas d&#8217;un quelconque conflit, contredisant et refusant la parole d&#8217;Allah :\u00a0<b>&#8220;Si vous vous disputez en quoi que ce soit, renvoyer-la \u00e0 Allah et au Messager, si vous croyez en Allah et Jour Dernier. Cela sera meilleur pour vous et de plus belle interpr\u00e9tation&#8221;<\/b>\u00a0(Sourate 4 verset 59).<\/p>\n","protected":false},"featured_media":5670,"template":"","meta":[],"product_brand":[],"product_cat":[159,80,21],"product_tag":[],"class_list":{"0":"post-8549","1":"product","2":"type-product","3":"status-publish","4":"has-post-thumbnail","6":"product_cat-credo-doctrine","7":"product_cat-dogme","8":"product_cat-livre","9":"description-off","11":"first","12":"instock","13":"shipping-taxable","14":"purchasable","15":"product-type-simple"},"jetpack_sharing_enabled":true,"_links":{"self":[{"href":"https:\/\/elouedshop.com\/index.php?rest_route=\/wp\/v2\/product\/8549","targetHints":{"allow":["GET"]}}],"collection":[{"href":"https:\/\/elouedshop.com\/index.php?rest_route=\/wp\/v2\/product"}],"about":[{"href":"https:\/\/elouedshop.com\/index.php?rest_route=\/wp\/v2\/types\/product"}],"wp:featuredmedia":[{"embeddable":true,"href":"https:\/\/elouedshop.com\/index.php?rest_route=\/wp\/v2\/media\/5670"}],"wp:attachment":[{"href":"https:\/\/elouedshop.com\/index.php?rest_route=%2Fwp%2Fv2%2Fmedia&parent=8549"}],"wp:term":[{"taxonomy":"product_brand","embeddable":true,"href":"https:\/\/elouedshop.com\/index.php?rest_route=%2Fwp%2Fv2%2Fproduct_brand&post=8549"},{"taxonomy":"product_cat","embeddable":true,"href":"https:\/\/elouedshop.com\/index.php?rest_route=%2Fwp%2Fv2%2Fproduct_cat&post=8549"},{"taxonomy":"product_tag","embeddable":true,"href":"https:\/\/elouedshop.com\/index.php?rest_route=%2Fwp%2Fv2%2Fproduct_tag&post=8549"}],"curies":[{"name":"wp","href":"https:\/\/api.w.org\/{rel}","templated":true}]}}