{"id":8520,"date":"2024-02-02T21:28:26","date_gmt":"2024-02-02T21:28:26","guid":{"rendered":"https:\/\/elouedshop.com\/?post_type=product&#038;p=8520"},"modified":"2024-03-30T20:13:55","modified_gmt":"2024-03-30T20:13:55","slug":"les-99-beaux-noms-dallah-arabe-francais-phonetique-rose-clair","status":"publish","type":"product","link":"https:\/\/elouedshop.com\/?product=les-99-beaux-noms-dallah-arabe-francais-phonetique-rose-clair","title":{"rendered":"Les 99 Beaux Noms d&rsquo;Allah (arabe\/fran\u00e7ais\/phon\u00e9tique) &#8211; Rose clair"},"content":{"rendered":"","protected":false},"excerpt":{"rendered":"<p>Livre reprenant les 99 Beaux Noms d&#8217;Allah avec calligraphies, arabe, fran\u00e7ais et phon\u00e9tique + explications en fin de livre.<\/p>\n<p>Dans le Coran, Dieu dit \u00e0 Son propre Sujet :<\/p>\n<p>[ Et \u00e0 Dieu appartiennent les plus beaux Noms. Invoquez-le donc par ces (Noms) ] (Coran S. 7\/ V. 180)<\/p>\n<p>[ Il est Dieu, Celui \u00e0 part qui il n\u2019y a de dieu. Connaisseur de l\u2019invisible et du visible. Il est le Tr\u00e8s Cl\u00e9ment, le Mis\u00e9ricordieux.<\/p>\n<p>Il est Dieu, Celui \u00e0 part qui il n\u2019y a de dieu. Le Souverain, le Pur, l\u2019Apaisant, le Rassurant, le Pr\u00e9dominant, le Puissant, le Contraignant, l\u2019Orgueilleux. Puret\u00e9 \u00e0 Dieu par rapport \u00e0 ce qu\u2019ils Lui associent !<\/p>\n<p>Il est Dieu, le Cr\u00e9ateur, Celui qui donne un commencement, Celui qui donne forme. A Lui appartiennent les plus beaux Noms. Ce qui est dans les cieux et (sur) la terre proclament Sa Puret\u00e9. Et Il est le Puissant, le Sage ] (Coran S. 59\/V. 22-24)<\/p>\n<p>[ Dis : Invoquez Dieu ou invoquez Le Mis\u00e9ricordieux ; quel que soit celui (de ces Noms) que vous prononcez, (votre invocation s\u2019adresse \u00e0 Lui, car) Il a les Noms les plus beaux ] (Coran S. 17\/V. 110)<\/p>\n<p>Dans un had\u00eeth, le Proph\u00e8te (SAW) a dit : \u201cDieu a quatre-vingt-dix neuf noms \u2013 cent moins un \u2013 celui qui en fera le ihs\u00e2\u2019 entrera au paradis\u201d (rapport\u00e9 par al-Bukh\u00e2r\u00ee) ; faire leur ihs\u00e2\u2019 peut signifier : \u201cles rassembler\u201d ; ou : \u201cles m\u00e9moriser\u201d ; ou : \u201cinvoquer Dieu par le biais de ces Noms\u201d ; ou : \u201cagir selon ce que ces Noms impliquent\u201d<\/p>\n","protected":false},"featured_media":3676,"template":"","meta":[],"product_brand":[],"product_cat":[25,176,45,75,21],"product_tag":[],"class_list":{"0":"post-8520","1":"product","2":"type-product","3":"status-publish","4":"has-post-thumbnail","6":"product_cat-femmes","7":"product_cat-invocations","8":"product_cat-invocations-et-rappel","9":"product_cat-invocations-et-rappels","10":"product_cat-livre","11":"description-off","13":"first","14":"instock","15":"shipping-taxable","16":"purchasable","17":"product-type-simple"},"jetpack_sharing_enabled":true,"_links":{"self":[{"href":"https:\/\/elouedshop.com\/index.php?rest_route=\/wp\/v2\/product\/8520","targetHints":{"allow":["GET"]}}],"collection":[{"href":"https:\/\/elouedshop.com\/index.php?rest_route=\/wp\/v2\/product"}],"about":[{"href":"https:\/\/elouedshop.com\/index.php?rest_route=\/wp\/v2\/types\/product"}],"wp:featuredmedia":[{"embeddable":true,"href":"https:\/\/elouedshop.com\/index.php?rest_route=\/wp\/v2\/media\/3676"}],"wp:attachment":[{"href":"https:\/\/elouedshop.com\/index.php?rest_route=%2Fwp%2Fv2%2Fmedia&parent=8520"}],"wp:term":[{"taxonomy":"product_brand","embeddable":true,"href":"https:\/\/elouedshop.com\/index.php?rest_route=%2Fwp%2Fv2%2Fproduct_brand&post=8520"},{"taxonomy":"product_cat","embeddable":true,"href":"https:\/\/elouedshop.com\/index.php?rest_route=%2Fwp%2Fv2%2Fproduct_cat&post=8520"},{"taxonomy":"product_tag","embeddable":true,"href":"https:\/\/elouedshop.com\/index.php?rest_route=%2Fwp%2Fv2%2Fproduct_tag&post=8520"}],"curies":[{"name":"wp","href":"https:\/\/api.w.org\/{rel}","templated":true}]}}