{"id":8519,"date":"2024-02-02T21:27:43","date_gmt":"2024-02-02T21:27:43","guid":{"rendered":"https:\/\/elouedshop.com\/?post_type=product&#038;p=8519"},"modified":"2024-03-30T20:13:29","modified_gmt":"2024-03-30T20:13:29","slug":"le-foyer-bienheureux-et-le-desaccord-conjugal","status":"publish","type":"product","link":"https:\/\/elouedshop.com\/?product=le-foyer-bienheureux-et-le-desaccord-conjugal","title":{"rendered":"Le foyer bienheureux et le d\u00e9saccord conjugal"},"content":{"rendered":"","protected":false},"excerpt":{"rendered":"<p>Les mari\u00e9s qu\u2019ils soient jeunes ou vieux recherchent le bonheur, souhaitent la tranquillit\u00e9 et aspirent \u00e0 la stabilit\u00e9, au repos de l\u2019\u00e2me et de l\u2019esprit. De la m\u00eame mani\u00e8re, ils s\u2019efforcent de s\u2019\u00e9loigner le plus possible des causes du malheur, du d\u00e9sordre, des troubles et de leurs cons\u00e9quences, surtout au sein de la cellule familiale.<\/p>\n<p>Une famille \u00e9quilibr\u00e9e est un bienfait pour la communaut\u00e9 et par elle la soci\u00e9t\u00e9 peut pr\u00e9tendre vivement \u00e0 la pl\u00e9nitude et au bien-\u00eatre. Ce livre est garni de conseils pour les \u00e9poux musulmans ; nous vous invitons donc \u00e0 le lire et le m\u00e9diter en famille pour ensuite l\u2019appliquer notamment dans les moments difficiles pour ressentir le bienfait et la douceur de l\u2019islam, du mariage et d\u2019un foyer bienheureux&#8230;<\/p>\n","protected":false},"featured_media":1622,"template":"","meta":[],"product_brand":[],"product_cat":[25,21,46],"product_tag":[],"class_list":{"0":"post-8519","1":"product","2":"type-product","3":"status-publish","4":"has-post-thumbnail","6":"product_cat-femmes","7":"product_cat-livre","8":"product_cat-mariage-couple","9":"description-off","11":"first","12":"instock","13":"shipping-taxable","14":"purchasable","15":"product-type-simple"},"jetpack_sharing_enabled":true,"_links":{"self":[{"href":"https:\/\/elouedshop.com\/index.php?rest_route=\/wp\/v2\/product\/8519","targetHints":{"allow":["GET"]}}],"collection":[{"href":"https:\/\/elouedshop.com\/index.php?rest_route=\/wp\/v2\/product"}],"about":[{"href":"https:\/\/elouedshop.com\/index.php?rest_route=\/wp\/v2\/types\/product"}],"wp:featuredmedia":[{"embeddable":true,"href":"https:\/\/elouedshop.com\/index.php?rest_route=\/wp\/v2\/media\/1622"}],"wp:attachment":[{"href":"https:\/\/elouedshop.com\/index.php?rest_route=%2Fwp%2Fv2%2Fmedia&parent=8519"}],"wp:term":[{"taxonomy":"product_brand","embeddable":true,"href":"https:\/\/elouedshop.com\/index.php?rest_route=%2Fwp%2Fv2%2Fproduct_brand&post=8519"},{"taxonomy":"product_cat","embeddable":true,"href":"https:\/\/elouedshop.com\/index.php?rest_route=%2Fwp%2Fv2%2Fproduct_cat&post=8519"},{"taxonomy":"product_tag","embeddable":true,"href":"https:\/\/elouedshop.com\/index.php?rest_route=%2Fwp%2Fv2%2Fproduct_tag&post=8519"}],"curies":[{"name":"wp","href":"https:\/\/api.w.org\/{rel}","templated":true}]}}