{"id":8507,"date":"2024-02-02T21:14:29","date_gmt":"2024-02-02T21:14:29","guid":{"rendered":"https:\/\/elouedshop.com\/?post_type=product&#038;p=8507"},"modified":"2024-02-02T21:15:05","modified_gmt":"2024-02-02T21:15:05","slug":"la-profession-de-foi-des-gens-de-la-sunna-et-du-consensus","status":"publish","type":"product","link":"https:\/\/elouedshop.com\/?product=la-profession-de-foi-des-gens-de-la-sunna-et-du-consensus","title":{"rendered":"La profession de foi des gens de la sunna et du consensus"},"content":{"rendered":"","protected":false},"excerpt":{"rendered":"<p>Un livre de r\u00e9f\u00e9rence \u00e0 avoir absolument dans sa biblioth\u00e8que !<\/p>\n<p>Cheikh Ibn Baz dit dans sa pr\u00e9face de ce livre b\u00e9n\u00e9fique : \u00ab\u00a0J\u2019ai pris connaissance de cette profession de foi du musulman sous forme de r\u00e9sum\u00e9, compos\u00e9 par notre fr\u00e8re l\u2019\u00e9minent savant Cheikh Muhammad ibn S\u00e2lih Al-\u2018Uthaym\u00een. Je l\u2019ai entendu en entier et j\u2019ai trouv\u00e9 qu\u2019il traitait de la croyance des Gens de la Sunna et du Consensus (\u2018Aq\u00eedatu Ahlis-Sunnati wal-Jam\u00e2\u2018a) d\u2019une mani\u00e8re claire et compl\u00e8te, particuli\u00e8rement dans les chapitres de l\u2019unicit\u00e9 d\u2019Allah, de Ses noms et attributs, de la croyance aux anges, aux Livres r\u00e9v\u00e9l\u00e9s, aux messagers, au Jour du Jugement Dernier, et au destin bon ou mauvais.\u00a0\u00bb<\/p>\n<p>Livre publi\u00e9 en partenariat et avec l&rsquo;accord de l&rsquo;Association Islam-House.<\/p>\n","protected":false},"featured_media":4295,"template":"","meta":[],"product_brand":[],"product_cat":[159,80,21],"product_tag":[],"class_list":{"0":"post-8507","1":"product","2":"type-product","3":"status-publish","4":"has-post-thumbnail","6":"product_cat-credo-doctrine","7":"product_cat-dogme","8":"product_cat-livre","9":"description-off","11":"first","12":"instock","13":"shipping-taxable","14":"purchasable","15":"product-type-simple"},"jetpack_sharing_enabled":true,"_links":{"self":[{"href":"https:\/\/elouedshop.com\/index.php?rest_route=\/wp\/v2\/product\/8507","targetHints":{"allow":["GET"]}}],"collection":[{"href":"https:\/\/elouedshop.com\/index.php?rest_route=\/wp\/v2\/product"}],"about":[{"href":"https:\/\/elouedshop.com\/index.php?rest_route=\/wp\/v2\/types\/product"}],"wp:featuredmedia":[{"embeddable":true,"href":"https:\/\/elouedshop.com\/index.php?rest_route=\/wp\/v2\/media\/4295"}],"wp:attachment":[{"href":"https:\/\/elouedshop.com\/index.php?rest_route=%2Fwp%2Fv2%2Fmedia&parent=8507"}],"wp:term":[{"taxonomy":"product_brand","embeddable":true,"href":"https:\/\/elouedshop.com\/index.php?rest_route=%2Fwp%2Fv2%2Fproduct_brand&post=8507"},{"taxonomy":"product_cat","embeddable":true,"href":"https:\/\/elouedshop.com\/index.php?rest_route=%2Fwp%2Fv2%2Fproduct_cat&post=8507"},{"taxonomy":"product_tag","embeddable":true,"href":"https:\/\/elouedshop.com\/index.php?rest_route=%2Fwp%2Fv2%2Fproduct_tag&post=8507"}],"curies":[{"name":"wp","href":"https:\/\/api.w.org\/{rel}","templated":true}]}}