{"id":8326,"date":"2024-01-23T18:12:53","date_gmt":"2024-01-23T18:12:53","guid":{"rendered":"https:\/\/elouedshop.com\/?post_type=product&#038;p=8326"},"modified":"2024-01-23T18:13:03","modified_gmt":"2024-01-23T18:13:03","slug":"comment-gagner-lamour-dallah-faysal-al-hashidi","status":"publish","type":"product","link":"https:\/\/elouedshop.com\/?product=comment-gagner-lamour-dallah-faysal-al-hashidi","title":{"rendered":"Comment gagner l&rsquo;amour d&rsquo;Allah &#8211; Faysal al H\u00e2shid\u00ee"},"content":{"rendered":"","protected":false},"excerpt":{"rendered":"<p><span class=\"OYPEnA text-decoration-none text-strikethrough-none\">L&rsquo;amour est une qualit\u00e9 divine d&rsquo;Allah. Le Coran nous enseigne que Dieu affectionne particuli\u00e8rement les pieux, les bienfaisants, les repentants, les purs et ceux qui suivent Son Proph\u00e8te Muhammad, ainsi que d&rsquo;autres croyants exemplaires.<\/span><\/p>\n","protected":false},"featured_media":5648,"template":"","meta":[],"product_brand":[],"product_cat":[152,181,161,21],"product_tag":[],"class_list":{"0":"post-8326","1":"product","2":"type-product","3":"status-publish","4":"has-post-thumbnail","6":"product_cat-connaitre-dieu","7":"product_cat-education-religieuse","8":"product_cat-foi-iman","9":"product_cat-livre","10":"description-off","12":"first","13":"instock","14":"shipping-taxable","15":"purchasable","16":"product-type-simple"},"jetpack_sharing_enabled":true,"_links":{"self":[{"href":"https:\/\/elouedshop.com\/index.php?rest_route=\/wp\/v2\/product\/8326","targetHints":{"allow":["GET"]}}],"collection":[{"href":"https:\/\/elouedshop.com\/index.php?rest_route=\/wp\/v2\/product"}],"about":[{"href":"https:\/\/elouedshop.com\/index.php?rest_route=\/wp\/v2\/types\/product"}],"wp:featuredmedia":[{"embeddable":true,"href":"https:\/\/elouedshop.com\/index.php?rest_route=\/wp\/v2\/media\/5648"}],"wp:attachment":[{"href":"https:\/\/elouedshop.com\/index.php?rest_route=%2Fwp%2Fv2%2Fmedia&parent=8326"}],"wp:term":[{"taxonomy":"product_brand","embeddable":true,"href":"https:\/\/elouedshop.com\/index.php?rest_route=%2Fwp%2Fv2%2Fproduct_brand&post=8326"},{"taxonomy":"product_cat","embeddable":true,"href":"https:\/\/elouedshop.com\/index.php?rest_route=%2Fwp%2Fv2%2Fproduct_cat&post=8326"},{"taxonomy":"product_tag","embeddable":true,"href":"https:\/\/elouedshop.com\/index.php?rest_route=%2Fwp%2Fv2%2Fproduct_tag&post=8326"}],"curies":[{"name":"wp","href":"https:\/\/api.w.org\/{rel}","templated":true}]}}