{"id":8313,"date":"2024-01-23T16:52:01","date_gmt":"2024-01-23T16:52:01","guid":{"rendered":"https:\/\/elouedshop.com\/?post_type=product&#038;p=8313"},"modified":"2024-01-25T12:21:24","modified_gmt":"2024-01-25T12:21:24","slug":"chere-soeur-ne-sois-pas-triste","status":"publish","type":"product","link":"https:\/\/elouedshop.com\/?product=chere-soeur-ne-sois-pas-triste","title":{"rendered":"Ch\u00e8re soeur ne sois pas triste"},"content":{"rendered":"","protected":false},"excerpt":{"rendered":"<p class=\"cvGsUA direction-ltr align-center para-style-body\"><span class=\"OYPEnA text-decoration-none text-strikethrough-none\">Allah le Tr\u00e8s-Haut nous r\u00e9v\u00e8le que \u00ab\u00a0C&rsquo;est Lui qui a cr\u00e9\u00e9 la vie et la mort pour vous mettre \u00e0 l&rsquo;\u00e9preuve et voir qui d&rsquo;entre vous agit le mieux\u00a0\u00bb.<\/span><\/p>\n<p class=\"cvGsUA direction-ltr align-center para-style-body\"><span class=\"OYPEnA text-decoration-none text-strikethrough-none\">Ne sois pas dupe, les \u00e9preuves ne sont pas une punition en soi. D&rsquo;ailleurs, n&rsquo;a-t-il pas \u00e9t\u00e9 dit que le Proph\u00e8te (paix et salut sur lui) a d\u00e9clar\u00e9: \u00ab\u00a0Si Allah veut r\u00e9compenser quelqu&rsquo;un, Il l&rsquo;\u00e9prouve\u00a0\u00bb? En fait, l&rsquo;\u00e9preuve que tu traverses est un signe de l&rsquo;amour que Dieu a pour toi: \u00ab\u00a0Certes, quand Allah aime un groupe de gens, Il les \u00e9prouve &#8230;\u00a0\u00bb<\/span><\/p>\n<p class=\"cvGsUA direction-ltr align-center para-style-body\"><span class=\"OYPEnA text-decoration-none text-strikethrough-none\">Alors, peu importe la raison de ta douleur, rappelle-toi que: \u00ab\u00a0A c\u00f4t\u00e9 de la difficult\u00e9, il y a certes une facilit\u00e9!\u00a0\u00bb R\u00e9p\u00e8te-le et accroche-toi, la facilit\u00e9 viendra!<\/span><\/p>\n","protected":false},"featured_media":5708,"template":"","meta":[],"product_brand":[],"product_cat":[25,21],"product_tag":[],"class_list":{"0":"post-8313","1":"product","2":"type-product","3":"status-publish","4":"has-post-thumbnail","6":"product_cat-femmes","7":"product_cat-livre","8":"description-off","10":"first","11":"instock","12":"shipping-taxable","13":"purchasable","14":"product-type-simple"},"jetpack_sharing_enabled":true,"_links":{"self":[{"href":"https:\/\/elouedshop.com\/index.php?rest_route=\/wp\/v2\/product\/8313","targetHints":{"allow":["GET"]}}],"collection":[{"href":"https:\/\/elouedshop.com\/index.php?rest_route=\/wp\/v2\/product"}],"about":[{"href":"https:\/\/elouedshop.com\/index.php?rest_route=\/wp\/v2\/types\/product"}],"wp:featuredmedia":[{"embeddable":true,"href":"https:\/\/elouedshop.com\/index.php?rest_route=\/wp\/v2\/media\/5708"}],"wp:attachment":[{"href":"https:\/\/elouedshop.com\/index.php?rest_route=%2Fwp%2Fv2%2Fmedia&parent=8313"}],"wp:term":[{"taxonomy":"product_brand","embeddable":true,"href":"https:\/\/elouedshop.com\/index.php?rest_route=%2Fwp%2Fv2%2Fproduct_brand&post=8313"},{"taxonomy":"product_cat","embeddable":true,"href":"https:\/\/elouedshop.com\/index.php?rest_route=%2Fwp%2Fv2%2Fproduct_cat&post=8313"},{"taxonomy":"product_tag","embeddable":true,"href":"https:\/\/elouedshop.com\/index.php?rest_route=%2Fwp%2Fv2%2Fproduct_tag&post=8313"}],"curies":[{"name":"wp","href":"https:\/\/api.w.org\/{rel}","templated":true}]}}