{"id":8276,"date":"2024-01-22T17:55:06","date_gmt":"2024-01-22T17:55:06","guid":{"rendered":"https:\/\/elouedshop.com\/?post_type=product&#038;p=8276"},"modified":"2024-01-22T18:02:20","modified_gmt":"2024-01-22T18:02:20","slug":"les-deux-fils-dadam","status":"publish","type":"product","link":"https:\/\/elouedshop.com\/?product=les-deux-fils-dadam","title":{"rendered":"Les deux fils d&rsquo;adam"},"content":{"rendered":"","protected":false},"excerpt":{"rendered":"<p><span class=\"OYPEnA text-decoration-none text-strikethrough-none\">Beaucoup ont entendu parler de l&rsquo;histoire des deux fils d&rsquo;Adam dans la sourate \u00ab\u00a0La table servie\u00a0\u00bb. Mais, pour la plupart d&rsquo;entre nous, nous restons perplexes: Est-ce que les noms des fils d&rsquo;Adam ont \u00e9t\u00e9 rapport\u00e9s de mani\u00e8re authentique ? Pourquoi ont-ils offert des offrandes \u00e0 Allah et quelles \u00e9taient ces offrandes ? Pourquoi Allah U a-t-il accept\u00e9 l&rsquo;offrande de l&rsquo;un et pas de l&rsquo;autre ? Cette \u00e9p\u00eetre r\u00e9pond \u00e0 toutes ces questions et souligne les le\u00e7ons que nous pouvons tirer de cette histoire coranique, notamment le danger de la jalousie (al-Hasad) et ses cons\u00e9quences n\u00e9fastes pour l&rsquo;envieux et l&rsquo;envi\u00e9.<\/span><\/p>\n","protected":false},"featured_media":7954,"template":"","meta":[],"product_brand":[],"product_cat":[175,21,67],"product_tag":[],"class_list":{"0":"post-8276","1":"product","2":"type-product","3":"status-publish","4":"has-post-thumbnail","6":"product_cat-histoires-du-coran","7":"product_cat-livre","8":"product_cat-recits-coranique","9":"description-off","11":"first","12":"instock","13":"shipping-taxable","14":"purchasable","15":"product-type-simple"},"jetpack_sharing_enabled":true,"_links":{"self":[{"href":"https:\/\/elouedshop.com\/index.php?rest_route=\/wp\/v2\/product\/8276","targetHints":{"allow":["GET"]}}],"collection":[{"href":"https:\/\/elouedshop.com\/index.php?rest_route=\/wp\/v2\/product"}],"about":[{"href":"https:\/\/elouedshop.com\/index.php?rest_route=\/wp\/v2\/types\/product"}],"wp:featuredmedia":[{"embeddable":true,"href":"https:\/\/elouedshop.com\/index.php?rest_route=\/wp\/v2\/media\/7954"}],"wp:attachment":[{"href":"https:\/\/elouedshop.com\/index.php?rest_route=%2Fwp%2Fv2%2Fmedia&parent=8276"}],"wp:term":[{"taxonomy":"product_brand","embeddable":true,"href":"https:\/\/elouedshop.com\/index.php?rest_route=%2Fwp%2Fv2%2Fproduct_brand&post=8276"},{"taxonomy":"product_cat","embeddable":true,"href":"https:\/\/elouedshop.com\/index.php?rest_route=%2Fwp%2Fv2%2Fproduct_cat&post=8276"},{"taxonomy":"product_tag","embeddable":true,"href":"https:\/\/elouedshop.com\/index.php?rest_route=%2Fwp%2Fv2%2Fproduct_tag&post=8276"}],"curies":[{"name":"wp","href":"https:\/\/api.w.org\/{rel}","templated":true}]}}