{"id":8262,"date":"2024-01-21T20:36:54","date_gmt":"2024-01-21T20:36:54","guid":{"rendered":"https:\/\/elouedshop.com\/?post_type=product&#038;p=8262"},"modified":"2024-01-21T21:58:46","modified_gmt":"2024-01-21T21:58:46","slug":"le-garcon-de-tes-reves","status":"publish","type":"product","link":"https:\/\/elouedshop.com\/?product=le-garcon-de-tes-reves","title":{"rendered":"Le gar\u00e7on de tes r\u00eaves"},"content":{"rendered":"","protected":false},"excerpt":{"rendered":"<p><span class=\"OYPEnA text-decoration-none text-strikethrough-none\">Hey toi, ch\u00e8re s\u0153ur et lectrice! Tiens-toi pr\u00eate \u00e0 d\u00e9couvrir une r\u00e9alit\u00e9 qui a choqu\u00e9 certaines jeunes filles. Si tu n&rsquo;as pas v\u00e9cu ces revers, remercie Allah et lis ce livre pour mieux comprendre. Partage-le avec tes proches pour leur bien-\u00eatre. Mais si tu es confront\u00e9e \u00e0 des difficult\u00e9s, ces pr\u00e9cieux conseils te seront d&rsquo;une grande aide. Repens-toi et suis ces directives pleines de bon sens. Ce guide est divis\u00e9 en sept th\u00e8mes captivants, allant du r\u00e9cit de la sortie en passant par le gar\u00e7on id\u00e9al jusqu&rsquo;\u00e0 la liste des d\u00e9g\u00e2ts. M\u00e9fie-toi et ne crois pas tout ce que tu entends!<\/span><\/p>\n","protected":false},"featured_media":3664,"template":"","meta":[],"product_brand":[],"product_cat":[44,25,21,46],"product_tag":[],"class_list":{"0":"post-8262","1":"product","2":"type-product","3":"status-publish","4":"has-post-thumbnail","6":"product_cat-ethique-education","7":"product_cat-femmes","8":"product_cat-livre","9":"product_cat-mariage-couple","10":"description-off","12":"first","13":"instock","14":"shipping-taxable","15":"purchasable","16":"product-type-simple"},"jetpack_sharing_enabled":true,"_links":{"self":[{"href":"https:\/\/elouedshop.com\/index.php?rest_route=\/wp\/v2\/product\/8262","targetHints":{"allow":["GET"]}}],"collection":[{"href":"https:\/\/elouedshop.com\/index.php?rest_route=\/wp\/v2\/product"}],"about":[{"href":"https:\/\/elouedshop.com\/index.php?rest_route=\/wp\/v2\/types\/product"}],"wp:featuredmedia":[{"embeddable":true,"href":"https:\/\/elouedshop.com\/index.php?rest_route=\/wp\/v2\/media\/3664"}],"wp:attachment":[{"href":"https:\/\/elouedshop.com\/index.php?rest_route=%2Fwp%2Fv2%2Fmedia&parent=8262"}],"wp:term":[{"taxonomy":"product_brand","embeddable":true,"href":"https:\/\/elouedshop.com\/index.php?rest_route=%2Fwp%2Fv2%2Fproduct_brand&post=8262"},{"taxonomy":"product_cat","embeddable":true,"href":"https:\/\/elouedshop.com\/index.php?rest_route=%2Fwp%2Fv2%2Fproduct_cat&post=8262"},{"taxonomy":"product_tag","embeddable":true,"href":"https:\/\/elouedshop.com\/index.php?rest_route=%2Fwp%2Fv2%2Fproduct_tag&post=8262"}],"curies":[{"name":"wp","href":"https:\/\/api.w.org\/{rel}","templated":true}]}}