{"id":8156,"date":"2024-01-18T20:53:01","date_gmt":"2024-01-18T20:53:01","guid":{"rendered":"https:\/\/elouedshop.com\/?post_type=product&#038;p=8156"},"modified":"2024-01-19T21:40:31","modified_gmt":"2024-01-19T21:40:31","slug":"traitement-guerison-de-la-sorcellerie","status":"publish","type":"product","link":"https:\/\/elouedshop.com\/?product=traitement-guerison-de-la-sorcellerie","title":{"rendered":"Traitement &#038; gu\u00e9rison de la sorcellerie"},"content":{"rendered":"","protected":false},"excerpt":{"rendered":"<p><span class=\"OYPEnA text-decoration-none text-strikethrough-none\">Dans les librairies islamiques, on trouve une multitude de livres sur la Ruqya, l&rsquo;exorcisme et les diff\u00e9rentes m\u00e9dications. Mais pourquoi se pencher sur ce nouvel ouvrage des \u00e9ditions al-Hadith ? Tout simplement parce qu&rsquo;il est l&rsquo;un des plus complets et qu&rsquo;il offre un guide pratique accessible \u00e0 tous ! Ce livre est une mine d&rsquo;or pour explorer ce sujet fascinant.<\/span><\/p>\n","protected":false},"featured_media":6777,"template":"","meta":[],"product_brand":[],"product_cat":[21,145,156,61,49],"product_tag":[],"class_list":{"0":"post-8156","1":"product","2":"type-product","3":"status-publish","4":"has-post-thumbnail","6":"product_cat-livre","7":"product_cat-monde-invisible","8":"product_cat-roqya-protection","9":"product_cat-sante-et-dietetique","10":"product_cat-sante-et-medecine","11":"description-off","13":"first","14":"instock","15":"shipping-taxable","16":"purchasable","17":"product-type-simple"},"jetpack_sharing_enabled":true,"_links":{"self":[{"href":"https:\/\/elouedshop.com\/index.php?rest_route=\/wp\/v2\/product\/8156","targetHints":{"allow":["GET"]}}],"collection":[{"href":"https:\/\/elouedshop.com\/index.php?rest_route=\/wp\/v2\/product"}],"about":[{"href":"https:\/\/elouedshop.com\/index.php?rest_route=\/wp\/v2\/types\/product"}],"wp:featuredmedia":[{"embeddable":true,"href":"https:\/\/elouedshop.com\/index.php?rest_route=\/wp\/v2\/media\/6777"}],"wp:attachment":[{"href":"https:\/\/elouedshop.com\/index.php?rest_route=%2Fwp%2Fv2%2Fmedia&parent=8156"}],"wp:term":[{"taxonomy":"product_brand","embeddable":true,"href":"https:\/\/elouedshop.com\/index.php?rest_route=%2Fwp%2Fv2%2Fproduct_brand&post=8156"},{"taxonomy":"product_cat","embeddable":true,"href":"https:\/\/elouedshop.com\/index.php?rest_route=%2Fwp%2Fv2%2Fproduct_cat&post=8156"},{"taxonomy":"product_tag","embeddable":true,"href":"https:\/\/elouedshop.com\/index.php?rest_route=%2Fwp%2Fv2%2Fproduct_tag&post=8156"}],"curies":[{"name":"wp","href":"https:\/\/api.w.org\/{rel}","templated":true}]}}