{"id":8137,"date":"2024-01-18T20:40:39","date_gmt":"2024-01-18T20:40:39","guid":{"rendered":"https:\/\/elouedshop.com\/?post_type=product&#038;p=8137"},"modified":"2024-01-18T20:40:50","modified_gmt":"2024-01-18T20:40:50","slug":"riba-et-certaines-de-ses-formes-dans-leconomie-moderne-2","status":"publish","type":"product","link":"https:\/\/elouedshop.com\/?product=riba-et-certaines-de-ses-formes-dans-leconomie-moderne-2","title":{"rendered":"Riba et certaines de ses formes dans l&rsquo;\u00e9conomie moderne"},"content":{"rendered":"","protected":false},"excerpt":{"rendered":"<p>Traitant le th\u00e8me important qu&rsquo;est le Rib\u00e2, l&rsquo;ouvrage que vous tenez entre les mains s&rsquo;articulent donc en cinq parties, comme suit :<\/p>\n<p>&#8211; Une biographie de l&rsquo;auteur extraite d&rsquo;une \u00e9mission radio<\/p>\n<p>&#8211; Une introduction \u00e0 la notion de Rib\u00e2 et des r\u00e8gles qui s&rsquo;y rapportent<\/p>\n<p>&#8211; L&rsquo;ouvrage du cheikh Fawzan intitul\u00e9 : Le Riba et certaines de ses formes dans l&rsquo;\u00e9conomie moderne<\/p>\n<p>&#8211; A la suite de la conf\u00e9rence du cheikh qui se termine donc d&rsquo;une s\u00e9rie de questions &#8211; r\u00e9ponses, nous avons ajout\u00e9 un certain nombre de fatwas \u00e9dit\u00e9s par le Mufti d&rsquo;Arabie Saoudite, le cheikh Ibn Baz, ainsi que d&rsquo;autres \u00e9manant du comit\u00e9 des grands savants d&rsquo;Arabie Saoudite.<\/p>\n<p>&#8211; En conclusion, nous avons ajout\u00e9 certains hadiths authentiques dissuadant de commettre le p\u00e9ch\u00e9 de Rib\u00e2.<\/p>\n","protected":false},"featured_media":3782,"template":"","meta":[],"product_brand":[],"product_cat":[150,147,21],"product_tag":[],"class_list":{"0":"post-8137","1":"product","2":"type-product","3":"status-publish","4":"has-post-thumbnail","6":"product_cat-islam-contemporain","7":"product_cat-jurisprudence","8":"product_cat-livre","9":"description-off","11":"first","12":"instock","13":"shipping-taxable","14":"purchasable","15":"product-type-simple"},"jetpack_sharing_enabled":true,"_links":{"self":[{"href":"https:\/\/elouedshop.com\/index.php?rest_route=\/wp\/v2\/product\/8137","targetHints":{"allow":["GET"]}}],"collection":[{"href":"https:\/\/elouedshop.com\/index.php?rest_route=\/wp\/v2\/product"}],"about":[{"href":"https:\/\/elouedshop.com\/index.php?rest_route=\/wp\/v2\/types\/product"}],"wp:featuredmedia":[{"embeddable":true,"href":"https:\/\/elouedshop.com\/index.php?rest_route=\/wp\/v2\/media\/3782"}],"wp:attachment":[{"href":"https:\/\/elouedshop.com\/index.php?rest_route=%2Fwp%2Fv2%2Fmedia&parent=8137"}],"wp:term":[{"taxonomy":"product_brand","embeddable":true,"href":"https:\/\/elouedshop.com\/index.php?rest_route=%2Fwp%2Fv2%2Fproduct_brand&post=8137"},{"taxonomy":"product_cat","embeddable":true,"href":"https:\/\/elouedshop.com\/index.php?rest_route=%2Fwp%2Fv2%2Fproduct_cat&post=8137"},{"taxonomy":"product_tag","embeddable":true,"href":"https:\/\/elouedshop.com\/index.php?rest_route=%2Fwp%2Fv2%2Fproduct_tag&post=8137"}],"curies":[{"name":"wp","href":"https:\/\/api.w.org\/{rel}","templated":true}]}}