{"id":8120,"date":"2024-01-18T17:23:18","date_gmt":"2024-01-18T17:23:18","guid":{"rendered":"https:\/\/elouedshop.com\/?post_type=product&#038;p=8120"},"modified":"2024-01-18T17:23:28","modified_gmt":"2024-01-18T17:23:28","slug":"la-description-de-la-priere-du-prophete","status":"publish","type":"product","link":"https:\/\/elouedshop.com\/?product=la-description-de-la-priere-du-prophete","title":{"rendered":"La description de la pri\u00e8re du Proph\u00e8te"},"content":{"rendered":"","protected":false},"excerpt":{"rendered":"<p>La pri\u00e8re est le deuxi\u00e8me pilier de l\u2019Islam, apr\u00e8s l\u2019attestation de foi \u00ab\u00a0Il n\u2019y a de dieu qu\u2019Allah et Muhammad est Son serviteur et Messager\u00a0\u00bb. Il incombe donc \u00e0 tout fid\u00e8le de l&rsquo;accomplir de la fa\u00e7on la plus authentique en prenant le Proph\u00e8te (SAW) comme mod\u00e8le, car ce dernier a dit : \u00ab Priez comme vous m\u2019avez vu prier ! \u00bb {Al-Bukh\u00e2r\u00ee et Ahmad}<\/p>\n<p>Elle est un ensemble d\u2019actes et de paroles que l\u2019on doit parfaitement effectuer pour esp\u00e9rer en obtenir la r\u00e9compense, en vertu de la parole du Proph\u00e8te (SAW) : \u00ab Cinq pri\u00e8res sont prescrites par Allah, celui qui accomplit bien leurs ablutions, les effectue en leur temps, ex\u00e9cute parfaitement leur inclinaison et leur prosternation en toute humilit\u00e9, aura la promesse d\u2019Allah de lui pardonner. Mais celui qui ne le fait pas, n\u2019aura aucune promesse d\u2019Allah ; s\u2019Il veut Il lui pardonnera, s\u2019Il veut Il le ch\u00e2tiera. \u00bb {Sah\u00eeh Ab\u00fb D\u00e2wud (451, 1276)}<\/p>\n<p><strong>Sommaire<\/strong><\/p>\n<p>&nbsp;<\/p>\n<ul>\n<li>Table de transcription phon\u00e9tique 3<\/li>\n<li>Introduction 5<\/li>\n<li>Pr\u00e9paration \u00e0 la pri\u00e8re 7<\/li>\n<li>L\u2019orientation vers la qibla 7<\/li>\n<li>La position debout ou assise 8<\/li>\n<li>L\u2019ordre d\u2019\u00e9viter tout ce qui peut distraire le serviteur en pri\u00e8re 10<\/li>\n<li>Le regard 10<\/li>\n<li>Les choses qui attirent l\u2019\u0153il 11<\/li>\n<li>La faim ou l\u2019envie de faire ses besoins 12<\/li>\n<li>La tenue de pri\u00e8re 12<\/li>\n<li>La sutra 12<\/li>\n<li>L\u2019intention 14<\/li>\n<li>La pri\u00e8re 16<\/li>\n<li>Le takb\u00eer de sacralisation 16<\/li>\n<li>Position lors de la station debout 17<\/li>\n<li>Invocations d\u2019ouverture 17<\/li>\n<li>R\u00e9citation coranique 23<\/li>\n<li>Formules pr\u00e9c\u00e9dant la r\u00e9citation 23<\/li>\n<li>R\u00e9citation de la Sourate Al-F\u00e2tiha (l\u2019Ouverture) 24<\/li>\n<li>R\u00e9citation apr\u00e8s la F\u00e2tiha 27<\/li>\n<li>R\u00e9citation \u00e0 voix haute ou basse 28<\/li>\n<li>La r\u00e9citation de Sourates qui se ressemblent 30<\/li>\n<li>Les Sourates r\u00e9cit\u00e9es par le Proph\u00e8te (SAW) en fonction de la pri\u00e8re \u00e0 accomplir 31<\/li>\n<li>Que faire lorsque Satan nous d\u00e9concentre au cours de la pri\u00e8re ? 38<\/li>\n<li>L\u2019inclinaison 38<\/li>\n<li>Le redressement apr\u00e8s l\u2019inclinaison 44<\/li>\n<li>La prosternation 47<\/li>\n<li>Le redressement apr\u00e8s la prosternation et la position assise entre les deux prosternations 56<\/li>\n<li>La seconde prosternation 58<\/li>\n<li>Le premier tachahhud 60<\/li>\n<li>La position assise 60<\/li>\n<li>Position de la main et mouvement du doigt 61<\/li>\n<li>Ce qu\u2019il faut prononcer lors du tachahhud 63<\/li>\n<li>Le tachahhud 63<\/li>\n<li>La pri\u00e8re sur le Proph\u00e8te (SAW) 67<\/li>\n<li>Les troisi\u00e8me et quatri\u00e8me unit\u00e9s de pri\u00e8re 71<\/li>\n<li>Le dernier tachahhud 71<\/li>\n<li>La position lors du dernier tachahhud 71<\/li>\n<li>Les invocations du dernier tachahhud 72<\/li>\n<li>Les salutations finales 78<\/li>\n<li>Le qun\u00fbt 80<\/li>\n<li>R\u00e9capitulatif des piliers et obligations de la pri\u00e8re 82<\/li>\n<li>Piliers 82<\/li>\n<li>Obligations 82<\/li>\n<li>Instructions concernant celui qui effectue la pri\u00e8re en commun 84<\/li>\n<li>Se rendre \u00e0 la mosqu\u00e9e 84<\/li>\n<li>Le chemin vers la mosqu\u00e9e 84<\/li>\n<li>L\u2019arriv\u00e9e \u00e0 la mosqu\u00e9e 84<\/li>\n<li>L\u2019\u00e9galisation des rangs 85<\/li>\n<li>La pri\u00e8re derri\u00e8re un im\u00e2m 87<\/li>\n<li>La pri\u00e8re du Vendredi 90<\/li>\n<li>La pri\u00e8re des deux f\u00eates 90<\/li>\n<li>La pri\u00e8re mortuaire 91<\/li>\n<li>Lorsque l\u2019im\u00e2m oublie ou commet une erreur 91<\/li>\n<li>Que faire lorsque le fid\u00e8le suit un avis diff\u00e9rent de l\u2019im\u00e2m ? 91<\/li>\n<li>Sommaire 93<\/li>\n<\/ul>\n<p>Tous les hadiths sont \u00e9galement cit\u00e9s en langue arabe vocalis\u00e9e (en couleur)<\/p>\n","protected":false},"featured_media":4301,"template":"","meta":[],"product_brand":[],"product_cat":[21,48,185],"product_tag":[],"class_list":{"0":"post-8120","1":"product","2":"type-product","3":"status-publish","4":"has-post-thumbnail","6":"product_cat-livre","7":"product_cat-pratique-religieuse","8":"product_cat-priere-purification","9":"description-off","11":"first","12":"instock","13":"shipping-taxable","14":"purchasable","15":"product-type-simple"},"jetpack_sharing_enabled":true,"_links":{"self":[{"href":"https:\/\/elouedshop.com\/index.php?rest_route=\/wp\/v2\/product\/8120","targetHints":{"allow":["GET"]}}],"collection":[{"href":"https:\/\/elouedshop.com\/index.php?rest_route=\/wp\/v2\/product"}],"about":[{"href":"https:\/\/elouedshop.com\/index.php?rest_route=\/wp\/v2\/types\/product"}],"wp:featuredmedia":[{"embeddable":true,"href":"https:\/\/elouedshop.com\/index.php?rest_route=\/wp\/v2\/media\/4301"}],"wp:attachment":[{"href":"https:\/\/elouedshop.com\/index.php?rest_route=%2Fwp%2Fv2%2Fmedia&parent=8120"}],"wp:term":[{"taxonomy":"product_brand","embeddable":true,"href":"https:\/\/elouedshop.com\/index.php?rest_route=%2Fwp%2Fv2%2Fproduct_brand&post=8120"},{"taxonomy":"product_cat","embeddable":true,"href":"https:\/\/elouedshop.com\/index.php?rest_route=%2Fwp%2Fv2%2Fproduct_cat&post=8120"},{"taxonomy":"product_tag","embeddable":true,"href":"https:\/\/elouedshop.com\/index.php?rest_route=%2Fwp%2Fv2%2Fproduct_tag&post=8120"}],"curies":[{"name":"wp","href":"https:\/\/api.w.org\/{rel}","templated":true}]}}