{"id":8118,"date":"2024-01-18T17:20:35","date_gmt":"2024-01-18T17:20:35","guid":{"rendered":"https:\/\/elouedshop.com\/?post_type=product&#038;p=8118"},"modified":"2024-01-18T17:20:50","modified_gmt":"2024-01-18T17:20:50","slug":"le-voile-de-la-femme-musulmane-son-vetement-de-priere","status":"publish","type":"product","link":"https:\/\/elouedshop.com\/?product=le-voile-de-la-femme-musulmane-son-vetement-de-priere","title":{"rendered":"Le voile de la femme musulmane &#038; son v\u00eatement de pri\u00e8re"},"content":{"rendered":"","protected":false},"excerpt":{"rendered":"<p>En d\u00e9pit de son modeste volume,cette \u00e9pitre concentre d&rsquo;abondantes connaissances qui caract\u00e9risent l&rsquo;\u00e9tendue du savoir de son auteur. Il se pourrait qu&rsquo;un \u00e9tudiant en th\u00e9ologie ne trouve pas dans des encyclop\u00e9dies de jurisprudence ce que ce petit manuscrit renferme comme informations. La th\u00e8matique de cette \u00e9p\u00eetre concerne le type de v\u00eatement qu&rsquo;il incombe \u00e0 tout homme et \u00e0 toute femme de rev\u00eatir lors de l&rsquo;accomplissement de la pri\u00e8re.Preuves \u00e0 l&rsquo;appui,l&rsquo;auteur d\u00e9montre que le v\u00eatement dont il s&rsquo;agit n&rsquo;est pas celui qu&rsquo;un homme porte habituellement pour couvrir sa nudit\u00e9 (&lsquo;awra). Bien plus, il indique qu&rsquo;il s&rsquo;agit d&rsquo;un habit qui couvrirait \u00e9galement les \u00e9paules et ce, par \u00e9gard et respect pour la pri\u00e8re et sa sacralit\u00e9. Pour appuyer ces dires l&rsquo;auteur \u00e9voque plusieurs hadith,dont celui ci:<\/p>\n<div class=\"arabic\">\n<p>\u0644\u0627 \u064a\u0635\u0644\u064a\u0646 \u0623\u062d\u062f\u0643\u0645 \u0641\u064a \u0627\u0644\u062b\u0648\u0628 \u0627\u0644\u0648\u0627\u062d\u062f \u0644\u064a\u0633 \u0639\u0644\u0649 \u0639\u0627\u062a\u0642\u0647 \u0645\u0646\u0647 \u0634\u0649\u0621<\/p>\n<\/div>\n<p>\u00ab\u00a0Qu&rsquo;aucun de vous n&rsquo;accomplisse la pri\u00e8re dans un v\u00eatement unique sans qu&rsquo;une partie de celui-ci ne couvre (enti\u00e8rement) ses deux \u00e9paules\u00a0\u00bb (p.34,35 et 39).<\/p>\n<p>Cette question restera d&rsquo;une grande importance aussi longtemps que la majorit\u00e9 des gens continuent de prier dans un maillot (Chiy\u00e2l) qui ne couvre que peu ou prou leurs \u00e9paules, inattentifs \u00e0 la parole d&rsquo;All\u00e2h &#8211; Le Tr\u00e8s-Haut qui dit :<\/p>\n<div class=\"arabic\">\n<p>\u062e\u0630\u0648\u0627 \u0632\u064a\u0646\u062a\u0643\u0645 \u0639\u0646\u062f \u0643\u0644 \u0645\u0633\u062c\u062f<\/p>\n<\/div>\n<p>\u00ab\u00a0Portez votre parure (vos habits) dans chaque lieu de Sal\u00e2t\u00a0\u00bb (S.7 V.31)<\/p>\n","protected":false},"featured_media":3467,"template":"","meta":[],"product_brand":[],"product_cat":[25,21],"product_tag":[],"class_list":{"0":"post-8118","1":"product","2":"type-product","3":"status-publish","4":"has-post-thumbnail","6":"product_cat-femmes","7":"product_cat-livre","8":"description-off","10":"first","11":"instock","12":"shipping-taxable","13":"purchasable","14":"product-type-simple"},"jetpack_sharing_enabled":true,"_links":{"self":[{"href":"https:\/\/elouedshop.com\/index.php?rest_route=\/wp\/v2\/product\/8118","targetHints":{"allow":["GET"]}}],"collection":[{"href":"https:\/\/elouedshop.com\/index.php?rest_route=\/wp\/v2\/product"}],"about":[{"href":"https:\/\/elouedshop.com\/index.php?rest_route=\/wp\/v2\/types\/product"}],"wp:featuredmedia":[{"embeddable":true,"href":"https:\/\/elouedshop.com\/index.php?rest_route=\/wp\/v2\/media\/3467"}],"wp:attachment":[{"href":"https:\/\/elouedshop.com\/index.php?rest_route=%2Fwp%2Fv2%2Fmedia&parent=8118"}],"wp:term":[{"taxonomy":"product_brand","embeddable":true,"href":"https:\/\/elouedshop.com\/index.php?rest_route=%2Fwp%2Fv2%2Fproduct_brand&post=8118"},{"taxonomy":"product_cat","embeddable":true,"href":"https:\/\/elouedshop.com\/index.php?rest_route=%2Fwp%2Fv2%2Fproduct_cat&post=8118"},{"taxonomy":"product_tag","embeddable":true,"href":"https:\/\/elouedshop.com\/index.php?rest_route=%2Fwp%2Fv2%2Fproduct_tag&post=8118"}],"curies":[{"name":"wp","href":"https:\/\/api.w.org\/{rel}","templated":true}]}}