{"id":8109,"date":"2024-01-18T14:58:52","date_gmt":"2024-01-18T14:58:52","guid":{"rendered":"https:\/\/elouedshop.com\/?post_type=product&#038;p=8109"},"modified":"2024-01-18T14:58:53","modified_gmt":"2024-01-18T14:58:53","slug":"khadija-epouse-du-prophete-muhammed-fdal-haja","status":"publish","type":"product","link":"https:\/\/elouedshop.com\/?product=khadija-epouse-du-prophete-muhammed-fdal-haja","title":{"rendered":"Khadija &#8211; \u00c9pouse du Proph\u00e8te Muhammed &#8211; Fdal Haja"},"content":{"rendered":"","protected":false},"excerpt":{"rendered":"<p>L&rsquo;histoire de l&rsquo;islam est florissante en femmes admirables qui ont marqu\u00e9 la vie de la nation islamique, d&rsquo;est en ouest. Toutes se sont distingu\u00e9es dans divers domaines et le r\u00f4le qu&rsquo;elles ont jou\u00e9 a \u00e9t\u00e9 pr\u00e9pond\u00e9rant dans la direction de la nation, aux c\u00f4t\u00e9s d&rsquo;hommes remarquables. Elles se sont \u00e9galement particularis\u00e9es par leur grande sagesse, leur immense foi et leur volont\u00e9 de combattre le mal.<\/p>\n","protected":false},"featured_media":8110,"template":"","meta":[],"product_brand":[],"product_cat":[181,25,21],"product_tag":[],"class_list":{"0":"post-8109","1":"product","2":"type-product","3":"status-publish","4":"has-post-thumbnail","6":"product_cat-education-religieuse","7":"product_cat-femmes","8":"product_cat-livre","9":"description-off","11":"first","12":"instock","13":"shipping-taxable","14":"purchasable","15":"product-type-simple"},"jetpack_sharing_enabled":true,"_links":{"self":[{"href":"https:\/\/elouedshop.com\/index.php?rest_route=\/wp\/v2\/product\/8109","targetHints":{"allow":["GET"]}}],"collection":[{"href":"https:\/\/elouedshop.com\/index.php?rest_route=\/wp\/v2\/product"}],"about":[{"href":"https:\/\/elouedshop.com\/index.php?rest_route=\/wp\/v2\/types\/product"}],"wp:featuredmedia":[{"embeddable":true,"href":"https:\/\/elouedshop.com\/index.php?rest_route=\/wp\/v2\/media\/8110"}],"wp:attachment":[{"href":"https:\/\/elouedshop.com\/index.php?rest_route=%2Fwp%2Fv2%2Fmedia&parent=8109"}],"wp:term":[{"taxonomy":"product_brand","embeddable":true,"href":"https:\/\/elouedshop.com\/index.php?rest_route=%2Fwp%2Fv2%2Fproduct_brand&post=8109"},{"taxonomy":"product_cat","embeddable":true,"href":"https:\/\/elouedshop.com\/index.php?rest_route=%2Fwp%2Fv2%2Fproduct_cat&post=8109"},{"taxonomy":"product_tag","embeddable":true,"href":"https:\/\/elouedshop.com\/index.php?rest_route=%2Fwp%2Fv2%2Fproduct_tag&post=8109"}],"curies":[{"name":"wp","href":"https:\/\/api.w.org\/{rel}","templated":true}]}}