{"id":8094,"date":"2024-01-18T00:15:24","date_gmt":"2024-01-18T00:15:24","guid":{"rendered":"https:\/\/elouedshop.com\/?post_type=product&#038;p=8094"},"modified":"2024-01-18T00:15:24","modified_gmt":"2024-01-18T00:15:24","slug":"mari-et-femme-droits-et-devoirs-shaykh-ferkous","status":"publish","type":"product","link":"https:\/\/elouedshop.com\/?product=mari-et-femme-droits-et-devoirs-shaykh-ferkous","title":{"rendered":"Mari et Femme : Droits et Devoirs &#8211; Shaykh Ferkous"},"content":{"rendered":"","protected":false},"excerpt":{"rendered":"<p>Dans cet ouvrage, l&rsquo;auteur traite des obligations et des bonnes moralit\u00e9s qu&rsquo;All\u00e2h a ordonn\u00e9es \u00e0 la femme d&rsquo;observer envers son \u00e9poux. Ensuite, il \u00e9voque les droits de l&rsquo;\u00e9pouse sur son \u00e9poux, ainsi que les obligations et les bonnes m\u0153urs qu&rsquo;All\u00e2h \u0639\u0632\u0651\u064e \u0648\u062c\u0644\u0651\u064e a impos\u00e9es \u00e0 l&rsquo;\u00e9poux d&rsquo;observer envers son \u00e9pouse. Enfin\u00a0il se penche sur les droits communs aux deux \u00e9poux, lesquels sont par le L\u00e9gislateur les r\u00e9sultats d\u00e9coulant de l&rsquo;authenticit\u00e9 du contrat de mariage.<\/p>\n","protected":false},"featured_media":8095,"template":"","meta":[],"product_brand":[],"product_cat":[25,21,46],"product_tag":[],"class_list":{"0":"post-8094","1":"product","2":"type-product","3":"status-publish","4":"has-post-thumbnail","6":"product_cat-femmes","7":"product_cat-livre","8":"product_cat-mariage-couple","9":"description-off","11":"first","12":"instock","13":"shipping-taxable","14":"purchasable","15":"product-type-simple"},"jetpack_sharing_enabled":true,"_links":{"self":[{"href":"https:\/\/elouedshop.com\/index.php?rest_route=\/wp\/v2\/product\/8094","targetHints":{"allow":["GET"]}}],"collection":[{"href":"https:\/\/elouedshop.com\/index.php?rest_route=\/wp\/v2\/product"}],"about":[{"href":"https:\/\/elouedshop.com\/index.php?rest_route=\/wp\/v2\/types\/product"}],"wp:featuredmedia":[{"embeddable":true,"href":"https:\/\/elouedshop.com\/index.php?rest_route=\/wp\/v2\/media\/8095"}],"wp:attachment":[{"href":"https:\/\/elouedshop.com\/index.php?rest_route=%2Fwp%2Fv2%2Fmedia&parent=8094"}],"wp:term":[{"taxonomy":"product_brand","embeddable":true,"href":"https:\/\/elouedshop.com\/index.php?rest_route=%2Fwp%2Fv2%2Fproduct_brand&post=8094"},{"taxonomy":"product_cat","embeddable":true,"href":"https:\/\/elouedshop.com\/index.php?rest_route=%2Fwp%2Fv2%2Fproduct_cat&post=8094"},{"taxonomy":"product_tag","embeddable":true,"href":"https:\/\/elouedshop.com\/index.php?rest_route=%2Fwp%2Fv2%2Fproduct_tag&post=8094"}],"curies":[{"name":"wp","href":"https:\/\/api.w.org\/{rel}","templated":true}]}}