{"id":8024,"date":"2024-01-15T22:59:58","date_gmt":"2024-01-15T22:59:58","guid":{"rendered":"https:\/\/elouedshop.com\/?post_type=product&#038;p=8024"},"modified":"2024-01-15T22:59:58","modified_gmt":"2024-01-15T22:59:58","slug":"loeuvre-des-quatre-califes-siraj-al-rahman","status":"publish","type":"product","link":"https:\/\/elouedshop.com\/?product=loeuvre-des-quatre-califes-siraj-al-rahman","title":{"rendered":"L&rsquo;oeuvre des quatre califes &#8211; Siraj al-Rahman"},"content":{"rendered":"","protected":false},"excerpt":{"rendered":"<p>Propagation de l&rsquo;islam, compilation et codification du Coran, conqu\u00eates territoriales&#8230; Y a-t-il de meilleures illustrations de l&rsquo;oeuvre des quatre califes bien-guid\u00e9s?<\/p>\n<p>Dans Sa sagesse infinie, ALLAH a voulu que les quatre premiers successeurs du Proph\u00e8te Muhammad \u00e0 la t\u00eate de la jeune nation musulmane soient &#8211; \u00e0 la fois dans l&rsquo;ordre des m\u00e9rites et l&rsquo;ordre chronologique &#8211; ses compagnons les meilleurs et les plus fid\u00e8les.<\/p>\n<p>Abu Bakr Al Siddiq, Umar Ibn Al Khattab, Uthman ibn Affan, Ali Ibn Abi Talib&#8230; Des noms qui ont marqu\u00e9 et inaugur\u00e9 l&rsquo;histoire de la civilisation musulmane, des personnalit\u00e9s qui ont port\u00e9 l&rsquo;Islam et que l&rsquo;Islam a port\u00e9es, des hommes qui ont soutenu le Proph\u00e8te de son vivant et ont continu\u00e9 \u00e0 le suivre apr\u00e8s sa mort&#8230;<\/p>\n","protected":false},"featured_media":8026,"template":"","meta":[],"product_brand":[],"product_cat":[65,66,21],"product_tag":[],"class_list":{"0":"post-8024","1":"product","2":"type-product","3":"status-publish","4":"has-post-thumbnail","6":"product_cat-biographies","7":"product_cat-compagnons","8":"product_cat-livre","9":"description-off","11":"first","12":"instock","13":"shipping-taxable","14":"purchasable","15":"product-type-simple"},"jetpack_sharing_enabled":true,"_links":{"self":[{"href":"https:\/\/elouedshop.com\/index.php?rest_route=\/wp\/v2\/product\/8024","targetHints":{"allow":["GET"]}}],"collection":[{"href":"https:\/\/elouedshop.com\/index.php?rest_route=\/wp\/v2\/product"}],"about":[{"href":"https:\/\/elouedshop.com\/index.php?rest_route=\/wp\/v2\/types\/product"}],"wp:featuredmedia":[{"embeddable":true,"href":"https:\/\/elouedshop.com\/index.php?rest_route=\/wp\/v2\/media\/8026"}],"wp:attachment":[{"href":"https:\/\/elouedshop.com\/index.php?rest_route=%2Fwp%2Fv2%2Fmedia&parent=8024"}],"wp:term":[{"taxonomy":"product_brand","embeddable":true,"href":"https:\/\/elouedshop.com\/index.php?rest_route=%2Fwp%2Fv2%2Fproduct_brand&post=8024"},{"taxonomy":"product_cat","embeddable":true,"href":"https:\/\/elouedshop.com\/index.php?rest_route=%2Fwp%2Fv2%2Fproduct_cat&post=8024"},{"taxonomy":"product_tag","embeddable":true,"href":"https:\/\/elouedshop.com\/index.php?rest_route=%2Fwp%2Fv2%2Fproduct_tag&post=8024"}],"curies":[{"name":"wp","href":"https:\/\/api.w.org\/{rel}","templated":true}]}}