{"id":8018,"date":"2024-01-15T22:55:07","date_gmt":"2024-01-15T22:55:07","guid":{"rendered":"https:\/\/elouedshop.com\/?post_type=product&#038;p=8018"},"modified":"2024-03-30T20:06:53","modified_gmt":"2024-03-30T20:06:53","slug":"10-regles-dor-dans-leducation-des-enfants","status":"publish","type":"product","link":"https:\/\/elouedshop.com\/?product=10-regles-dor-dans-leducation-des-enfants","title":{"rendered":"10 r\u00e8gles d&rsquo;or dans l&rsquo;\u00e9ducation des enfants"},"content":{"rendered":"","protected":false},"excerpt":{"rendered":"<p>Il existe de nombreux livres traitant de l\u2019\u00e9ducation des enfants et certains sont de mauvaise facture. Beaucoup de parents ne savent plus trop o\u00f9 donner de la t\u00eate dans le choix des ouvrages leur permettant d\u2019\u00e9duquer leurs enfants correctement et avec succ\u00e8s. Ce livre propose d\u2019en livrer les clefs fondamentales.<\/p>\n<p>Mais pourquoi 10 r\u00e8gles, et pas 5 ou 20 ? Parce que 10, c\u2019est rassurant et suffisant. Bien entendu, le contenu de ce livre ne constitue qu\u2019un squelette dans l\u2019\u00e9ducation des enfants. N\u00e9anmoins,il livre plusieurs connaissances et proc\u00e9d\u00e9s p\u00e9dagogiques int\u00e9ressants. Le c\u00f4t\u00e9 pratique apporte en outre un avantage certain.<\/p>\n","protected":false},"featured_media":8019,"template":"","meta":[],"product_brand":[],"product_cat":[44,21],"product_tag":[],"class_list":{"0":"post-8018","1":"product","2":"type-product","3":"status-publish","4":"has-post-thumbnail","6":"product_cat-ethique-education","7":"product_cat-livre","8":"description-off","10":"first","11":"instock","12":"shipping-taxable","13":"purchasable","14":"product-type-simple"},"jetpack_sharing_enabled":true,"_links":{"self":[{"href":"https:\/\/elouedshop.com\/index.php?rest_route=\/wp\/v2\/product\/8018","targetHints":{"allow":["GET"]}}],"collection":[{"href":"https:\/\/elouedshop.com\/index.php?rest_route=\/wp\/v2\/product"}],"about":[{"href":"https:\/\/elouedshop.com\/index.php?rest_route=\/wp\/v2\/types\/product"}],"wp:featuredmedia":[{"embeddable":true,"href":"https:\/\/elouedshop.com\/index.php?rest_route=\/wp\/v2\/media\/8019"}],"wp:attachment":[{"href":"https:\/\/elouedshop.com\/index.php?rest_route=%2Fwp%2Fv2%2Fmedia&parent=8018"}],"wp:term":[{"taxonomy":"product_brand","embeddable":true,"href":"https:\/\/elouedshop.com\/index.php?rest_route=%2Fwp%2Fv2%2Fproduct_brand&post=8018"},{"taxonomy":"product_cat","embeddable":true,"href":"https:\/\/elouedshop.com\/index.php?rest_route=%2Fwp%2Fv2%2Fproduct_cat&post=8018"},{"taxonomy":"product_tag","embeddable":true,"href":"https:\/\/elouedshop.com\/index.php?rest_route=%2Fwp%2Fv2%2Fproduct_tag&post=8018"}],"curies":[{"name":"wp","href":"https:\/\/api.w.org\/{rel}","templated":true}]}}