{"id":8012,"date":"2024-01-15T22:50:33","date_gmt":"2024-01-15T22:50:33","guid":{"rendered":"https:\/\/elouedshop.com\/?post_type=product&#038;p=8012"},"modified":"2024-01-15T22:50:33","modified_gmt":"2024-01-15T22:50:33","slug":"quest-ce-que-lislam-le-point-de-vue-dun-converti","status":"publish","type":"product","link":"https:\/\/elouedshop.com\/?product=quest-ce-que-lislam-le-point-de-vue-dun-converti","title":{"rendered":"Qu&rsquo;est-ce que l&rsquo;islam ? Le point de vue d&rsquo;un converti"},"content":{"rendered":"","protected":false},"excerpt":{"rendered":"<p>Les livres qui pr\u00e9sentent l\u2019islam sont nombreux,\u00a0<strong>mais rares sont ceux qui le font du point de vue d\u2019un converti \u00e0 l\u2019islam devenu th\u00e9ologien et pr\u00e9dicateur musulman en Occident.<\/strong>\u00a0Le discours de l\u2019auteur, Jamaal Zarabozo, est d\u2019autant plus pertinent et audible qu\u2019il conna\u00eet parfaitement la civilisation et la mentalit\u00e9 occidentales, et a \u00e9tudi\u00e9 l\u2019islam en profondeur et sans a priori.<\/p>\n","protected":false},"featured_media":8014,"template":"","meta":[],"product_brand":[],"product_cat":[47,21],"product_tag":[],"class_list":{"0":"post-8012","1":"product","2":"type-product","3":"status-publish","4":"has-post-thumbnail","6":"product_cat-comprendre-lislam","7":"product_cat-livre","8":"description-off","10":"first","11":"instock","12":"shipping-taxable","13":"purchasable","14":"product-type-simple"},"jetpack_sharing_enabled":true,"_links":{"self":[{"href":"https:\/\/elouedshop.com\/index.php?rest_route=\/wp\/v2\/product\/8012","targetHints":{"allow":["GET"]}}],"collection":[{"href":"https:\/\/elouedshop.com\/index.php?rest_route=\/wp\/v2\/product"}],"about":[{"href":"https:\/\/elouedshop.com\/index.php?rest_route=\/wp\/v2\/types\/product"}],"wp:featuredmedia":[{"embeddable":true,"href":"https:\/\/elouedshop.com\/index.php?rest_route=\/wp\/v2\/media\/8014"}],"wp:attachment":[{"href":"https:\/\/elouedshop.com\/index.php?rest_route=%2Fwp%2Fv2%2Fmedia&parent=8012"}],"wp:term":[{"taxonomy":"product_brand","embeddable":true,"href":"https:\/\/elouedshop.com\/index.php?rest_route=%2Fwp%2Fv2%2Fproduct_brand&post=8012"},{"taxonomy":"product_cat","embeddable":true,"href":"https:\/\/elouedshop.com\/index.php?rest_route=%2Fwp%2Fv2%2Fproduct_cat&post=8012"},{"taxonomy":"product_tag","embeddable":true,"href":"https:\/\/elouedshop.com\/index.php?rest_route=%2Fwp%2Fv2%2Fproduct_tag&post=8012"}],"curies":[{"name":"wp","href":"https:\/\/api.w.org\/{rel}","templated":true}]}}