{"id":7989,"date":"2024-01-15T22:07:54","date_gmt":"2024-01-15T22:07:54","guid":{"rendered":"https:\/\/elouedshop.com\/?post_type=product&#038;p=7989"},"modified":"2024-01-15T22:07:54","modified_gmt":"2024-01-15T22:07:54","slug":"la-priere-surerogatoire-un-art-de-vivre-2","status":"publish","type":"product","link":"https:\/\/elouedshop.com\/?product=la-priere-surerogatoire-un-art-de-vivre-2","title":{"rendered":"La pri\u00e8re sur\u00e9rogatoire &#8211; un art de vivre"},"content":{"rendered":"","protected":false},"excerpt":{"rendered":"<p>Dans le Coran, Allah a fait l&rsquo;\u00e9loge des croyants qui accomplissent la pri\u00e8re : {Bienheureux sont certes les croyants, ceux qui sont humbles dans leur pri\u00e8re}. Et il a bl\u00e2m\u00e9 ceux qui la d\u00e9laissent ou la n\u00e9gligent : {Qu&rsquo;ont-ils \u00e0 ne pas croire ? Et \u00e0 ne pas se prosterner quand le Coran leur est lu?}. Si la pri\u00e8re b\u00e9n\u00e9ficie de ce statut important en islam, alors l&rsquo;affaire ne s&rsquo;arr\u00eate pas aux cinq pri\u00e8res prescrites du jour et de la nuit, mais va jusqu&rsquo;aux pri\u00e8res sur\u00e9rogatoires. Car celles-ci compl\u00e8tent les pri\u00e8res obligatoires et comblent leurs manques.<\/p>\n","protected":false},"featured_media":7990,"template":"","meta":[],"product_brand":[],"product_cat":[21,187,185],"product_tag":[],"class_list":{"0":"post-7989","1":"product","2":"type-product","3":"status-publish","4":"has-post-thumbnail","6":"product_cat-livre","7":"product_cat-pratiques-religieuse","8":"product_cat-priere-purification","9":"description-off","11":"first","12":"instock","13":"shipping-taxable","14":"purchasable","15":"product-type-simple"},"jetpack_sharing_enabled":true,"_links":{"self":[{"href":"https:\/\/elouedshop.com\/index.php?rest_route=\/wp\/v2\/product\/7989","targetHints":{"allow":["GET"]}}],"collection":[{"href":"https:\/\/elouedshop.com\/index.php?rest_route=\/wp\/v2\/product"}],"about":[{"href":"https:\/\/elouedshop.com\/index.php?rest_route=\/wp\/v2\/types\/product"}],"wp:featuredmedia":[{"embeddable":true,"href":"https:\/\/elouedshop.com\/index.php?rest_route=\/wp\/v2\/media\/7990"}],"wp:attachment":[{"href":"https:\/\/elouedshop.com\/index.php?rest_route=%2Fwp%2Fv2%2Fmedia&parent=7989"}],"wp:term":[{"taxonomy":"product_brand","embeddable":true,"href":"https:\/\/elouedshop.com\/index.php?rest_route=%2Fwp%2Fv2%2Fproduct_brand&post=7989"},{"taxonomy":"product_cat","embeddable":true,"href":"https:\/\/elouedshop.com\/index.php?rest_route=%2Fwp%2Fv2%2Fproduct_cat&post=7989"},{"taxonomy":"product_tag","embeddable":true,"href":"https:\/\/elouedshop.com\/index.php?rest_route=%2Fwp%2Fv2%2Fproduct_tag&post=7989"}],"curies":[{"name":"wp","href":"https:\/\/api.w.org\/{rel}","templated":true}]}}