{"id":7985,"date":"2024-01-15T22:03:11","date_gmt":"2024-01-15T22:03:11","guid":{"rendered":"https:\/\/elouedshop.com\/?post_type=product&#038;p=7985"},"modified":"2024-01-15T22:03:12","modified_gmt":"2024-01-15T22:03:12","slug":"guide-pratique-pour-la-gestion-des-defunts-musulmans","status":"publish","type":"product","link":"https:\/\/elouedshop.com\/?product=guide-pratique-pour-la-gestion-des-defunts-musulmans","title":{"rendered":"Guide pratique pour la gestion des d\u00e9funts musulmans"},"content":{"rendered":"","protected":false},"excerpt":{"rendered":"<p>Lorsque survient un d\u00e9c\u00e8s, un certain nombre de formalit\u00e9s et d\u00e9marches doivent \u00eatre effectu\u00e9es. LE PR\u00c9SENT GUIDE VOUS AIDERA \u00c0 LES ACCOMPLIR. Selon si vous vivez en France ou en Belgique, les d\u00e9marches sont diff\u00e9rentes.<\/p>\n<p>L\u2019id\u00e9e de ce guide a germ\u00e9 en moi il y a une quinzaine d\u2019ann\u00e9es lorsque j\u2019ai \u00e9t\u00e9 amen\u00e9 par la profession que j\u2019exer\u00e7ais \u00e0 c\u00f4toyer des familles musulmanes touch\u00e9es par la mort d\u2019un proche. \u00c0 chaque fois le m\u00eame constat revenait, personne (ou presque) ne connaissait les d\u00e9marches \u00e0 accomplir dans cette situation charg\u00e9e d\u2019\u00e9motion et de tristesse.<\/p>\n","protected":false},"featured_media":7986,"template":"","meta":[],"product_brand":[],"product_cat":[147,21,146],"product_tag":[],"class_list":{"0":"post-7985","1":"product","2":"type-product","3":"status-publish","4":"has-post-thumbnail","6":"product_cat-jurisprudence","7":"product_cat-livre","8":"product_cat-paradis-enfer-mort","9":"description-off","11":"first","12":"instock","13":"shipping-taxable","14":"purchasable","15":"product-type-simple"},"jetpack_sharing_enabled":true,"_links":{"self":[{"href":"https:\/\/elouedshop.com\/index.php?rest_route=\/wp\/v2\/product\/7985","targetHints":{"allow":["GET"]}}],"collection":[{"href":"https:\/\/elouedshop.com\/index.php?rest_route=\/wp\/v2\/product"}],"about":[{"href":"https:\/\/elouedshop.com\/index.php?rest_route=\/wp\/v2\/types\/product"}],"wp:featuredmedia":[{"embeddable":true,"href":"https:\/\/elouedshop.com\/index.php?rest_route=\/wp\/v2\/media\/7986"}],"wp:attachment":[{"href":"https:\/\/elouedshop.com\/index.php?rest_route=%2Fwp%2Fv2%2Fmedia&parent=7985"}],"wp:term":[{"taxonomy":"product_brand","embeddable":true,"href":"https:\/\/elouedshop.com\/index.php?rest_route=%2Fwp%2Fv2%2Fproduct_brand&post=7985"},{"taxonomy":"product_cat","embeddable":true,"href":"https:\/\/elouedshop.com\/index.php?rest_route=%2Fwp%2Fv2%2Fproduct_cat&post=7985"},{"taxonomy":"product_tag","embeddable":true,"href":"https:\/\/elouedshop.com\/index.php?rest_route=%2Fwp%2Fv2%2Fproduct_tag&post=7985"}],"curies":[{"name":"wp","href":"https:\/\/api.w.org\/{rel}","templated":true}]}}