{"id":7957,"date":"2024-01-15T20:03:12","date_gmt":"2024-01-15T20:03:12","guid":{"rendered":"https:\/\/elouedshop.com\/?post_type=product&#038;p=7957"},"modified":"2024-01-15T20:03:12","modified_gmt":"2024-01-15T20:03:12","slug":"dix-regles-dor-pour-purifier-son-ame","status":"publish","type":"product","link":"https:\/\/elouedshop.com\/?product=dix-regles-dor-pour-purifier-son-ame","title":{"rendered":"Dix r\u00e8gles d&rsquo;or pour purifier son \u00e2me"},"content":{"rendered":"","protected":false},"excerpt":{"rendered":"<p>Il incombe \u00e0 chaque musulman qui aspire au bien et au salut d\u2019accorder une attention toute particuli\u00e8re \u00e0 la purification de son \u00e2me et de s\u2019\u00e9vertuer, chaque jour de son existence, d\u2019atteindre ce noble but, afin d\u2019obtenir le bonheur v\u00e9ritable ici-bas et la f\u00e9licit\u00e9 \u00e9ternelle dans l\u2019au-del\u00e0<\/p>\n","protected":false},"featured_media":7958,"template":"","meta":[],"product_brand":[],"product_cat":[151,21,79],"product_tag":[],"class_list":{"0":"post-7957","1":"product","2":"type-product","3":"status-publish","4":"has-post-thumbnail","6":"product_cat-education-spiritualite","7":"product_cat-livre","8":"product_cat-spiritualite","9":"description-off","11":"first","12":"instock","13":"shipping-taxable","14":"purchasable","15":"product-type-simple"},"jetpack_sharing_enabled":true,"_links":{"self":[{"href":"https:\/\/elouedshop.com\/index.php?rest_route=\/wp\/v2\/product\/7957","targetHints":{"allow":["GET"]}}],"collection":[{"href":"https:\/\/elouedshop.com\/index.php?rest_route=\/wp\/v2\/product"}],"about":[{"href":"https:\/\/elouedshop.com\/index.php?rest_route=\/wp\/v2\/types\/product"}],"wp:featuredmedia":[{"embeddable":true,"href":"https:\/\/elouedshop.com\/index.php?rest_route=\/wp\/v2\/media\/7958"}],"wp:attachment":[{"href":"https:\/\/elouedshop.com\/index.php?rest_route=%2Fwp%2Fv2%2Fmedia&parent=7957"}],"wp:term":[{"taxonomy":"product_brand","embeddable":true,"href":"https:\/\/elouedshop.com\/index.php?rest_route=%2Fwp%2Fv2%2Fproduct_brand&post=7957"},{"taxonomy":"product_cat","embeddable":true,"href":"https:\/\/elouedshop.com\/index.php?rest_route=%2Fwp%2Fv2%2Fproduct_cat&post=7957"},{"taxonomy":"product_tag","embeddable":true,"href":"https:\/\/elouedshop.com\/index.php?rest_route=%2Fwp%2Fv2%2Fproduct_tag&post=7957"}],"curies":[{"name":"wp","href":"https:\/\/api.w.org\/{rel}","templated":true}]}}