{"id":7946,"date":"2024-01-15T19:39:01","date_gmt":"2024-01-15T19:39:01","guid":{"rendered":"https:\/\/elouedshop.com\/?post_type=product&#038;p=7946"},"modified":"2024-01-15T19:39:01","modified_gmt":"2024-01-15T19:39:01","slug":"la-generosite","status":"publish","type":"product","link":"https:\/\/elouedshop.com\/?product=la-generosite","title":{"rendered":"La g\u00e9n\u00e9rosit\u00e9"},"content":{"rendered":"","protected":false},"excerpt":{"rendered":"<p>La g\u00e9n\u00e9rosit\u00e9 est une qualit\u00e9 qui pousse le croyant \u00e0 sacrifier son int\u00e9r\u00eat personnel au profit des autres en vue de satisfaire son Seigneur.<\/p>\n","protected":false},"featured_media":7947,"template":"","meta":[],"product_brand":[],"product_cat":[44,21],"product_tag":[],"class_list":{"0":"post-7946","1":"product","2":"type-product","3":"status-publish","4":"has-post-thumbnail","6":"product_cat-ethique-education","7":"product_cat-livre","8":"description-off","10":"first","11":"instock","12":"shipping-taxable","13":"purchasable","14":"product-type-simple"},"jetpack_sharing_enabled":true,"_links":{"self":[{"href":"https:\/\/elouedshop.com\/index.php?rest_route=\/wp\/v2\/product\/7946","targetHints":{"allow":["GET"]}}],"collection":[{"href":"https:\/\/elouedshop.com\/index.php?rest_route=\/wp\/v2\/product"}],"about":[{"href":"https:\/\/elouedshop.com\/index.php?rest_route=\/wp\/v2\/types\/product"}],"wp:featuredmedia":[{"embeddable":true,"href":"https:\/\/elouedshop.com\/index.php?rest_route=\/wp\/v2\/media\/7947"}],"wp:attachment":[{"href":"https:\/\/elouedshop.com\/index.php?rest_route=%2Fwp%2Fv2%2Fmedia&parent=7946"}],"wp:term":[{"taxonomy":"product_brand","embeddable":true,"href":"https:\/\/elouedshop.com\/index.php?rest_route=%2Fwp%2Fv2%2Fproduct_brand&post=7946"},{"taxonomy":"product_cat","embeddable":true,"href":"https:\/\/elouedshop.com\/index.php?rest_route=%2Fwp%2Fv2%2Fproduct_cat&post=7946"},{"taxonomy":"product_tag","embeddable":true,"href":"https:\/\/elouedshop.com\/index.php?rest_route=%2Fwp%2Fv2%2Fproduct_tag&post=7946"}],"curies":[{"name":"wp","href":"https:\/\/api.w.org\/{rel}","templated":true}]}}