{"id":7816,"date":"2024-01-15T17:10:05","date_gmt":"2024-01-15T17:10:05","guid":{"rendered":"https:\/\/elouedshop.com\/?post_type=product&#038;p=7816"},"modified":"2024-01-15T17:10:06","modified_gmt":"2024-01-15T17:10:06","slug":"jeune-frere-jeune-soeur-comment-faire-face-au-desir-2","status":"publish","type":"product","link":"https:\/\/elouedshop.com\/?product=jeune-frere-jeune-soeur-comment-faire-face-au-desir-2","title":{"rendered":"Jeune fr\u00e8re, jeune s\u0153ur ! Comment faire face au d\u00e9sir ?"},"content":{"rendered":"","protected":false},"excerpt":{"rendered":"<p>Un ouvrage qui traite en toute franchise d\u2019un probl\u00e8me auquel les jeunes hommes et jeunes femmes font face : le d\u00e9sir. Il nous d\u00e9crit comment et pourquoi g\u00e9rer cet instinct naturel, selon une perspective islamique tenant compte de la nature de l&rsquo;homme et de la femme et de leurs pulsions<\/p>\n","protected":false},"featured_media":7817,"template":"","meta":[],"product_brand":[],"product_cat":[21,46],"product_tag":[],"class_list":{"0":"post-7816","1":"product","2":"type-product","3":"status-publish","4":"has-post-thumbnail","6":"product_cat-livre","7":"product_cat-mariage-couple","8":"description-off","10":"first","11":"instock","12":"shipping-taxable","13":"purchasable","14":"product-type-simple"},"jetpack_sharing_enabled":true,"_links":{"self":[{"href":"https:\/\/elouedshop.com\/index.php?rest_route=\/wp\/v2\/product\/7816","targetHints":{"allow":["GET"]}}],"collection":[{"href":"https:\/\/elouedshop.com\/index.php?rest_route=\/wp\/v2\/product"}],"about":[{"href":"https:\/\/elouedshop.com\/index.php?rest_route=\/wp\/v2\/types\/product"}],"wp:featuredmedia":[{"embeddable":true,"href":"https:\/\/elouedshop.com\/index.php?rest_route=\/wp\/v2\/media\/7817"}],"wp:attachment":[{"href":"https:\/\/elouedshop.com\/index.php?rest_route=%2Fwp%2Fv2%2Fmedia&parent=7816"}],"wp:term":[{"taxonomy":"product_brand","embeddable":true,"href":"https:\/\/elouedshop.com\/index.php?rest_route=%2Fwp%2Fv2%2Fproduct_brand&post=7816"},{"taxonomy":"product_cat","embeddable":true,"href":"https:\/\/elouedshop.com\/index.php?rest_route=%2Fwp%2Fv2%2Fproduct_cat&post=7816"},{"taxonomy":"product_tag","embeddable":true,"href":"https:\/\/elouedshop.com\/index.php?rest_route=%2Fwp%2Fv2%2Fproduct_tag&post=7816"}],"curies":[{"name":"wp","href":"https:\/\/api.w.org\/{rel}","templated":true}]}}