{"id":7813,"date":"2024-01-15T17:08:28","date_gmt":"2024-01-15T17:08:28","guid":{"rendered":"https:\/\/elouedshop.com\/?post_type=product&#038;p=7813"},"modified":"2024-01-15T17:08:28","modified_gmt":"2024-01-15T17:08:28","slug":"la-fatiha-guide-pour-lhumanite","status":"publish","type":"product","link":"https:\/\/elouedshop.com\/?product=la-fatiha-guide-pour-lhumanite","title":{"rendered":"La F\u00e2tiha guide pour l&rsquo;Humanit\u00e9"},"content":{"rendered":"","protected":false},"excerpt":{"rendered":"<p>L\u2019une des mani\u00e8res de remercier Allah U pour cette gr\u00e2ce infinie qu\u2019est la r\u00e9v\u00e9lation de la sublime sourate al-F\u00e2tiha est de la r\u00e9citer correctement, d\u2019en saisir les significations et d\u2019en appliquer les pr\u00e9ceptes qui incitent le croyant \u00e0 la vertu et \u00e0 suivre le droit chemin.<\/p>\n<p>Le croyant doit donc m\u00e9moriser cette sourate et prononcer correctement ses lettres, en comprendre les significations et se conformer \u00e0 ses enseignements l\u2019incitant \u00e0 suivre fid\u00e8lement le droit chemin qui le m\u00e8nera vers le bonheur ici-bas et la f\u00e9licit\u00e9 dans l\u2019au-del\u00e0.<\/p>\n","protected":false},"featured_media":7815,"template":"","meta":[],"product_brand":[],"product_cat":[22,21,196],"product_tag":[],"class_list":{"0":"post-7813","1":"product","2":"type-product","3":"status-publish","4":"has-post-thumbnail","6":"product_cat-coran","7":"product_cat-livre","8":"product_cat-science-du-coran","9":"description-off","11":"first","12":"instock","13":"shipping-taxable","14":"purchasable","15":"product-type-simple"},"jetpack_sharing_enabled":true,"_links":{"self":[{"href":"https:\/\/elouedshop.com\/index.php?rest_route=\/wp\/v2\/product\/7813","targetHints":{"allow":["GET"]}}],"collection":[{"href":"https:\/\/elouedshop.com\/index.php?rest_route=\/wp\/v2\/product"}],"about":[{"href":"https:\/\/elouedshop.com\/index.php?rest_route=\/wp\/v2\/types\/product"}],"wp:featuredmedia":[{"embeddable":true,"href":"https:\/\/elouedshop.com\/index.php?rest_route=\/wp\/v2\/media\/7815"}],"wp:attachment":[{"href":"https:\/\/elouedshop.com\/index.php?rest_route=%2Fwp%2Fv2%2Fmedia&parent=7813"}],"wp:term":[{"taxonomy":"product_brand","embeddable":true,"href":"https:\/\/elouedshop.com\/index.php?rest_route=%2Fwp%2Fv2%2Fproduct_brand&post=7813"},{"taxonomy":"product_cat","embeddable":true,"href":"https:\/\/elouedshop.com\/index.php?rest_route=%2Fwp%2Fv2%2Fproduct_cat&post=7813"},{"taxonomy":"product_tag","embeddable":true,"href":"https:\/\/elouedshop.com\/index.php?rest_route=%2Fwp%2Fv2%2Fproduct_tag&post=7813"}],"curies":[{"name":"wp","href":"https:\/\/api.w.org\/{rel}","templated":true}]}}